{"id":9291,"date":"2024-11-27T09:43:21","date_gmt":"2024-11-27T09:43:21","guid":{"rendered":"https:\/\/sagardigroup.com\/?page_id=9291"},"modified":"2025-01-30T11:38:16","modified_gmt":"2025-01-30T11:38:16","slug":"politica-de-cookies","status":"publish","type":"page","link":"https:\/\/sagardigroup.com\/ca\/politica-de-cookies\/","title":{"rendered":"Pol\u00edtica de Cookies"},"content":{"rendered":"\t\t<div data-elementor-type=\"wp-page\" data-elementor-id=\"9291\" class=\"elementor elementor-9291 elementor-8706\" data-elementor-post-type=\"page\">\n\t\t\t\t<div class=\"elementor-element elementor-element-e2313bf e-flex e-con-boxed e-con e-parent\" data-id=\"e2313bf\" data-element_type=\"container\" data-settings=\"{&quot;jet_parallax_layout_list&quot;:[]}\">\n\t\t\t\t\t<div class=\"e-con-inner\">\n\t\t\t\t<div class=\"elementor-element elementor-element-ac2d810 elementor-widget elementor-widget-heading\" data-id=\"ac2d810\" data-element_type=\"widget\" data-widget_type=\"heading.default\">\n\t\t\t\t<div class=\"elementor-widget-container\">\n\t\t\t\t\t<h1 class=\"elementor-heading-title elementor-size-default\">Pol\u00edtica de Cookies<\/h1>\t\t\t\t<\/div>\n\t\t\t\t<\/div>\n\t\t\t\t<div class=\"elementor-element elementor-element-2b9e5c7 elementor-widget elementor-widget-text-editor\" data-id=\"2b9e5c7\" data-element_type=\"widget\" data-widget_type=\"text-editor.default\">\n\t\t\t\t<div class=\"elementor-widget-container\">\n\t\t\t\t\t\t\t\t\t<h1>INFORMACI\u00d3 SOBRE LES COOKIES<\/h1><p>D&#8217;acord amb la <strong>Llei 34\/2002, d&#8217;11 de juliol<\/strong>, de serveis de la societat de la informaci\u00f3 i de comer\u00e7 electr\u00f2nic (<strong>LSSI<\/strong>), en relaci\u00f3 amb el <strong>Reglament (UE) 2016\/679<\/strong> del Parlament Europeu i del Consell, de 27 d&#8217;abril de 2016, <strong>General de Protecci\u00f3 de Dades (GDPR)<\/strong> i la <strong>Llei Org\u00e0nica 3\/2018<\/strong>, de 5 de desembre, de <strong>Protecci\u00f3 de Dades i Garantia dels Drets Digitals (LOPDGDD)<\/strong>, \u00e9s obligatori obtenir el consentiment expr\u00e9s de l&#8217;usuari de totes les p\u00e0gines web que utilitzen cookies prescindibles abans que aquest hi navegui.<\/p><h2><strong>QU\u00c8 S\u00d3N LES COOKIES?<\/strong><\/h2><p>Les <strong>cookies<\/strong> i altres tecnologies similars, com els <strong>local shared objects<\/strong>, les <strong>flash cookies<\/strong> o els <strong>p\u00edxels<\/strong>, s\u00f3n eines utilitzades pels servidors web per a <strong>emmagatzemar i recuperar informaci\u00f3<\/strong> sobre els seus visitants, aix\u00ed com per garantir el correcte funcionament del lloc web.<\/p><p>Mitjan\u00e7ant l&#8217;\u00fas d&#8217;aquests dispositius, el servidor web pot recordar algunes dades de l&#8217;usuari, com ara les seves <strong>prefer\u00e8ncies de visualitzaci\u00f3<\/strong>, el <strong>nom d&#8217;usuari i la contrasenya<\/strong>, els <strong>productes que m\u00e9s li interessen<\/strong>, etc.<\/p><h2>\u00a0<\/h2><h2><strong>COOKIES AFECTADES PER LA NORMATIVA I COOKIES EXCEPTUADES<\/strong><\/h2><p>Segons la directiva de la UE, les cookies que <strong>requereixen el consentiment informat<\/strong> de l&#8217;usuari s\u00f3n:<\/p><ul><li><strong>Cookies d\u2019an\u00e0lisi<\/strong><\/li><li><strong>Cookies publicit\u00e0ries i d\u2019afiliaci\u00f3<\/strong><\/li><\/ul><p>Queden <strong>exemptes<\/strong> d\u2019aquest consentiment les cookies <strong>t\u00e8cniques i les necess\u00e0ries<\/strong> per al correcte funcionament del lloc web o per a la prestaci\u00f3 de serveis expressament sol\u00b7licitats per l&#8217;usuari.<\/p><h2>\u00a0<\/h2><h2><strong>TIPUS DE COOKIES<\/strong><\/h2><h3><strong>Segons la finalitat<\/strong><\/h3><ul><li><strong>Cookies t\u00e8cniques i funcionals<\/strong>: permeten la navegaci\u00f3 per una p\u00e0gina web, plataforma o aplicaci\u00f3 i l&#8217;\u00fas de les diferents opcions o serveis disponibles.<\/li><li><strong>Cookies anal\u00edtiques<\/strong>: permeten el seguiment i an\u00e0lisi del comportament dels usuaris a les p\u00e0gines web a les quals estan vinculades. La informaci\u00f3 recopilada s\u2019utilitza per mesurar l&#8217;activitat del lloc web i elaborar perfils de navegaci\u00f3 per introduir millores basades en l\u2019an\u00e0lisi de les dades d\u2019\u00fas.<\/li><li><strong>Cookies publicit\u00e0ries<\/strong>: permeten gestionar, de la manera m\u00e9s efica\u00e7 possible, els espais publicitaris que l&#8217;editor hagi incl\u00f2s en una p\u00e0gina web, aplicaci\u00f3 o plataforma, segons criteris com el contingut editat o la freq\u00fc\u00e8ncia amb qu\u00e8 es mostren els anuncis.<\/li><li><strong>Cookies de publicitat comportamental<\/strong>: recullen informaci\u00f3 sobre les <strong>prefer\u00e8ncies i eleccions personals de l&#8217;usuari<\/strong> (<strong>retargeting<\/strong>) per gestionar els espais publicitaris de manera m\u00e9s efica\u00e7.<\/li><li><strong>Cookies socials<\/strong>: s\u00f3n establertes per les plataformes de xarxes socials per permetre compartir contingut amb contactes i xarxes. Aquestes plataformes poden rastrejar l&#8217;activitat de l&#8217;usuari fora dels serveis, cosa que pot afectar el contingut i els missatges mostrats en altres serveis visitats.<\/li><li><strong>Cookies d\u2019afiliaci\u00f3<\/strong>: permeten fer un seguiment de les visites procedents d\u2019altres webs amb les quals el lloc web ha establert un contracte d\u2019afiliaci\u00f3.<\/li><li><strong>Cookies de seguretat<\/strong>: emmagatzemen informaci\u00f3 encriptada per evitar que les dades siguin vulnerables a atacs maliciosos de tercers.<\/li><\/ul><h3><strong>Segons la propietat<\/strong><\/h3><ul><li><strong>Cookies pr\u00f2pies<\/strong>: s\u2019envien a l\u2019equip de l\u2019usuari des d\u2019un domini gestionat per l\u2019editor i des del qual es presta el servei sol\u00b7licitat.<\/li><li><strong>Cookies de tercers<\/strong>: s\u2019envien a l\u2019equip de l\u2019usuari des d\u2019un domini gestionat per una entitat diferent de l\u2019editor, que tracta les dades recollides a trav\u00e9s de les cookies.<\/li><\/ul><h3><strong>Segons el termini de conservaci\u00f3<\/strong><\/h3><ul><li><strong>Cookies de sessi\u00f3<\/strong>: recullen i emmagatzemen dades mentre l\u2019usuari accedeix a una p\u00e0gina web.<\/li><li><strong>Cookies persistents<\/strong>: les dades romanen emmagatzemades en el terminal i poden ser accedides i tractades durant un per\u00edode definit pel responsable de la cookie (des de minuts fins a diversos anys).<\/li><\/ul><h2>\u00a0<\/h2><h2><strong>TRACTAMENT DE DADES PERSONALS<\/strong><\/h2><p><strong>LURRA ITSASOA, SL<\/strong> \u00e9s la <strong>Responsable del tractament<\/strong> de les dades personals de l&#8217;Interessat i informa que aquestes dades seran tractades segons el que disposa el <strong>Reglament (UE) 2016\/679, de 27 d\u2019abril de 2016 (GDPR)<\/strong>. A continuaci\u00f3, es detalla la informaci\u00f3 sobre el tractament:<\/p><ul><li><strong>Finalitat del tractament<\/strong>: segons l\u2019especificat a l\u2019apartat de cookies utilitzades en aquest lloc web.<\/li><li><strong>Legitimaci\u00f3 del tractament<\/strong>: excepte en els casos en qu\u00e8 sigui necessari per a la navegaci\u00f3 web, pel consentiment de l\u2019Interessat (<strong>art. 6.1 GDPR<\/strong>).<\/li><li><strong>Criteris de conservaci\u00f3 de les dades<\/strong>: segons l\u2019especificat a l\u2019apartat de cookies utilitzades en aquest lloc web.<\/li><li><strong>Comunicaci\u00f3 de dades<\/strong>: no es comunicaran a tercers, excepte en cookies de propietat de tercers o per obligaci\u00f3 legal.<\/li><\/ul><h3>\u00a0<\/h3><h3><strong>Drets de l\u2019Interessat<\/strong><\/h3><ul><li>Dret a retirar el consentiment en qualsevol moment.<\/li><li>Dret d\u2019acc\u00e9s, rectificaci\u00f3, portabilitat i supressi\u00f3 de les seves dades, aix\u00ed com a la limitaci\u00f3 o oposici\u00f3 al seu tractament.<\/li><li>Dret a presentar una reclamaci\u00f3 davant l\u2019<strong>Autoritat de Control<\/strong> (<strong>www.aepd.es<\/strong>) si considera que el tractament no s\u2019ajusta a la normativa vigent.<\/li><\/ul><p><strong>Dades de contacte per exercir els seus drets<\/strong>:<\/p><p><strong>LURRA ITSASOA, SL<\/strong><br \/>Murcia, 51 \u2013 08830 Sant Boi de Llobregat (Barcelona)<br \/>E-mail: <strong><a rel=\"noopener\">rgpd@sagardi.com<\/a><\/strong><\/p><h2>\u00a0<\/h2><h2><strong>COOKIES UTILITZADES EN AQUEST LLOC WEB<\/strong><\/h2><p>Els serveis de tercers estan fora del control de l\u2019editor. Els prove\u00efdors poden modificar les seves condicions de servei, finalitat i \u00fas de cookies en qualsevol moment.<\/p><p><strong>Des d\u2019aquest panell podr\u00e0s configurar les cookies que el lloc web pot instal\u00b7lar en el teu navegador, excepte les t\u00e8cniques o funcionals necess\u00e0ries per a la navegaci\u00f3.<\/strong><\/p><h2>\u00a0<\/h2><h2><strong>COM GESTIONAR LES COOKIES DES DEL NAVEGADOR<\/strong><\/h2><h3><strong>Eliminar cookies del dispositiu<\/strong><\/h3><p>Es poden eliminar esborrant l\u2019historial del navegador, eliminant les cookies de tots els llocs web visitats. Aix\u00f2 pot fer que es perdin dades desades, com ara inici de sessi\u00f3 o prefer\u00e8ncies.<\/p><h3><strong>Gestionar cookies espec\u00edfiques del lloc<\/strong><\/h3><p>Els usuaris poden configurar les opcions de privacitat i cookies des del seu navegador per gestionar les cookies de cada lloc.<\/p><h3><strong>Bloquejar les cookies<\/strong><\/h3><p>La majoria de navegadors es poden configurar per evitar la instal\u00b7laci\u00f3 de cookies, per\u00f2 aix\u00f2 pot requerir ajustar manualment determinades prefer\u00e8ncies cada vegada que es visiti un lloc i pot afectar el funcionament d&#8217;alguns serveis.<\/p><h2>\u00a0<\/h2><h2><strong>COM ELIMINAR LES COOKIES DELS NAVEGADORS M\u00c9S HABITUALS<\/strong><\/h2><table border=\"1\"><tbody><tr><th>Navegador<\/th><th>Enlla\u00e7 de Suport<\/th><\/tr><tr><td>Chrome<\/td><td><a href=\"http:\/\/support.google.com\/chrome\/answer\/95647?hl=es\">Soporte Chrome<\/a><\/td><\/tr><tr><td>Edge<\/td><td><a href=\"https:\/\/support.microsoft.com\/es-es\/microsoft-edge\/eliminar-las-cookies-en-microsoft-edge-63947406-40ac-c3b8-57b9-2a946a29ae09\">Soporte Edge<\/a><\/td><\/tr><tr><td>Explorer<\/td><td><a href=\"https:\/\/support.microsoft.com\/es-es\/help\/278835\/how-to-delete-cookie-files-in-internet-explorer\">Soporte Explorer<\/a><\/td><\/tr><tr><td>Firefox<\/td><td><a href=\"https:\/\/www.mozilla.org\/es-ES\/privacy\/websites\/#cookies\">Soporte Firefox<\/a><\/td><\/tr><tr><td>Safari<\/td><td><a href=\"https:\/\/support.apple.com\/es-es\/guide\/safari\/sfri11471\/mac\">Soporte Safari<\/a><\/td><\/tr><tr><td>Opera<\/td><td><a href=\"https:\/\/help.opera.com\/en\/latest\/security-and-privacy\/#clearBrowsingData\">Soporte Opera<\/a><\/td><\/tr><\/tbody><\/table>\t\t\t\t\t\t\t\t<\/div>\n\t\t\t\t<\/div>\n\t\t\t\t\t<\/div>\n\t\t\t\t<\/div>\n\t\t\t\t<\/div>\n\t\t","protected":false},"excerpt":{"rendered":"<p>Pol\u00edtica de Cookies INFORMACI\u00d3 SOBRE LES COOKIES D&#8217;acord amb la Llei 34\/2002, d&#8217;11 de juliol, de serveis de la societat de la informaci\u00f3 i de comer\u00e7 electr\u00f2nic (LSSI), en relaci\u00f3 amb el Reglament (UE) 2016\/679 del Parlament Europeu i del Consell, de 27 d&#8217;abril de 2016, General de Protecci\u00f3 de Dades (GDPR) i la Llei [&hellip;]<\/p>\n","protected":false},"author":3,"featured_media":0,"parent":0,"menu_order":0,"comment_status":"closed","ping_status":"closed","template":"elementor_header_footer","meta":{"footnotes":""},"class_list":["post-9291","page","type-page","status-publish","hentry"],"yoast_head":"<!-- This site is optimized with the Yoast SEO plugin v25.6 - https:\/\/yoast.com\/wordpress\/plugins\/seo\/ -->\n<title>Pol\u00edtica de Cookies - Sagardi Group<\/title>\n<meta name=\"robots\" content=\"index, follow, max-snippet:-1, max-image-preview:large, max-video-preview:-1\" \/>\n<link rel=\"canonical\" href=\"https:\/\/sagardigroup.com\/ca\/politica-de-cookies\/\" \/>\n<meta property=\"og:locale\" content=\"ca_ES\" \/>\n<meta property=\"og:type\" content=\"article\" \/>\n<meta property=\"og:title\" content=\"Pol\u00edtica de Cookies - Sagardi Group\" \/>\n<meta property=\"og:description\" content=\"Pol\u00edtica de Cookies INFORMACI\u00d3 SOBRE LES COOKIES D&#8217;acord amb la Llei 34\/2002, d&#8217;11 de juliol, de serveis de la societat de la informaci\u00f3 i de comer\u00e7 electr\u00f2nic (LSSI), en relaci\u00f3 amb el Reglament (UE) 2016\/679 del Parlament Europeu i del Consell, de 27 d&#8217;abril de 2016, General de Protecci\u00f3 de Dades (GDPR) i la Llei [&hellip;]\" \/>\n<meta property=\"og:url\" content=\"https:\/\/sagardigroup.com\/ca\/politica-de-cookies\/\" \/>\n<meta property=\"og:site_name\" content=\"Sagardi Group\" \/>\n<meta property=\"article:modified_time\" content=\"2025-01-30T11:38:16+00:00\" \/>\n<meta property=\"og:image\" content=\"https:\/\/sagardigroup.com\/wp-content\/uploads\/2023\/07\/careers.jpg\" \/>\n\t<meta property=\"og:image:width\" content=\"1920\" \/>\n\t<meta property=\"og:image:height\" content=\"1080\" \/>\n\t<meta property=\"og:image:type\" content=\"image\/jpeg\" \/>\n<meta name=\"twitter:card\" content=\"summary_large_image\" \/>\n<meta name=\"twitter:site\" content=\"@gruposagardi\" \/>\n<meta name=\"twitter:label1\" content=\"Temps estimat de lectura\" \/>\n\t<meta name=\"twitter:data1\" content=\"5 minuts\" \/>\n<script type=\"application\/ld+json\" class=\"yoast-schema-graph\">{\"@context\":\"https:\/\/schema.org\",\"@graph\":[{\"@type\":\"WebPage\",\"@id\":\"https:\/\/sagardigroup.com\/ca\/politica-de-cookies\/\",\"url\":\"https:\/\/sagardigroup.com\/ca\/politica-de-cookies\/\",\"name\":\"Pol\u00edtica de Cookies - Sagardi Group\",\"isPartOf\":{\"@id\":\"https:\/\/sagardigroup.com\/es\/#website\"},\"datePublished\":\"2024-11-27T09:43:21+00:00\",\"dateModified\":\"2025-01-30T11:38:16+00:00\",\"breadcrumb\":{\"@id\":\"https:\/\/sagardigroup.com\/ca\/politica-de-cookies\/#breadcrumb\"},\"inLanguage\":\"ca\",\"potentialAction\":[{\"@type\":\"ReadAction\",\"target\":[\"https:\/\/sagardigroup.com\/ca\/politica-de-cookies\/\"]}]},{\"@type\":\"BreadcrumbList\",\"@id\":\"https:\/\/sagardigroup.com\/ca\/politica-de-cookies\/#breadcrumb\",\"itemListElement\":[{\"@type\":\"ListItem\",\"position\":1,\"name\":\"Home\",\"item\":\"https:\/\/sagardigroup.com\/pt-pt\/\"},{\"@type\":\"ListItem\",\"position\":2,\"name\":\"Pol\u00edtica de Cookies\"}]},{\"@type\":\"WebSite\",\"@id\":\"https:\/\/sagardigroup.com\/es\/#website\",\"url\":\"https:\/\/sagardigroup.com\/es\/\",\"name\":\"Sagardi Group | 30 a\u00f1os de pasi\u00f3n por la gastronom\u00eda\",\"description\":\"Sagardi Group\",\"publisher\":{\"@id\":\"https:\/\/sagardigroup.com\/es\/#organization\"},\"potentialAction\":[{\"@type\":\"SearchAction\",\"target\":{\"@type\":\"EntryPoint\",\"urlTemplate\":\"https:\/\/sagardigroup.com\/es\/?s={search_term_string}\"},\"query-input\":{\"@type\":\"PropertyValueSpecification\",\"valueRequired\":true,\"valueName\":\"search_term_string\"}}],\"inLanguage\":\"ca\"},{\"@type\":\"Organization\",\"@id\":\"https:\/\/sagardigroup.com\/es\/#organization\",\"name\":\"Sagardi Group\",\"url\":\"https:\/\/sagardigroup.com\/es\/\",\"logo\":{\"@type\":\"ImageObject\",\"inLanguage\":\"ca\",\"@id\":\"https:\/\/sagardigroup.com\/es\/#\/schema\/logo\/image\/\",\"url\":\"https:\/\/sagardigroup.com\/wp-content\/uploads\/2023\/07\/sagardi-bcf.png\",\"contentUrl\":\"https:\/\/sagardigroup.com\/wp-content\/uploads\/2023\/07\/sagardi-bcf.png\",\"width\":250,\"height\":75,\"caption\":\"Sagardi Group\"},\"image\":{\"@id\":\"https:\/\/sagardigroup.com\/es\/#\/schema\/logo\/image\/\"},\"sameAs\":[\"https:\/\/x.com\/gruposagardi\",\"https:\/\/www.instagram.com\/sagardigroup\/?hl=es\",\"https:\/\/www.youtube.com\/@grupsagardi\"]}]}<\/script>\n<!-- \/ Yoast SEO plugin. -->","yoast_head_json":{"title":"Pol\u00edtica de Cookies - Sagardi Group","robots":{"index":"index","follow":"follow","max-snippet":"max-snippet:-1","max-image-preview":"max-image-preview:large","max-video-preview":"max-video-preview:-1"},"canonical":"https:\/\/sagardigroup.com\/ca\/politica-de-cookies\/","og_locale":"ca_ES","og_type":"article","og_title":"Pol\u00edtica de Cookies - Sagardi Group","og_description":"Pol\u00edtica de Cookies INFORMACI\u00d3 SOBRE LES COOKIES D&#8217;acord amb la Llei 34\/2002, d&#8217;11 de juliol, de serveis de la societat de la informaci\u00f3 i de comer\u00e7 electr\u00f2nic (LSSI), en relaci\u00f3 amb el Reglament (UE) 2016\/679 del Parlament Europeu i del Consell, de 27 d&#8217;abril de 2016, General de Protecci\u00f3 de Dades (GDPR) i la Llei [&hellip;]","og_url":"https:\/\/sagardigroup.com\/ca\/politica-de-cookies\/","og_site_name":"Sagardi Group","article_modified_time":"2025-01-30T11:38:16+00:00","og_image":[{"width":1920,"height":1080,"url":"https:\/\/sagardigroup.com\/wp-content\/uploads\/2023\/07\/careers.jpg","type":"image\/jpeg"}],"twitter_card":"summary_large_image","twitter_site":"@gruposagardi","twitter_misc":{"Temps estimat de lectura":"5 minuts"},"schema":{"@context":"https:\/\/schema.org","@graph":[{"@type":"WebPage","@id":"https:\/\/sagardigroup.com\/ca\/politica-de-cookies\/","url":"https:\/\/sagardigroup.com\/ca\/politica-de-cookies\/","name":"Pol\u00edtica de Cookies - Sagardi Group","isPartOf":{"@id":"https:\/\/sagardigroup.com\/es\/#website"},"datePublished":"2024-11-27T09:43:21+00:00","dateModified":"2025-01-30T11:38:16+00:00","breadcrumb":{"@id":"https:\/\/sagardigroup.com\/ca\/politica-de-cookies\/#breadcrumb"},"inLanguage":"ca","potentialAction":[{"@type":"ReadAction","target":["https:\/\/sagardigroup.com\/ca\/politica-de-cookies\/"]}]},{"@type":"BreadcrumbList","@id":"https:\/\/sagardigroup.com\/ca\/politica-de-cookies\/#breadcrumb","itemListElement":[{"@type":"ListItem","position":1,"name":"Home","item":"https:\/\/sagardigroup.com\/pt-pt\/"},{"@type":"ListItem","position":2,"name":"Pol\u00edtica de Cookies"}]},{"@type":"WebSite","@id":"https:\/\/sagardigroup.com\/es\/#website","url":"https:\/\/sagardigroup.com\/es\/","name":"Sagardi Group | 30 a\u00f1os de pasi\u00f3n por la gastronom\u00eda","description":"Sagardi Group","publisher":{"@id":"https:\/\/sagardigroup.com\/es\/#organization"},"potentialAction":[{"@type":"SearchAction","target":{"@type":"EntryPoint","urlTemplate":"https:\/\/sagardigroup.com\/es\/?s={search_term_string}"},"query-input":{"@type":"PropertyValueSpecification","valueRequired":true,"valueName":"search_term_string"}}],"inLanguage":"ca"},{"@type":"Organization","@id":"https:\/\/sagardigroup.com\/es\/#organization","name":"Sagardi Group","url":"https:\/\/sagardigroup.com\/es\/","logo":{"@type":"ImageObject","inLanguage":"ca","@id":"https:\/\/sagardigroup.com\/es\/#\/schema\/logo\/image\/","url":"https:\/\/sagardigroup.com\/wp-content\/uploads\/2023\/07\/sagardi-bcf.png","contentUrl":"https:\/\/sagardigroup.com\/wp-content\/uploads\/2023\/07\/sagardi-bcf.png","width":250,"height":75,"caption":"Sagardi Group"},"image":{"@id":"https:\/\/sagardigroup.com\/es\/#\/schema\/logo\/image\/"},"sameAs":["https:\/\/x.com\/gruposagardi","https:\/\/www.instagram.com\/sagardigroup\/?hl=es","https:\/\/www.youtube.com\/@grupsagardi"]}]}},"_links":{"self":[{"href":"https:\/\/sagardigroup.com\/ca\/wp-json\/wp\/v2\/pages\/9291","targetHints":{"allow":["GET"]}}],"collection":[{"href":"https:\/\/sagardigroup.com\/ca\/wp-json\/wp\/v2\/pages"}],"about":[{"href":"https:\/\/sagardigroup.com\/ca\/wp-json\/wp\/v2\/types\/page"}],"author":[{"embeddable":true,"href":"https:\/\/sagardigroup.com\/ca\/wp-json\/wp\/v2\/users\/3"}],"replies":[{"embeddable":true,"href":"https:\/\/sagardigroup.com\/ca\/wp-json\/wp\/v2\/comments?post=9291"}],"version-history":[{"count":10,"href":"https:\/\/sagardigroup.com\/ca\/wp-json\/wp\/v2\/pages\/9291\/revisions"}],"predecessor-version":[{"id":12969,"href":"https:\/\/sagardigroup.com\/ca\/wp-json\/wp\/v2\/pages\/9291\/revisions\/12969"}],"wp:attachment":[{"href":"https:\/\/sagardigroup.com\/ca\/wp-json\/wp\/v2\/media?parent=9291"}],"curies":[{"name":"wp","href":"https:\/\/api.w.org\/{rel}","templated":true}]}}