{"id":9292,"date":"2024-11-27T11:15:53","date_gmt":"2024-11-27T11:15:53","guid":{"rendered":"https:\/\/sagardigroup.com\/?page_id=9292"},"modified":"2025-01-30T10:20:56","modified_gmt":"2025-01-30T10:20:56","slug":"politica-de-privacitat","status":"publish","type":"page","link":"https:\/\/sagardigroup.com\/ca\/politica-de-privacitat\/","title":{"rendered":"Pol\u00edtica de Privacitat"},"content":{"rendered":"\t\t<div data-elementor-type=\"wp-page\" data-elementor-id=\"9292\" class=\"elementor elementor-9292 elementor-8718\" data-elementor-post-type=\"page\">\n\t\t\t\t<div class=\"elementor-element elementor-element-e2313bf e-flex e-con-boxed e-con e-parent\" data-id=\"e2313bf\" data-element_type=\"container\" data-settings=\"{&quot;jet_parallax_layout_list&quot;:[]}\">\n\t\t\t\t\t<div class=\"e-con-inner\">\n\t\t\t\t<div class=\"elementor-element elementor-element-ac2d810 elementor-widget elementor-widget-heading\" data-id=\"ac2d810\" data-element_type=\"widget\" data-widget_type=\"heading.default\">\n\t\t\t\t<div class=\"elementor-widget-container\">\n\t\t\t\t\t<h1 class=\"elementor-heading-title elementor-size-default\">Pol\u00edtica de Privacitat<\/h1>\t\t\t\t<\/div>\n\t\t\t\t<\/div>\n\t\t\t\t<div class=\"elementor-element elementor-element-2b9e5c7 elementor-widget elementor-widget-text-editor\" data-id=\"2b9e5c7\" data-element_type=\"widget\" data-widget_type=\"text-editor.default\">\n\t\t\t\t<div class=\"elementor-widget-container\">\n\t\t\t\t\t\t\t\t\t<h1>1. INFORMACI\u00d3 A L\u2019USUARI<\/h1><h3>Qui \u00e9s el responsable del tractament de les teves dades personals?<\/h3><p>LURRA ITSASOA, SL \u00e9s el RESPONSABLE del tractament de les dades personals de l\u2019USUARI i li informa que aquestes dades seran tractades de conformitat amb el que disposa el <strong>Reglament (UE) 2016\/679, de 27 d\u2019abril (GDPR), i la Llei Org\u00e0nica 3\/2018, de 5 de desembre (LOPDGDD)<\/strong>.<\/p><h3>Per a qu\u00e8 tractem les teves dades personals?<\/h3><p>Per a mantenir una <strong>relaci\u00f3 comercial<\/strong> amb l\u2019usuari. Les operacions previstes per a realitzar el tractament s\u00f3n:<\/p><ul><li>Enviament de <strong>comunicacions comercials publicit\u00e0ries<\/strong> per correu electr\u00f2nic, fax, SMS, MMS, xarxes socials o qualsevol altre mitj\u00e0 electr\u00f2nic o f\u00edsic, present o futur, que permeti la realitzaci\u00f3 de comunicacions comercials. Aquestes comunicacions seran realitzades pel RESPONSABLE i estaran relacionades amb els seus productes i serveis, o amb els dels seus col\u00b7laboradors o prove\u00efdors amb els quals hagi arribat a algun acord de promoci\u00f3. En cap cas, els tercers tindran acc\u00e9s a les dades personals.<\/li><li>Realitzaci\u00f3 d\u2019<strong>estudis de mercat i an\u00e0lisis estad\u00edstiques<\/strong>.<\/li><li>Tramitaci\u00f3 de comandes, sol\u00b7licituds, resposta a consultes o qualsevol tipus de petici\u00f3 feta per l\u2019USUARI a trav\u00e9s de qualsevol dels mitjans de contacte disponibles a la p\u00e0gina web del RESPONSABLE.<\/li><li>Enviament del <strong>butllet\u00ed informatiu en l\u00ednia<\/strong>, amb novetats, ofertes i promocions sobre la nostra activitat.<\/li><\/ul><h3>Per quin motiu podem tractar les teves dades personals?<\/h3><p>Perqu\u00e8 el tractament est\u00e0 legitimat per l\u2019<strong>article 6 del GDPR<\/strong> de la manera seg\u00fcent:<\/p><ul><li><strong>Amb el consentiment de l\u2019USUARI<\/strong>: enviament de comunicacions comercials i del butllet\u00ed informatiu.<\/li><li><strong>Per inter\u00e8s leg\u00edtim del RESPONSABLE<\/strong>: realitzaci\u00f3 d\u2019estudis de mercat, an\u00e0lisis estad\u00edstiques, tramitaci\u00f3 de comandes, sol\u00b7licituds, etc., a petici\u00f3 de l\u2019USUARI.<\/li><\/ul><h3>Durant quant de temps guardarem les teves dades personals?<\/h3><p>Es conservaran durant <strong>el temps necessari<\/strong> per a mantenir la finalitat del tractament o mentre existeixin obligacions legals que dictaminin la seva cust\u00f2dia. Quan ja no siguin necess\u00e0ries, es <strong>suprimiran amb mesures de seguretat adequades<\/strong> per garantir l\u2019anonimitzaci\u00f3 de les dades o la seva destrucci\u00f3 total.<\/p><h3>A qui facilitem les teves dades personals?<\/h3><p>Es comunicaran a <strong>altres empreses del Grup Sagardi<\/strong> i a <strong>tercers<\/strong>, si fos necessari per al desenvolupament i execuci\u00f3 de les finalitats del tractament, aix\u00ed com als <strong>nostres prove\u00efdors de serveis relacionats amb comunicacions<\/strong>. En tots els casos, el RESPONSABLE t\u00e9 subscrits els <strong>contractes de confidencialitat i d\u2019encarregat del tractament<\/strong> exigits per la normativa vigent de protecci\u00f3 de dades.<\/p><h3>Quins s\u00f3n els teus drets?<\/h3><p>Els drets que assisteixen l\u2019USUARI s\u00f3n:<\/p><ul><li><strong>Dret a retirar el consentiment<\/strong> en qualsevol moment.<\/li><li><strong>Dret d\u2019acc\u00e9s, rectificaci\u00f3, portabilitat i supressi\u00f3 de les seves dades, aix\u00ed com dret a la limitaci\u00f3 o oposici\u00f3 al seu tractament<\/strong>.<\/li><li><strong>Dret a presentar una reclamaci\u00f3<\/strong> davant l\u2019<strong>autoritat de control<\/strong> (<strong>www.aepd.es<\/strong>) si considera que el tractament no s\u2019ajusta a la normativa vigent.<\/li><\/ul><h3>Dades de contacte per a exercir els teus drets:<\/h3><p><strong>LURRA ITSASOA, SL<\/strong><br \/>Murcia, 51 \u2013 08830 Sant Boi de Llobregat (Barcelona)<br \/><strong>E-mail:<\/strong> <a rel=\"noopener\">rgpd@sagardi.com<\/a><\/p><h1>\u00a0<\/h1><h1>2. CAR\u00c0CTER OBLIGATORI O FACULTATIU DE LA INFORMACI\u00d3 FACILITADA PER L\u2019USUARI<\/h1><p>Els USUARIS, mitjan\u00e7ant la selecci\u00f3 de les caselles corresponents i la introducci\u00f3 de dades en els camps marcats amb un <strong>asterisc (*)<\/strong> en el formulari de contacte o en formularis de desc\u00e0rrega, <strong>accepten de manera expressa, lliure i inequ\u00edvoca que les seves dades s\u00f3n necess\u00e0ries<\/strong> per atendre la seva petici\u00f3 per part del prestador, sent volunt\u00e0ria la inclusi\u00f3 de dades en els camps restants.<\/p><p>L\u2019USUARI garanteix que les dades personals facilitades al RESPONSABLE <strong>s\u00f3n ver\u00eddiques<\/strong> i es fa responsable de comunicar qualsevol modificaci\u00f3 de les mateixes.<\/p><p>El RESPONSABLE informa que <strong>totes les dades sol\u00b7licitades a trav\u00e9s del lloc web s\u00f3n obligat\u00f2ries<\/strong>, ja que s\u00f3n necess\u00e0ries per a oferir un servei \u00f2ptim a l\u2019USUARI. En cas que no es facilitin totes les dades, <strong>no es garanteix que la informaci\u00f3 i els serveis proporcionats s\u2019ajustin completament a les seves necessitats<\/strong>.<\/p><h1>\u00a0<\/h1><h1>3. MESURES DE SEGURETAT<\/h1><p>D\u2019acord amb el que estableixen les <strong>normatives vigents en protecci\u00f3 de dades personals<\/strong>, el RESPONSABLE est\u00e0 complint <strong>totes les disposicions<\/strong> del GDPR i la LOPDGDD en el tractament de les dades personals sota la seva responsabilitat.<\/p><p>A m\u00e9s, manifesta el seu comprom\u00eds amb els <strong>principis establerts en l\u2019article 5 del GDPR<\/strong>, segons els quals les dades es tracten de manera:<\/p><ul><li><strong>L\u00edcita, lleial i transparent<\/strong> en relaci\u00f3 amb l\u2019interessat.<\/li><li><strong>Adequada, pertinent i limitada<\/strong> al necessari en relaci\u00f3 amb les finalitats per a les quals s\u00f3n tractades.<\/li><\/ul><p>\u00a0<\/p><p>El RESPONSABLE garanteix que ha implementat <strong>pol\u00edtiques t\u00e8cniques i organitzatives apropiades<\/strong> per aplicar les <strong>mesures de seguretat<\/strong> establertes pel GDPR i la LOPDGDD, amb l\u2019objectiu de protegir els <strong>drets i llibertats<\/strong> dels USUARIS. Aix\u00ed mateix, ha comunicat la informaci\u00f3 necess\u00e0ria perqu\u00e8 puguin exercir-los.<\/p><p>Per a m\u00e9s informaci\u00f3 sobre les garanties de privacitat, pots contactar amb el RESPONSABLE a trav\u00e9s de:<\/p><p><strong>LURRA ITSASOA, SL<\/strong><br \/>Murcia, 51 \u2013 08830 Sant Boi de Llobregat (Barcelona)<br \/><strong>E-mail:<\/strong> <a rel=\"noopener\">rgpd@sagardi.com<\/a><\/p>\t\t\t\t\t\t\t\t<\/div>\n\t\t\t\t<\/div>\n\t\t\t\t\t<\/div>\n\t\t\t\t<\/div>\n\t\t\t\t<\/div>\n\t\t","protected":false},"excerpt":{"rendered":"<p>Pol\u00edtica de Privacitat 1. INFORMACI\u00d3 A L\u2019USUARI Qui \u00e9s el responsable del tractament de les teves dades personals? LURRA ITSASOA, SL \u00e9s el RESPONSABLE del tractament de les dades personals de l\u2019USUARI i li informa que aquestes dades seran tractades de conformitat amb el que disposa el Reglament (UE) 2016\/679, de 27 d\u2019abril (GDPR), i [&hellip;]<\/p>\n","protected":false},"author":3,"featured_media":0,"parent":0,"menu_order":0,"comment_status":"closed","ping_status":"closed","template":"elementor_header_footer","meta":{"footnotes":""},"class_list":["post-9292","page","type-page","status-publish","hentry"],"yoast_head":"<!-- This site is optimized with the Yoast SEO plugin v25.6 - https:\/\/yoast.com\/wordpress\/plugins\/seo\/ -->\n<title>Pol\u00edtica de Privacitat - Sagardi Group<\/title>\n<meta name=\"robots\" content=\"index, follow, max-snippet:-1, max-image-preview:large, max-video-preview:-1\" \/>\n<link rel=\"canonical\" href=\"https:\/\/sagardigroup.com\/ca\/politica-de-privacitat\/\" \/>\n<meta property=\"og:locale\" content=\"ca_ES\" \/>\n<meta property=\"og:type\" content=\"article\" \/>\n<meta property=\"og:title\" content=\"Pol\u00edtica de Privacitat - Sagardi Group\" \/>\n<meta property=\"og:description\" content=\"Pol\u00edtica de Privacitat 1. INFORMACI\u00d3 A L\u2019USUARI Qui \u00e9s el responsable del tractament de les teves dades personals? LURRA ITSASOA, SL \u00e9s el RESPONSABLE del tractament de les dades personals de l\u2019USUARI i li informa que aquestes dades seran tractades de conformitat amb el que disposa el Reglament (UE) 2016\/679, de 27 d\u2019abril (GDPR), i [&hellip;]\" \/>\n<meta property=\"og:url\" content=\"https:\/\/sagardigroup.com\/ca\/politica-de-privacitat\/\" \/>\n<meta property=\"og:site_name\" content=\"Sagardi Group\" \/>\n<meta property=\"article:modified_time\" content=\"2025-01-30T10:20:56+00:00\" \/>\n<meta property=\"og:image\" content=\"https:\/\/sagardigroup.com\/wp-content\/uploads\/2023\/07\/careers.jpg\" \/>\n\t<meta property=\"og:image:width\" content=\"1920\" \/>\n\t<meta property=\"og:image:height\" content=\"1080\" \/>\n\t<meta property=\"og:image:type\" content=\"image\/jpeg\" \/>\n<meta name=\"twitter:card\" content=\"summary_large_image\" \/>\n<meta name=\"twitter:site\" content=\"@gruposagardi\" \/>\n<meta name=\"twitter:label1\" content=\"Temps estimat de lectura\" \/>\n\t<meta name=\"twitter:data1\" content=\"4 minuts\" \/>\n<script type=\"application\/ld+json\" class=\"yoast-schema-graph\">{\"@context\":\"https:\/\/schema.org\",\"@graph\":[{\"@type\":\"WebPage\",\"@id\":\"https:\/\/sagardigroup.com\/ca\/politica-de-privacitat\/\",\"url\":\"https:\/\/sagardigroup.com\/ca\/politica-de-privacitat\/\",\"name\":\"Pol\u00edtica de Privacitat - Sagardi Group\",\"isPartOf\":{\"@id\":\"https:\/\/sagardigroup.com\/es\/#website\"},\"datePublished\":\"2024-11-27T11:15:53+00:00\",\"dateModified\":\"2025-01-30T10:20:56+00:00\",\"breadcrumb\":{\"@id\":\"https:\/\/sagardigroup.com\/ca\/politica-de-privacitat\/#breadcrumb\"},\"inLanguage\":\"ca\",\"potentialAction\":[{\"@type\":\"ReadAction\",\"target\":[\"https:\/\/sagardigroup.com\/ca\/politica-de-privacitat\/\"]}]},{\"@type\":\"BreadcrumbList\",\"@id\":\"https:\/\/sagardigroup.com\/ca\/politica-de-privacitat\/#breadcrumb\",\"itemListElement\":[{\"@type\":\"ListItem\",\"position\":1,\"name\":\"Home\",\"item\":\"https:\/\/sagardigroup.com\/pt-pt\/\"},{\"@type\":\"ListItem\",\"position\":2,\"name\":\"Pol\u00edtica de Privacitat\"}]},{\"@type\":\"WebSite\",\"@id\":\"https:\/\/sagardigroup.com\/es\/#website\",\"url\":\"https:\/\/sagardigroup.com\/es\/\",\"name\":\"Sagardi Group | 30 a\u00f1os de pasi\u00f3n por la gastronom\u00eda\",\"description\":\"Sagardi Group\",\"publisher\":{\"@id\":\"https:\/\/sagardigroup.com\/es\/#organization\"},\"potentialAction\":[{\"@type\":\"SearchAction\",\"target\":{\"@type\":\"EntryPoint\",\"urlTemplate\":\"https:\/\/sagardigroup.com\/es\/?s={search_term_string}\"},\"query-input\":{\"@type\":\"PropertyValueSpecification\",\"valueRequired\":true,\"valueName\":\"search_term_string\"}}],\"inLanguage\":\"ca\"},{\"@type\":\"Organization\",\"@id\":\"https:\/\/sagardigroup.com\/es\/#organization\",\"name\":\"Sagardi Group\",\"url\":\"https:\/\/sagardigroup.com\/es\/\",\"logo\":{\"@type\":\"ImageObject\",\"inLanguage\":\"ca\",\"@id\":\"https:\/\/sagardigroup.com\/es\/#\/schema\/logo\/image\/\",\"url\":\"https:\/\/sagardigroup.com\/wp-content\/uploads\/2023\/07\/sagardi-bcf.png\",\"contentUrl\":\"https:\/\/sagardigroup.com\/wp-content\/uploads\/2023\/07\/sagardi-bcf.png\",\"width\":250,\"height\":75,\"caption\":\"Sagardi Group\"},\"image\":{\"@id\":\"https:\/\/sagardigroup.com\/es\/#\/schema\/logo\/image\/\"},\"sameAs\":[\"https:\/\/x.com\/gruposagardi\",\"https:\/\/www.instagram.com\/sagardigroup\/?hl=es\",\"https:\/\/www.youtube.com\/@grupsagardi\"]}]}<\/script>\n<!-- \/ Yoast SEO plugin. -->","yoast_head_json":{"title":"Pol\u00edtica de Privacitat - Sagardi Group","robots":{"index":"index","follow":"follow","max-snippet":"max-snippet:-1","max-image-preview":"max-image-preview:large","max-video-preview":"max-video-preview:-1"},"canonical":"https:\/\/sagardigroup.com\/ca\/politica-de-privacitat\/","og_locale":"ca_ES","og_type":"article","og_title":"Pol\u00edtica de Privacitat - Sagardi Group","og_description":"Pol\u00edtica de Privacitat 1. INFORMACI\u00d3 A L\u2019USUARI Qui \u00e9s el responsable del tractament de les teves dades personals? LURRA ITSASOA, SL \u00e9s el RESPONSABLE del tractament de les dades personals de l\u2019USUARI i li informa que aquestes dades seran tractades de conformitat amb el que disposa el Reglament (UE) 2016\/679, de 27 d\u2019abril (GDPR), i [&hellip;]","og_url":"https:\/\/sagardigroup.com\/ca\/politica-de-privacitat\/","og_site_name":"Sagardi Group","article_modified_time":"2025-01-30T10:20:56+00:00","og_image":[{"width":1920,"height":1080,"url":"https:\/\/sagardigroup.com\/wp-content\/uploads\/2023\/07\/careers.jpg","type":"image\/jpeg"}],"twitter_card":"summary_large_image","twitter_site":"@gruposagardi","twitter_misc":{"Temps estimat de lectura":"4 minuts"},"schema":{"@context":"https:\/\/schema.org","@graph":[{"@type":"WebPage","@id":"https:\/\/sagardigroup.com\/ca\/politica-de-privacitat\/","url":"https:\/\/sagardigroup.com\/ca\/politica-de-privacitat\/","name":"Pol\u00edtica de Privacitat - Sagardi Group","isPartOf":{"@id":"https:\/\/sagardigroup.com\/es\/#website"},"datePublished":"2024-11-27T11:15:53+00:00","dateModified":"2025-01-30T10:20:56+00:00","breadcrumb":{"@id":"https:\/\/sagardigroup.com\/ca\/politica-de-privacitat\/#breadcrumb"},"inLanguage":"ca","potentialAction":[{"@type":"ReadAction","target":["https:\/\/sagardigroup.com\/ca\/politica-de-privacitat\/"]}]},{"@type":"BreadcrumbList","@id":"https:\/\/sagardigroup.com\/ca\/politica-de-privacitat\/#breadcrumb","itemListElement":[{"@type":"ListItem","position":1,"name":"Home","item":"https:\/\/sagardigroup.com\/pt-pt\/"},{"@type":"ListItem","position":2,"name":"Pol\u00edtica de Privacitat"}]},{"@type":"WebSite","@id":"https:\/\/sagardigroup.com\/es\/#website","url":"https:\/\/sagardigroup.com\/es\/","name":"Sagardi Group | 30 a\u00f1os de pasi\u00f3n por la gastronom\u00eda","description":"Sagardi Group","publisher":{"@id":"https:\/\/sagardigroup.com\/es\/#organization"},"potentialAction":[{"@type":"SearchAction","target":{"@type":"EntryPoint","urlTemplate":"https:\/\/sagardigroup.com\/es\/?s={search_term_string}"},"query-input":{"@type":"PropertyValueSpecification","valueRequired":true,"valueName":"search_term_string"}}],"inLanguage":"ca"},{"@type":"Organization","@id":"https:\/\/sagardigroup.com\/es\/#organization","name":"Sagardi Group","url":"https:\/\/sagardigroup.com\/es\/","logo":{"@type":"ImageObject","inLanguage":"ca","@id":"https:\/\/sagardigroup.com\/es\/#\/schema\/logo\/image\/","url":"https:\/\/sagardigroup.com\/wp-content\/uploads\/2023\/07\/sagardi-bcf.png","contentUrl":"https:\/\/sagardigroup.com\/wp-content\/uploads\/2023\/07\/sagardi-bcf.png","width":250,"height":75,"caption":"Sagardi Group"},"image":{"@id":"https:\/\/sagardigroup.com\/es\/#\/schema\/logo\/image\/"},"sameAs":["https:\/\/x.com\/gruposagardi","https:\/\/www.instagram.com\/sagardigroup\/?hl=es","https:\/\/www.youtube.com\/@grupsagardi"]}]}},"_links":{"self":[{"href":"https:\/\/sagardigroup.com\/ca\/wp-json\/wp\/v2\/pages\/9292","targetHints":{"allow":["GET"]}}],"collection":[{"href":"https:\/\/sagardigroup.com\/ca\/wp-json\/wp\/v2\/pages"}],"about":[{"href":"https:\/\/sagardigroup.com\/ca\/wp-json\/wp\/v2\/types\/page"}],"author":[{"embeddable":true,"href":"https:\/\/sagardigroup.com\/ca\/wp-json\/wp\/v2\/users\/3"}],"replies":[{"embeddable":true,"href":"https:\/\/sagardigroup.com\/ca\/wp-json\/wp\/v2\/comments?post=9292"}],"version-history":[{"count":10,"href":"https:\/\/sagardigroup.com\/ca\/wp-json\/wp\/v2\/pages\/9292\/revisions"}],"predecessor-version":[{"id":12932,"href":"https:\/\/sagardigroup.com\/ca\/wp-json\/wp\/v2\/pages\/9292\/revisions\/12932"}],"wp:attachment":[{"href":"https:\/\/sagardigroup.com\/ca\/wp-json\/wp\/v2\/media?parent=9292"}],"curies":[{"name":"wp","href":"https:\/\/api.w.org\/{rel}","templated":true}]}}