{"id":9300,"date":"2024-12-02T13:18:37","date_gmt":"2024-12-02T13:18:37","guid":{"rendered":"https:\/\/sagardigroup.com\/?page_id=9300"},"modified":"2025-11-11T16:08:55","modified_gmt":"2025-11-11T16:08:55","slug":"reserva-taula","status":"publish","type":"page","link":"https:\/\/sagardigroup.com\/ca\/reserva-taula\/","title":{"rendered":"Reserva taula"},"content":{"rendered":"\t\t<div data-elementor-type=\"wp-page\" data-elementor-id=\"9300\" class=\"elementor elementor-9300 elementor-8831\" data-elementor-post-type=\"page\">\n\t\t\t\t<div class=\"elementor-element elementor-element-cedb8d0 e-con-full e-flex e-con e-parent\" data-id=\"cedb8d0\" data-element_type=\"container\" data-settings=\"{&quot;jet_parallax_layout_list&quot;:[]}\">\n\t\t\t\t<div class=\"elementor-element elementor-element-ebfdd4d elementor-invisible elementor-widget elementor-widget-heading\" data-id=\"ebfdd4d\" data-element_type=\"widget\" data-settings=\"{&quot;_animation&quot;:&quot;fadeInUp&quot;,&quot;_animation_delay&quot;:250}\" data-widget_type=\"heading.default\">\n\t\t\t\t<div class=\"elementor-widget-container\">\n\t\t\t\t\t<h2 class=\"elementor-heading-title elementor-size-default\">Reserva la teva taula i assaboreix el millor de la nostra gastronomia<\/h2>\t\t\t\t<\/div>\n\t\t\t\t<\/div>\n\t\t\t\t<div class=\"elementor-element elementor-element-107cf0f elementor-invisible elementor-widget elementor-widget-heading\" data-id=\"107cf0f\" data-element_type=\"widget\" data-settings=\"{&quot;_animation&quot;:&quot;fadeInUp&quot;,&quot;_animation_delay&quot;:500}\" data-widget_type=\"heading.default\">\n\t\t\t\t<div class=\"elementor-widget-container\">\n\t\t\t\t\t<h2 class=\"elementor-heading-title elementor-size-default\">Tria ciutat<\/h2>\t\t\t\t<\/div>\n\t\t\t\t<\/div>\n\t\t\t\t<div class=\"elementor-element elementor-element-75182dc elementor-invisible elementor-widget elementor-widget-jet-carousel\" data-id=\"75182dc\" data-element_type=\"widget\" data-settings=\"{&quot;slides_to_show&quot;:&quot;6&quot;,&quot;slides_to_show_tablet&quot;:&quot;4&quot;,&quot;slides_to_show_mobile&quot;:&quot;2&quot;,&quot;_animation&quot;:&quot;fadeInUp&quot;,&quot;_animation_delay&quot;:750,&quot;slides_to_scroll&quot;:&quot;1&quot;}\" data-widget_type=\"jet-carousel.default\">\n\t\t\t\t<div class=\"elementor-widget-container\">\n\t\t\t\t\t<div class=\"elementor-jet-carousel jet-elements\"><div class=\"jet-carousel-wrap\">\n\t<div class=\"jet-carousel\" data-slider_options=\"{&quot;autoplaySpeed&quot;:3000,&quot;autoplay&quot;:true,&quot;infinite&quot;:true,&quot;centerMode&quot;:false,&quot;centerPadding&quot;:&quot;50px&quot;,&quot;pauseOnHover&quot;:false,&quot;speed&quot;:500,&quot;arrows&quot;:true,&quot;dots&quot;:false,&quot;variableWidth&quot;:false,&quot;prevArrow&quot;:&quot;.jet-carousel__prev-arrow-75182dc&quot;,&quot;nextArrow&quot;:&quot;.jet-carousel__next-arrow-75182dc&quot;,&quot;rtl&quot;:false,&quot;fractionNav&quot;:false}\" dir=\"ltr\">\n\t<div class=\"elementor-slick-slider\">\n\n<div class=\"jet-carousel__item\">\n\t<div class=\"jet-carousel__item-inner\"><a href=\"#elementor-action%3Aaction%3Dpopup%3Aopen%26settings%3DeyJpZCI6OTUwNiwidG9nZ2xlIjpmYWxzZX0%3D\" class=\"jet-carousel__item-link\" ><img decoding=\"async\" src=\"https:\/\/sagardigroup.com\/wp-content\/uploads\/2023\/12\/bcn.png\" class=\"jet-carousel__item-img\" alt=\"bcn\" loading=\"lazy\"><\/a><div class=\"jet-carousel__content\"><h5 class=\"jet-carousel__item-title\">BARCELONA<\/h5><\/div><\/div>\n<\/div>\n\n<div class=\"jet-carousel__item\">\n\t<div class=\"jet-carousel__item-inner\"><a href=\"#elementor-action%3Aaction%3Dpopup%3Aopen%26settings%3DeyJpZCI6OTUxMCwidG9nZ2xlIjpmYWxzZX0%3D\" class=\"jet-carousel__item-link\" target=\"_blank\" ><img decoding=\"async\" src=\"https:\/\/sagardigroup.com\/wp-content\/uploads\/2023\/12\/mad.png\" class=\"jet-carousel__item-img\" alt=\"mad\" loading=\"lazy\"><\/a><div class=\"jet-carousel__content\"><h5 class=\"jet-carousel__item-title\">MADRID<\/h5><\/div><\/div>\n<\/div>\n\n<div class=\"jet-carousel__item\">\n\t<div class=\"jet-carousel__item-inner\"><a href=\"#elementor-action%3Aaction%3Dpopup%3Aopen%26settings%3DeyJpZCI6OTUyMywidG9nZ2xlIjpmYWxzZX0%3D\" class=\"jet-carousel__item-link\" target=\"_blank\" ><img decoding=\"async\" src=\"https:\/\/sagardigroup.com\/wp-content\/uploads\/2023\/12\/vlc.png\" class=\"jet-carousel__item-img\" alt=\"vlc\" loading=\"lazy\"><\/a><div class=\"jet-carousel__content\"><h5 class=\"jet-carousel__item-title\">VALENCIA<\/h5><\/div><\/div>\n<\/div>\n\n<div class=\"jet-carousel__item\">\n\t<div class=\"jet-carousel__item-inner\"><a href=\"#elementor-action%3Aaction%3Dpopup%3Aopen%26settings%3DeyJpZCI6OTUxMSwidG9nZ2xlIjpmYWxzZX0%3D\" class=\"jet-carousel__item-link\" target=\"_blank\" ><img decoding=\"async\" src=\"https:\/\/sagardigroup.com\/wp-content\/uploads\/2023\/12\/ams.png\" class=\"jet-carousel__item-img\" alt=\"ams\" loading=\"lazy\"><\/a><div class=\"jet-carousel__content\"><h5 class=\"jet-carousel__item-title\">AMSTERDAM<\/h5><\/div><\/div>\n<\/div>\n\n<div class=\"jet-carousel__item\">\n\t<div class=\"jet-carousel__item-inner\"><a href=\"#elementor-action%3Aaction%3Dpopup%3Aopen%26settings%3DeyJpZCI6OTUxMiwidG9nZ2xlIjpmYWxzZX0%3D\" class=\"jet-carousel__item-link\" ><img decoding=\"async\" src=\"https:\/\/sagardigroup.com\/wp-content\/uploads\/2023\/12\/pt.png\" class=\"jet-carousel__item-img\" alt=\"pt\" loading=\"lazy\"><\/a><div class=\"jet-carousel__content\"><h5 class=\"jet-carousel__item-title\">OPORTO<\/h5><\/div><\/div>\n<\/div>\n\n<div class=\"jet-carousel__item\">\n\t<div class=\"jet-carousel__item-inner\"><a href=\"#elementor-action%3Aaction%3Dpopup%3Aopen%26settings%3DeyJpZCI6OTUyMiwidG9nZ2xlIjpmYWxzZX0%3D\" class=\"jet-carousel__item-link\" target=\"_blank\" ><img decoding=\"async\" src=\"https:\/\/sagardigroup.com\/wp-content\/uploads\/2023\/12\/ar.png\" class=\"jet-carousel__item-img\" alt=\"ar\" loading=\"lazy\"><\/a><div class=\"jet-carousel__content\"><h5 class=\"jet-carousel__item-title\">BUENOS AIRES<\/h5><\/div><\/div>\n<\/div>\n\n<div class=\"jet-carousel__item\">\n\t<div class=\"jet-carousel__item-inner\"><a href=\"https:\/\/sagardi.co.uk\/reservas.html\" class=\"jet-carousel__item-link\" target=\"_blank\" ><img decoding=\"async\" src=\"https:\/\/sagardigroup.com\/wp-content\/uploads\/2023\/12\/ldn.png\" class=\"jet-carousel__item-img\" alt=\"ldn\" loading=\"lazy\"><\/a><div class=\"jet-carousel__content\"><h5 class=\"jet-carousel__item-title\">LONDRES<\/h5><\/div><\/div>\n<\/div>\n<\/div><div class=\"jet-carousel__prev-arrow-75182dc jet-arrow prev-arrow\"><svg aria-hidden=\"true\" class=\"e-font-icon-svg e-fas-angle-left\" viewBox=\"0 0 256 512\" xmlns=\"http:\/\/www.w3.org\/2000\/svg\"><path d=\"M31.7 239l136-136c9.4-9.4 24.6-9.4 33.9 0l22.6 22.6c9.4 9.4 9.4 24.6 0 33.9L127.9 256l96.4 96.4c9.4 9.4 9.4 24.6 0 33.9L201.7 409c-9.4 9.4-24.6 9.4-33.9 0l-136-136c-9.5-9.4-9.5-24.6-.1-34z\"><\/path><\/svg><\/div><div class=\"jet-carousel__next-arrow-75182dc jet-arrow next-arrow\"><svg aria-hidden=\"true\" class=\"e-font-icon-svg e-fas-angle-right\" viewBox=\"0 0 256 512\" xmlns=\"http:\/\/www.w3.org\/2000\/svg\"><path d=\"M224.3 273l-136 136c-9.4 9.4-24.6 9.4-33.9 0l-22.6-22.6c-9.4-9.4-9.4-24.6 0-33.9l96.4-96.4-96.4-96.4c-9.4-9.4-9.4-24.6 0-33.9L54.3 103c9.4-9.4 24.6-9.4 33.9 0l136 136c9.5 9.4 9.5 24.6.1 34z\"><\/path><\/svg><\/div><\/div>\n<\/div>\n<\/div>\t\t\t\t<\/div>\n\t\t\t\t<\/div>\n\t\t\t\t<\/div>\n\t\t<div class=\"elementor-element elementor-element-a120e15 e-con-full e-flex e-con e-parent\" data-id=\"a120e15\" data-element_type=\"container\" data-settings=\"{&quot;jet_parallax_layout_list&quot;:[]}\">\n\t\t\t\t<div class=\"elementor-element elementor-element-daf3221 elementor-invisible elementor-widget elementor-widget-heading\" data-id=\"daf3221\" data-element_type=\"widget\" data-settings=\"{&quot;_animation&quot;:&quot;fadeInUp&quot;,&quot;_animation_delay&quot;:500}\" data-widget_type=\"heading.default\">\n\t\t\t\t<div class=\"elementor-widget-container\">\n\t\t\t\t\t<h2 class=\"elementor-heading-title elementor-size-default\">O tria el teu restaurant<\/h2>\t\t\t\t<\/div>\n\t\t\t\t<\/div>\n\t\t<div class=\"elementor-element elementor-element-45b6327 e-con-full e-flex e-con e-child\" data-id=\"45b6327\" data-element_type=\"container\" data-settings=\"{&quot;jet_parallax_layout_list&quot;:[]}\">\n\t\t<div class=\"elementor-element elementor-element-22eec37 e-grid e-con-full e-con e-child\" data-id=\"22eec37\" data-element_type=\"container\" data-settings=\"{&quot;jet_parallax_layout_list&quot;:[],&quot;background_background&quot;:&quot;classic&quot;}\">\n\t\t<a class=\"elementor-element elementor-element-4ff4a25 e-con-full e-flex e-con e-child\" data-id=\"4ff4a25\" data-element_type=\"container\" data-settings=\"{&quot;background_background&quot;:&quot;classic&quot;,&quot;jet_parallax_layout_list&quot;:[]}\" href=\"#elementor-action%3Aaction%3Dpopup%3Aopen%26settings%3DeyJpZCI6IjExMTY4IiwidG9nZ2xlIjpmYWxzZX0%3D\" target=\"_blank\">\n\t\t\t\t<\/a>\n\t\t<a class=\"elementor-element elementor-element-27f1929 e-con-full e-flex e-con e-child\" data-id=\"27f1929\" data-element_type=\"container\" data-settings=\"{&quot;background_background&quot;:&quot;classic&quot;,&quot;jet_parallax_layout_list&quot;:[]}\" href=\"#elementor-action%3Aaction%3Dpopup%3Aopen%26settings%3DeyJpZCI6IjExMTg2IiwidG9nZ2xlIjpmYWxzZX0%3D\" target=\"_blank\">\n\t\t\t\t<\/a>\n\t\t<a class=\"elementor-element elementor-element-3101e0b e-con-full e-flex e-con e-child\" data-id=\"3101e0b\" data-element_type=\"container\" data-settings=\"{&quot;background_background&quot;:&quot;classic&quot;,&quot;jet_parallax_layout_list&quot;:[]}\" href=\"https:\/\/iratitavernabasca.com\/ca\/reservar\/\" target=\"_blank\">\n\t\t\t\t<\/a>\n\t\t<a class=\"elementor-element elementor-element-6e28f0f e-con-full e-flex e-con e-child\" data-id=\"6e28f0f\" data-element_type=\"container\" data-settings=\"{&quot;background_background&quot;:&quot;classic&quot;,&quot;jet_parallax_layout_list&quot;:[]}\" href=\"#elementor-action%3Aaction%3Dpopup%3Aopen%26settings%3DeyJpZCI6IjExMjI4IiwidG9nZ2xlIjpmYWxzZX0%3D\" target=\"_blank\">\n\t\t\t\t<\/a>\n\t\t<a class=\"elementor-element elementor-element-cc313f2 e-con-full e-flex e-con e-child\" data-id=\"cc313f2\" data-element_type=\"container\" data-settings=\"{&quot;background_background&quot;:&quot;classic&quot;,&quot;jet_parallax_layout_list&quot;:[]}\" href=\"https:\/\/1881persagardi.com\/ca\/reservas-2\/\" target=\"_blank\">\n\t\t\t\t<\/a>\n\t\t<a class=\"elementor-element elementor-element-8859ca5 e-con-full e-flex e-con e-child\" data-id=\"8859ca5\" data-element_type=\"container\" data-settings=\"{&quot;background_background&quot;:&quot;classic&quot;,&quot;jet_parallax_layout_list&quot;:[]}\" href=\"https:\/\/euskaletxeataberna.com\/cat\/reservas.html\" target=\"_blank\">\n\t\t\t\t<\/a>\n\t\t<a class=\"elementor-element elementor-element-e1c4a34 e-con-full e-flex e-con e-child\" data-id=\"e1c4a34\" data-element_type=\"container\" data-settings=\"{&quot;background_background&quot;:&quot;classic&quot;,&quot;jet_parallax_layout_list&quot;:[]}\" href=\"https:\/\/golfodebizkaia.com\/cat\/reservas.html\" target=\"_blank\">\n\t\t\t\t<\/a>\n\t\t<a class=\"elementor-element elementor-element-c0f3135 e-con-full e-flex e-con e-child\" data-id=\"c0f3135\" data-element_type=\"container\" data-settings=\"{&quot;background_background&quot;:&quot;classic&quot;,&quot;jet_parallax_layout_list&quot;:[]}\" href=\"#elementor-action%3Aaction%3Dpopup%3Aopen%26settings%3DeyJpZCI6IjExMjEwIiwidG9nZ2xlIjpmYWxzZX0%3D\" target=\"_blank\">\n\t\t\t\t<\/a>\n\t\t<a class=\"elementor-element elementor-element-4a1454d e-con-full elementor-hidden-desktop elementor-hidden-tablet elementor-hidden-mobile e-flex e-con e-child\" data-id=\"4a1454d\" data-element_type=\"container\" data-settings=\"{&quot;background_background&quot;:&quot;classic&quot;,&quot;jet_parallax_layout_list&quot;:[]}\" href=\"https:\/\/porkboigpertu.com\/reservas-pork\/\" target=\"_blank\">\n\t\t\t\t<\/a>\n\t\t<a class=\"elementor-element elementor-element-69548bc e-con-full e-flex e-con e-child\" data-id=\"69548bc\" data-element_type=\"container\" data-settings=\"{&quot;background_background&quot;:&quot;classic&quot;,&quot;jet_parallax_layout_list&quot;:[]}\" href=\"https:\/\/bodegavidriosycristales.com\/ca\/reservas\/\" target=\"_blank\">\n\t\t\t\t<\/a>\n\t\t<a class=\"elementor-element elementor-element-0b85c85 e-con-full e-flex e-con e-child\" data-id=\"0b85c85\" data-element_type=\"container\" data-settings=\"{&quot;background_background&quot;:&quot;classic&quot;,&quot;jet_parallax_layout_list&quot;:[]}\" href=\"https:\/\/ikoyaizakaya.com\/cat\/reserva.html\" target=\"_blank\">\n\t\t\t\t<\/a>\n\t\t<a class=\"elementor-element elementor-element-e3017b0 e-con-full e-flex e-con e-child\" data-id=\"e3017b0\" data-element_type=\"container\" data-settings=\"{&quot;background_background&quot;:&quot;classic&quot;,&quot;jet_parallax_layout_list&quot;:[]}\" href=\"https:\/\/restaurante.covermanager.com\/sagas-pagesos-i-cuiners-reserves-2\/\" target=\"_blank\">\n\t\t\t\t<\/a>\n\t\t<a class=\"elementor-element elementor-element-5f066d6 e-con-full e-flex e-con e-child\" data-id=\"5f066d6\" data-element_type=\"container\" data-settings=\"{&quot;background_background&quot;:&quot;classic&quot;,&quot;jet_parallax_layout_list&quot;:[]}\" href=\"https:\/\/restaurantkresala.com\/reserva\/\" target=\"_blank\">\n\t\t\t\t<\/a>\n\t\t<a class=\"elementor-element elementor-element-92c7b85 e-con-full e-flex e-con e-child\" data-id=\"92c7b85\" data-element_type=\"container\" data-settings=\"{&quot;background_background&quot;:&quot;classic&quot;,&quot;jet_parallax_layout_list&quot;:[]}\" href=\"https:\/\/vinumatgrahams.com\/\" target=\"_blank\">\n\t\t\t\t<\/a>\n\t\t<a class=\"elementor-element elementor-element-b85bd58 e-con-full e-flex e-con e-child\" data-id=\"b85bd58\" data-element_type=\"container\" data-settings=\"{&quot;background_background&quot;:&quot;classic&quot;,&quot;jet_parallax_layout_list&quot;:[]}\" href=\"https:\/\/berriasagardi.com.ar\/reserva\/%20\" target=\"_blank\">\n\t\t\t\t<\/a>\n\t\t\t\t<\/div>\n\t\t\t\t<\/div>\n\t\t\t\t<\/div>\n\t\t\t\t<\/div>\n\t\t","protected":false},"excerpt":{"rendered":"<p>Reserva la teva taula i assaboreix el millor de la nostra gastronomia Tria ciutat BARCELONA MADRID VALENCIA AMSTERDAM OPORTO BUENOS AIRES LONDRES O tria el teu restaurant<\/p>\n","protected":false},"author":3,"featured_media":0,"parent":0,"menu_order":0,"comment_status":"closed","ping_status":"closed","template":"elementor_header_footer","meta":{"footnotes":""},"class_list":["post-9300","page","type-page","status-publish","hentry"],"yoast_head":"<!-- This site is optimized with the Yoast SEO plugin v25.6 - https:\/\/yoast.com\/wordpress\/plugins\/seo\/ -->\n<title>Reserva taula - Sagardi Group<\/title>\n<meta name=\"robots\" content=\"index, follow, max-snippet:-1, max-image-preview:large, max-video-preview:-1\" \/>\n<link rel=\"canonical\" href=\"https:\/\/sagardigroup.com\/pt-pt\/reserva-uma-mesa\/\" \/>\n<meta property=\"og:locale\" content=\"ca_ES\" \/>\n<meta property=\"og:type\" content=\"article\" \/>\n<meta property=\"og:title\" content=\"Reserva taula - Sagardi Group\" \/>\n<meta property=\"og:description\" content=\"Reserva la teva taula i assaboreix el millor de la nostra gastronomia Tria ciutat BARCELONA MADRID VALENCIA AMSTERDAM OPORTO BUENOS AIRES LONDRES O tria el teu restaurant\" \/>\n<meta property=\"og:url\" content=\"https:\/\/sagardigroup.com\/pt-pt\/reserva-uma-mesa\/\" \/>\n<meta property=\"og:site_name\" content=\"Sagardi Group\" \/>\n<meta property=\"article:modified_time\" content=\"2025-11-11T16:08:55+00:00\" \/>\n<meta property=\"og:image\" content=\"https:\/\/sagardigroup.com\/wp-content\/uploads\/2023\/12\/bcn.png\" \/>\n<meta name=\"twitter:card\" content=\"summary_large_image\" \/>\n<meta name=\"twitter:site\" content=\"@gruposagardi\" \/>\n<meta name=\"twitter:label1\" content=\"Temps estimat de lectura\" \/>\n\t<meta name=\"twitter:data1\" content=\"5 minuts\" \/>\n<script type=\"application\/ld+json\" class=\"yoast-schema-graph\">{\"@context\":\"https:\/\/schema.org\",\"@graph\":[{\"@type\":\"WebPage\",\"@id\":\"https:\/\/sagardigroup.com\/pt-pt\/reserva-uma-mesa\/\",\"url\":\"https:\/\/sagardigroup.com\/pt-pt\/reserva-uma-mesa\/\",\"name\":\"Reserva taula - Sagardi Group\",\"isPartOf\":{\"@id\":\"https:\/\/sagardigroup.com\/es\/#website\"},\"primaryImageOfPage\":{\"@id\":\"https:\/\/sagardigroup.com\/pt-pt\/reserva-uma-mesa\/#primaryimage\"},\"image\":{\"@id\":\"https:\/\/sagardigroup.com\/pt-pt\/reserva-uma-mesa\/#primaryimage\"},\"thumbnailUrl\":\"https:\/\/sagardigroup.com\/wp-content\/uploads\/2023\/12\/bcn.png\",\"datePublished\":\"2024-12-02T13:18:37+00:00\",\"dateModified\":\"2025-11-11T16:08:55+00:00\",\"breadcrumb\":{\"@id\":\"https:\/\/sagardigroup.com\/pt-pt\/reserva-uma-mesa\/#breadcrumb\"},\"inLanguage\":\"ca\",\"potentialAction\":[{\"@type\":\"ReadAction\",\"target\":[\"https:\/\/sagardigroup.com\/pt-pt\/reserva-uma-mesa\/\"]}]},{\"@type\":\"ImageObject\",\"inLanguage\":\"ca\",\"@id\":\"https:\/\/sagardigroup.com\/pt-pt\/reserva-uma-mesa\/#primaryimage\",\"url\":\"https:\/\/sagardigroup.com\/wp-content\/uploads\/2023\/12\/bcn.png\",\"contentUrl\":\"https:\/\/sagardigroup.com\/wp-content\/uploads\/2023\/12\/bcn.png\"},{\"@type\":\"BreadcrumbList\",\"@id\":\"https:\/\/sagardigroup.com\/pt-pt\/reserva-uma-mesa\/#breadcrumb\",\"itemListElement\":[{\"@type\":\"ListItem\",\"position\":1,\"name\":\"Home\",\"item\":\"https:\/\/sagardigroup.com\/pt-pt\/\"},{\"@type\":\"ListItem\",\"position\":2,\"name\":\"Reserva taula\"}]},{\"@type\":\"WebSite\",\"@id\":\"https:\/\/sagardigroup.com\/es\/#website\",\"url\":\"https:\/\/sagardigroup.com\/es\/\",\"name\":\"Sagardi Group | 30 a\u00f1os de pasi\u00f3n por la gastronom\u00eda\",\"description\":\"Sagardi Group\",\"publisher\":{\"@id\":\"https:\/\/sagardigroup.com\/es\/#organization\"},\"potentialAction\":[{\"@type\":\"SearchAction\",\"target\":{\"@type\":\"EntryPoint\",\"urlTemplate\":\"https:\/\/sagardigroup.com\/es\/?s={search_term_string}\"},\"query-input\":{\"@type\":\"PropertyValueSpecification\",\"valueRequired\":true,\"valueName\":\"search_term_string\"}}],\"inLanguage\":\"ca\"},{\"@type\":\"Organization\",\"@id\":\"https:\/\/sagardigroup.com\/es\/#organization\",\"name\":\"Sagardi Group\",\"url\":\"https:\/\/sagardigroup.com\/es\/\",\"logo\":{\"@type\":\"ImageObject\",\"inLanguage\":\"ca\",\"@id\":\"https:\/\/sagardigroup.com\/es\/#\/schema\/logo\/image\/\",\"url\":\"https:\/\/sagardigroup.com\/wp-content\/uploads\/2023\/07\/sagardi-bcf.png\",\"contentUrl\":\"https:\/\/sagardigroup.com\/wp-content\/uploads\/2023\/07\/sagardi-bcf.png\",\"width\":250,\"height\":75,\"caption\":\"Sagardi Group\"},\"image\":{\"@id\":\"https:\/\/sagardigroup.com\/es\/#\/schema\/logo\/image\/\"},\"sameAs\":[\"https:\/\/x.com\/gruposagardi\",\"https:\/\/www.instagram.com\/sagardigroup\/?hl=es\",\"https:\/\/www.youtube.com\/@grupsagardi\"]}]}<\/script>\n<!-- \/ Yoast SEO plugin. -->","yoast_head_json":{"title":"Reserva taula - Sagardi Group","robots":{"index":"index","follow":"follow","max-snippet":"max-snippet:-1","max-image-preview":"max-image-preview:large","max-video-preview":"max-video-preview:-1"},"canonical":"https:\/\/sagardigroup.com\/pt-pt\/reserva-uma-mesa\/","og_locale":"ca_ES","og_type":"article","og_title":"Reserva taula - Sagardi Group","og_description":"Reserva la teva taula i assaboreix el millor de la nostra gastronomia Tria ciutat BARCELONA MADRID VALENCIA AMSTERDAM OPORTO BUENOS AIRES LONDRES O tria el teu restaurant","og_url":"https:\/\/sagardigroup.com\/pt-pt\/reserva-uma-mesa\/","og_site_name":"Sagardi Group","article_modified_time":"2025-11-11T16:08:55+00:00","og_image":[{"url":"https:\/\/sagardigroup.com\/wp-content\/uploads\/2023\/12\/bcn.png","type":"","width":"","height":""}],"twitter_card":"summary_large_image","twitter_site":"@gruposagardi","twitter_misc":{"Temps estimat de lectura":"5 minuts"},"schema":{"@context":"https:\/\/schema.org","@graph":[{"@type":"WebPage","@id":"https:\/\/sagardigroup.com\/pt-pt\/reserva-uma-mesa\/","url":"https:\/\/sagardigroup.com\/pt-pt\/reserva-uma-mesa\/","name":"Reserva taula - Sagardi Group","isPartOf":{"@id":"https:\/\/sagardigroup.com\/es\/#website"},"primaryImageOfPage":{"@id":"https:\/\/sagardigroup.com\/pt-pt\/reserva-uma-mesa\/#primaryimage"},"image":{"@id":"https:\/\/sagardigroup.com\/pt-pt\/reserva-uma-mesa\/#primaryimage"},"thumbnailUrl":"https:\/\/sagardigroup.com\/wp-content\/uploads\/2023\/12\/bcn.png","datePublished":"2024-12-02T13:18:37+00:00","dateModified":"2025-11-11T16:08:55+00:00","breadcrumb":{"@id":"https:\/\/sagardigroup.com\/pt-pt\/reserva-uma-mesa\/#breadcrumb"},"inLanguage":"ca","potentialAction":[{"@type":"ReadAction","target":["https:\/\/sagardigroup.com\/pt-pt\/reserva-uma-mesa\/"]}]},{"@type":"ImageObject","inLanguage":"ca","@id":"https:\/\/sagardigroup.com\/pt-pt\/reserva-uma-mesa\/#primaryimage","url":"https:\/\/sagardigroup.com\/wp-content\/uploads\/2023\/12\/bcn.png","contentUrl":"https:\/\/sagardigroup.com\/wp-content\/uploads\/2023\/12\/bcn.png"},{"@type":"BreadcrumbList","@id":"https:\/\/sagardigroup.com\/pt-pt\/reserva-uma-mesa\/#breadcrumb","itemListElement":[{"@type":"ListItem","position":1,"name":"Home","item":"https:\/\/sagardigroup.com\/pt-pt\/"},{"@type":"ListItem","position":2,"name":"Reserva taula"}]},{"@type":"WebSite","@id":"https:\/\/sagardigroup.com\/es\/#website","url":"https:\/\/sagardigroup.com\/es\/","name":"Sagardi Group | 30 a\u00f1os de pasi\u00f3n por la gastronom\u00eda","description":"Sagardi Group","publisher":{"@id":"https:\/\/sagardigroup.com\/es\/#organization"},"potentialAction":[{"@type":"SearchAction","target":{"@type":"EntryPoint","urlTemplate":"https:\/\/sagardigroup.com\/es\/?s={search_term_string}"},"query-input":{"@type":"PropertyValueSpecification","valueRequired":true,"valueName":"search_term_string"}}],"inLanguage":"ca"},{"@type":"Organization","@id":"https:\/\/sagardigroup.com\/es\/#organization","name":"Sagardi Group","url":"https:\/\/sagardigroup.com\/es\/","logo":{"@type":"ImageObject","inLanguage":"ca","@id":"https:\/\/sagardigroup.com\/es\/#\/schema\/logo\/image\/","url":"https:\/\/sagardigroup.com\/wp-content\/uploads\/2023\/07\/sagardi-bcf.png","contentUrl":"https:\/\/sagardigroup.com\/wp-content\/uploads\/2023\/07\/sagardi-bcf.png","width":250,"height":75,"caption":"Sagardi Group"},"image":{"@id":"https:\/\/sagardigroup.com\/es\/#\/schema\/logo\/image\/"},"sameAs":["https:\/\/x.com\/gruposagardi","https:\/\/www.instagram.com\/sagardigroup\/?hl=es","https:\/\/www.youtube.com\/@grupsagardi"]}]}},"_links":{"self":[{"href":"https:\/\/sagardigroup.com\/ca\/wp-json\/wp\/v2\/pages\/9300","targetHints":{"allow":["GET"]}}],"collection":[{"href":"https:\/\/sagardigroup.com\/ca\/wp-json\/wp\/v2\/pages"}],"about":[{"href":"https:\/\/sagardigroup.com\/ca\/wp-json\/wp\/v2\/types\/page"}],"author":[{"embeddable":true,"href":"https:\/\/sagardigroup.com\/ca\/wp-json\/wp\/v2\/users\/3"}],"replies":[{"embeddable":true,"href":"https:\/\/sagardigroup.com\/ca\/wp-json\/wp\/v2\/comments?post=9300"}],"version-history":[{"count":43,"href":"https:\/\/sagardigroup.com\/ca\/wp-json\/wp\/v2\/pages\/9300\/revisions"}],"predecessor-version":[{"id":13948,"href":"https:\/\/sagardigroup.com\/ca\/wp-json\/wp\/v2\/pages\/9300\/revisions\/13948"}],"wp:attachment":[{"href":"https:\/\/sagardigroup.com\/ca\/wp-json\/wp\/v2\/media?parent=9300"}],"curies":[{"name":"wp","href":"https:\/\/api.w.org\/{rel}","templated":true}]}}