{"id":9588,"date":"2024-11-27T09:43:21","date_gmt":"2024-11-27T09:43:21","guid":{"rendered":"https:\/\/sagardigroup.com\/?page_id=9588"},"modified":"2025-01-30T11:37:21","modified_gmt":"2025-01-30T11:37:21","slug":"cookies-policy","status":"publish","type":"page","link":"https:\/\/sagardigroup.com\/en\/cookies-policy\/","title":{"rendered":"Cookies Policy"},"content":{"rendered":"\t\t<div data-elementor-type=\"wp-page\" data-elementor-id=\"9588\" class=\"elementor elementor-9588 elementor-8706\" data-elementor-post-type=\"page\">\n\t\t\t\t<div class=\"elementor-element elementor-element-e2313bf e-flex e-con-boxed e-con e-parent\" data-id=\"e2313bf\" data-element_type=\"container\" data-settings=\"{&quot;jet_parallax_layout_list&quot;:[]}\">\n\t\t\t\t\t<div class=\"e-con-inner\">\n\t\t\t\t<div class=\"elementor-element elementor-element-ac2d810 elementor-widget elementor-widget-heading\" data-id=\"ac2d810\" data-element_type=\"widget\" data-widget_type=\"heading.default\">\n\t\t\t\t<div class=\"elementor-widget-container\">\n\t\t\t\t\t<h1 class=\"elementor-heading-title elementor-size-default\">Cookies Policy<\/h1>\t\t\t\t<\/div>\n\t\t\t\t<\/div>\n\t\t\t\t<div class=\"elementor-element elementor-element-2b9e5c7 elementor-widget elementor-widget-text-editor\" data-id=\"2b9e5c7\" data-element_type=\"widget\" data-widget_type=\"text-editor.default\">\n\t\t\t\t<div class=\"elementor-widget-container\">\n\t\t\t\t\t\t\t\t\t<h1>INFORMATION ABOUT COOKIES<\/h1><p>In accordance with <strong>Law 34\/2002, of July 11<\/strong>, on Information Society Services and Electronic Commerce (<strong>LSSI<\/strong>), in relation to <strong>Regulation (EU) 2016\/679<\/strong> of the European Parliament and the Council, of April 27, 2016, <strong>General Data Protection Regulation (GDPR)<\/strong>, and <strong>Organic Law 3\/2018<\/strong>, of December 5, on <strong>Data Protection and Digital Rights Guarantee (LOPDGDD)<\/strong>, it is mandatory to obtain the user&#8217;s explicit consent for all non-essential cookies before they browse any website that uses them.<\/p><h2>\u00a0<\/h2><h2><strong>WHAT ARE COOKIES?<\/strong><\/h2><p>Cookies and other similar technologies, such as <strong>local shared objects, flash cookies, or pixels<\/strong>, are tools used by web servers to <strong>store and retrieve information<\/strong> about their visitors, as well as to ensure the proper functioning of the website.<\/p><p>By using these technologies, the web server can remember certain user data, such as <strong>display preferences, username and password, products of interest<\/strong>, etc.<\/p><h2>\u00a0<\/h2><h2><strong>COOKIES REGULATED BY LAW AND EXEMPT COOKIES<\/strong><\/h2><p>According to the <strong>EU directive<\/strong>, the cookies that <strong>require the user&#8217;s informed consent<\/strong> are:<\/p><ul><li><strong>Analytical cookies<\/strong><\/li><li><strong>Advertising and affiliation cookies<\/strong><\/li><\/ul><p>Cookies that are <strong>exempt<\/strong> from this consent requirement include <strong>technical cookies and those necessary<\/strong> for the proper functioning of the website or for providing services expressly requested by the user.<\/p><h2>\u00a0<\/h2><h2><strong>TYPES OF COOKIES<\/strong><\/h2><h3><strong>BY PURPOSE<\/strong><\/h3><ul><li><strong>Technical and functional cookies<\/strong>: These enable users to navigate a website, platform, or application and use the different options or services available.<\/li><li><strong>Analytical cookies<\/strong>: These allow tracking and analyzing user behavior on linked websites. The information collected is used to measure website activity and create user navigation profiles, enabling improvements based on usage analysis.<\/li><li><strong>Advertising cookies<\/strong>: These manage advertising spaces as efficiently as possible, based on factors such as edited content or ad frequency.<\/li><li><strong>Behavioral advertising cookies<\/strong>: These collect information about the user&#8217;s personal preferences and choices (<strong>retargeting<\/strong>) to manage advertising spaces more efficiently.<\/li><li><strong>Social cookies<\/strong>: These are set by social media platforms to enable users to share content with their contacts and networks. Social media platforms may track user activity outside their services, which could affect the content and messages displayed on other visited services.<\/li><li><strong>Affiliate cookies<\/strong>: These track visits originating from other websites with which the website has an <strong>affiliate agreement<\/strong>.<\/li><li><strong>Security cookies<\/strong>: These store encrypted information to prevent data stored within them from being vulnerable to malicious attacks by third parties.<\/li><\/ul><h3><strong>BY OWNERSHIP<\/strong><\/h3><ul><li><strong>First-party cookies<\/strong>: Sent to the user\u2019s device from a domain managed by the website owner that provides the requested service.<\/li><li><strong>Third-party cookies<\/strong>: Sent to the user\u2019s device from a domain managed by an entity other than the website owner, which processes the data collected through cookies.<\/li><\/ul><h3><strong>BY STORAGE DURATION<\/strong><\/h3><ul><li><strong>Session cookies<\/strong>: These collect and store data while the user accesses a website.<\/li><li><strong>Persistent cookies<\/strong>: These keep data stored on the device and can be accessed and processed for a period defined by the cookie owner (ranging from minutes to several years).<\/li><\/ul><h2>\u00a0<\/h2><h2><strong>PROCESSING OF PERSONAL DATA<\/strong><\/h2><p><strong>LURRA ITSASOA, SL<\/strong> is the <strong>Controller<\/strong> of the personal data of the <strong>Data Subject<\/strong> and informs that these data will be processed in accordance with <strong>Regulation (EU) 2016\/679, of April 27, 2016 (GDPR)<\/strong>. Below is detailed information on data processing:<\/p><ul><li><strong>Purpose of processing<\/strong>: As specified in the section on cookies used on this website.<\/li><li><strong>Legal basis for processing<\/strong>: Except where necessary for web navigation, processing is based on the <strong>consent of the Data Subject (Article 6.1 GDPR)<\/strong>.<\/li><li><strong>Data retention criteria<\/strong>: As specified in the section on cookies used on this website.<\/li><li><strong>Data disclosure<\/strong>: Data will not be disclosed to third parties, except for third-party-owned cookies or when required by law.<\/li><\/ul><h3>\u00a0<\/h3><h3><strong>Rights of the Data Subject<\/strong><\/h3><ul><li>The right to withdraw consent at any time.<\/li><li>The right to access, rectify, transfer, and delete their data, as well as to limit or object to its processing.<\/li><li>The right to file a complaint with the <strong>Supervisory Authority<\/strong> (<strong>www.aepd.es<\/strong>) if they believe the processing does not comply with current regulations.<\/li><\/ul><p>\u00a0<\/p><p><strong>Contact information to exercise your rights<\/strong>:<\/p><p><strong>LURRA ITSASOA, SL<\/strong><br \/>Murcia, 51 \u2013 08830 Sant Boi de Llobregat (Barcelona)<br \/>E-mail: <strong><a rel=\"noopener\">rgpd@sagardi.com<\/a><\/strong><\/p><h2>\u00a0<\/h2><h2><strong>COOKIES USED ON THIS WEBSITE<\/strong><\/h2><p>Third-party services are beyond the control of the website owner. Providers may modify their service conditions, purpose, and use of cookies at any time.<\/p><p><strong>From this panel, you can configure the cookies that the website may install on your browser, except for technical or functional cookies necessary for navigation.<\/strong><\/p><h2>\u00a0<\/h2><h2><strong>HOW TO MANAGE COOKIES FROM YOUR BROWSER<\/strong><\/h2><h3><strong>Deleting cookies from your device<\/strong><\/h3><p>Cookies already stored on a device can be deleted by clearing the browser history, removing cookies from all visited websites. This may, however, result in the loss of some saved data (e.g., login details or site preferences).<\/p><h3><strong>Managing site-specific cookies<\/strong><\/h3><p>Users can configure their privacy and cookie settings in their browser to have more precise control over site-specific cookies.<\/p><h3><strong>Blocking cookies<\/strong><\/h3><p>Most modern browsers can be configured to prevent cookies from being installed. However, this may require manually adjusting certain preferences each time a site is visited and may cause some services and functionalities to not work properly (e.g., profile-based logins).<\/p><p>\u00a0<\/p><h3>HOW TO DELETE COOKIES IN THE MOST COMMON BROWSERS<\/h3><table border=\"1\"><tbody><tr><th>Browser<\/th><th>Support Link<\/th><\/tr><tr><td>Chrome<\/td><td><a href=\"http:\/\/support.google.com\/chrome\/answer\/95647?hl=es\">Soporte Chrome<\/a><\/td><\/tr><tr><td>Edge<\/td><td><a href=\"https:\/\/support.microsoft.com\/es-es\/microsoft-edge\/eliminar-las-cookies-en-microsoft-edge-63947406-40ac-c3b8-57b9-2a946a29ae09\">Soporte Edge<\/a><\/td><\/tr><tr><td>Explorer<\/td><td><a href=\"https:\/\/support.microsoft.com\/es-es\/help\/278835\/how-to-delete-cookie-files-in-internet-explorer\">Soporte Explorer<\/a><\/td><\/tr><tr><td>Firefox<\/td><td><a href=\"https:\/\/www.mozilla.org\/es-ES\/privacy\/websites\/#cookies\">Soporte Firefox<\/a><\/td><\/tr><tr><td>Safari<\/td><td><a href=\"https:\/\/support.apple.com\/es-es\/guide\/safari\/sfri11471\/mac\">Soporte Safari<\/a><\/td><\/tr><tr><td>Opera<\/td><td><a href=\"https:\/\/help.opera.com\/en\/latest\/security-and-privacy\/#clearBrowsingData\">Soporte Opera<\/a><\/td><\/tr><\/tbody><\/table>\t\t\t\t\t\t\t\t<\/div>\n\t\t\t\t<\/div>\n\t\t\t\t\t<\/div>\n\t\t\t\t<\/div>\n\t\t\t\t<\/div>\n\t\t","protected":false},"excerpt":{"rendered":"<p>Cookies Policy INFORMATION ABOUT COOKIES In accordance with Law 34\/2002, of July 11, on Information Society Services and Electronic Commerce (LSSI), in relation to Regulation (EU) 2016\/679 of the European Parliament and the Council, of April 27, 2016, General Data Protection Regulation (GDPR), and Organic Law 3\/2018, of December 5, on Data Protection and Digital [&hellip;]<\/p>\n","protected":false},"author":3,"featured_media":0,"parent":0,"menu_order":0,"comment_status":"closed","ping_status":"closed","template":"elementor_header_footer","meta":{"footnotes":""},"class_list":["post-9588","page","type-page","status-publish","hentry"],"yoast_head":"<!-- This site is optimized with the Yoast SEO plugin v25.6 - https:\/\/yoast.com\/wordpress\/plugins\/seo\/ -->\n<title>Cookies Policy - Sagardi Group<\/title>\n<meta name=\"robots\" content=\"index, follow, max-snippet:-1, max-image-preview:large, max-video-preview:-1\" \/>\n<link rel=\"canonical\" href=\"https:\/\/sagardigroup.com\/en\/cookies-policy\/\" \/>\n<meta property=\"og:locale\" content=\"en_US\" \/>\n<meta property=\"og:type\" content=\"article\" \/>\n<meta property=\"og:title\" content=\"Cookies Policy - Sagardi Group\" \/>\n<meta property=\"og:description\" content=\"Cookies Policy INFORMATION ABOUT COOKIES In accordance with Law 34\/2002, of July 11, on Information Society Services and Electronic Commerce (LSSI), in relation to Regulation (EU) 2016\/679 of the European Parliament and the Council, of April 27, 2016, General Data Protection Regulation (GDPR), and Organic Law 3\/2018, of December 5, on Data Protection and Digital [&hellip;]\" \/>\n<meta property=\"og:url\" content=\"https:\/\/sagardigroup.com\/en\/cookies-policy\/\" \/>\n<meta property=\"og:site_name\" content=\"Sagardi Group\" \/>\n<meta property=\"article:modified_time\" content=\"2025-01-30T11:37:21+00:00\" \/>\n<meta property=\"og:image\" content=\"https:\/\/sagardigroup.com\/wp-content\/uploads\/2023\/07\/careers.jpg\" \/>\n\t<meta property=\"og:image:width\" content=\"1920\" \/>\n\t<meta property=\"og:image:height\" content=\"1080\" \/>\n\t<meta property=\"og:image:type\" content=\"image\/jpeg\" \/>\n<meta name=\"twitter:card\" content=\"summary_large_image\" \/>\n<meta name=\"twitter:site\" content=\"@gruposagardi\" \/>\n<meta name=\"twitter:label1\" content=\"Est. reading time\" \/>\n\t<meta name=\"twitter:data1\" content=\"4 minutes\" \/>\n<script type=\"application\/ld+json\" class=\"yoast-schema-graph\">{\"@context\":\"https:\/\/schema.org\",\"@graph\":[{\"@type\":\"WebPage\",\"@id\":\"https:\/\/sagardigroup.com\/en\/cookies-policy\/\",\"url\":\"https:\/\/sagardigroup.com\/en\/cookies-policy\/\",\"name\":\"Cookies Policy - Sagardi Group\",\"isPartOf\":{\"@id\":\"https:\/\/sagardigroup.com\/es\/#website\"},\"datePublished\":\"2024-11-27T09:43:21+00:00\",\"dateModified\":\"2025-01-30T11:37:21+00:00\",\"breadcrumb\":{\"@id\":\"https:\/\/sagardigroup.com\/en\/cookies-policy\/#breadcrumb\"},\"inLanguage\":\"en-US\",\"potentialAction\":[{\"@type\":\"ReadAction\",\"target\":[\"https:\/\/sagardigroup.com\/en\/cookies-policy\/\"]}]},{\"@type\":\"BreadcrumbList\",\"@id\":\"https:\/\/sagardigroup.com\/en\/cookies-policy\/#breadcrumb\",\"itemListElement\":[{\"@type\":\"ListItem\",\"position\":1,\"name\":\"Home\",\"item\":\"https:\/\/sagardigroup.com\/en\/\"},{\"@type\":\"ListItem\",\"position\":2,\"name\":\"Cookies Policy\"}]},{\"@type\":\"WebSite\",\"@id\":\"https:\/\/sagardigroup.com\/es\/#website\",\"url\":\"https:\/\/sagardigroup.com\/es\/\",\"name\":\"Sagardi Group | 30 a\u00f1os de pasi\u00f3n por la gastronom\u00eda\",\"description\":\"Sagardi Group\",\"publisher\":{\"@id\":\"https:\/\/sagardigroup.com\/es\/#organization\"},\"potentialAction\":[{\"@type\":\"SearchAction\",\"target\":{\"@type\":\"EntryPoint\",\"urlTemplate\":\"https:\/\/sagardigroup.com\/es\/?s={search_term_string}\"},\"query-input\":{\"@type\":\"PropertyValueSpecification\",\"valueRequired\":true,\"valueName\":\"search_term_string\"}}],\"inLanguage\":\"en-US\"},{\"@type\":\"Organization\",\"@id\":\"https:\/\/sagardigroup.com\/es\/#organization\",\"name\":\"Sagardi Group\",\"url\":\"https:\/\/sagardigroup.com\/es\/\",\"logo\":{\"@type\":\"ImageObject\",\"inLanguage\":\"en-US\",\"@id\":\"https:\/\/sagardigroup.com\/es\/#\/schema\/logo\/image\/\",\"url\":\"https:\/\/sagardigroup.com\/wp-content\/uploads\/2023\/07\/sagardi-bcf.png\",\"contentUrl\":\"https:\/\/sagardigroup.com\/wp-content\/uploads\/2023\/07\/sagardi-bcf.png\",\"width\":250,\"height\":75,\"caption\":\"Sagardi Group\"},\"image\":{\"@id\":\"https:\/\/sagardigroup.com\/es\/#\/schema\/logo\/image\/\"},\"sameAs\":[\"https:\/\/x.com\/gruposagardi\",\"https:\/\/www.instagram.com\/sagardigroup\/?hl=es\",\"https:\/\/www.youtube.com\/@grupsagardi\"]}]}<\/script>\n<!-- \/ Yoast SEO plugin. -->","yoast_head_json":{"title":"Cookies Policy - Sagardi Group","robots":{"index":"index","follow":"follow","max-snippet":"max-snippet:-1","max-image-preview":"max-image-preview:large","max-video-preview":"max-video-preview:-1"},"canonical":"https:\/\/sagardigroup.com\/en\/cookies-policy\/","og_locale":"en_US","og_type":"article","og_title":"Cookies Policy - Sagardi Group","og_description":"Cookies Policy INFORMATION ABOUT COOKIES In accordance with Law 34\/2002, of July 11, on Information Society Services and Electronic Commerce (LSSI), in relation to Regulation (EU) 2016\/679 of the European Parliament and the Council, of April 27, 2016, General Data Protection Regulation (GDPR), and Organic Law 3\/2018, of December 5, on Data Protection and Digital [&hellip;]","og_url":"https:\/\/sagardigroup.com\/en\/cookies-policy\/","og_site_name":"Sagardi Group","article_modified_time":"2025-01-30T11:37:21+00:00","og_image":[{"width":1920,"height":1080,"url":"https:\/\/sagardigroup.com\/wp-content\/uploads\/2023\/07\/careers.jpg","type":"image\/jpeg"}],"twitter_card":"summary_large_image","twitter_site":"@gruposagardi","twitter_misc":{"Est. reading time":"4 minutes"},"schema":{"@context":"https:\/\/schema.org","@graph":[{"@type":"WebPage","@id":"https:\/\/sagardigroup.com\/en\/cookies-policy\/","url":"https:\/\/sagardigroup.com\/en\/cookies-policy\/","name":"Cookies Policy - Sagardi Group","isPartOf":{"@id":"https:\/\/sagardigroup.com\/es\/#website"},"datePublished":"2024-11-27T09:43:21+00:00","dateModified":"2025-01-30T11:37:21+00:00","breadcrumb":{"@id":"https:\/\/sagardigroup.com\/en\/cookies-policy\/#breadcrumb"},"inLanguage":"en-US","potentialAction":[{"@type":"ReadAction","target":["https:\/\/sagardigroup.com\/en\/cookies-policy\/"]}]},{"@type":"BreadcrumbList","@id":"https:\/\/sagardigroup.com\/en\/cookies-policy\/#breadcrumb","itemListElement":[{"@type":"ListItem","position":1,"name":"Home","item":"https:\/\/sagardigroup.com\/en\/"},{"@type":"ListItem","position":2,"name":"Cookies Policy"}]},{"@type":"WebSite","@id":"https:\/\/sagardigroup.com\/es\/#website","url":"https:\/\/sagardigroup.com\/es\/","name":"Sagardi Group | 30 a\u00f1os de pasi\u00f3n por la gastronom\u00eda","description":"Sagardi Group","publisher":{"@id":"https:\/\/sagardigroup.com\/es\/#organization"},"potentialAction":[{"@type":"SearchAction","target":{"@type":"EntryPoint","urlTemplate":"https:\/\/sagardigroup.com\/es\/?s={search_term_string}"},"query-input":{"@type":"PropertyValueSpecification","valueRequired":true,"valueName":"search_term_string"}}],"inLanguage":"en-US"},{"@type":"Organization","@id":"https:\/\/sagardigroup.com\/es\/#organization","name":"Sagardi Group","url":"https:\/\/sagardigroup.com\/es\/","logo":{"@type":"ImageObject","inLanguage":"en-US","@id":"https:\/\/sagardigroup.com\/es\/#\/schema\/logo\/image\/","url":"https:\/\/sagardigroup.com\/wp-content\/uploads\/2023\/07\/sagardi-bcf.png","contentUrl":"https:\/\/sagardigroup.com\/wp-content\/uploads\/2023\/07\/sagardi-bcf.png","width":250,"height":75,"caption":"Sagardi Group"},"image":{"@id":"https:\/\/sagardigroup.com\/es\/#\/schema\/logo\/image\/"},"sameAs":["https:\/\/x.com\/gruposagardi","https:\/\/www.instagram.com\/sagardigroup\/?hl=es","https:\/\/www.youtube.com\/@grupsagardi"]}]}},"_links":{"self":[{"href":"https:\/\/sagardigroup.com\/en\/wp-json\/wp\/v2\/pages\/9588","targetHints":{"allow":["GET"]}}],"collection":[{"href":"https:\/\/sagardigroup.com\/en\/wp-json\/wp\/v2\/pages"}],"about":[{"href":"https:\/\/sagardigroup.com\/en\/wp-json\/wp\/v2\/types\/page"}],"author":[{"embeddable":true,"href":"https:\/\/sagardigroup.com\/en\/wp-json\/wp\/v2\/users\/3"}],"replies":[{"embeddable":true,"href":"https:\/\/sagardigroup.com\/en\/wp-json\/wp\/v2\/comments?post=9588"}],"version-history":[{"count":10,"href":"https:\/\/sagardigroup.com\/en\/wp-json\/wp\/v2\/pages\/9588\/revisions"}],"predecessor-version":[{"id":12966,"href":"https:\/\/sagardigroup.com\/en\/wp-json\/wp\/v2\/pages\/9588\/revisions\/12966"}],"wp:attachment":[{"href":"https:\/\/sagardigroup.com\/en\/wp-json\/wp\/v2\/media?parent=9588"}],"curies":[{"name":"wp","href":"https:\/\/api.w.org\/{rel}","templated":true}]}}