{"id":9589,"date":"2024-11-27T11:15:53","date_gmt":"2024-11-27T11:15:53","guid":{"rendered":"https:\/\/sagardigroup.com\/?page_id=9589"},"modified":"2025-01-30T10:33:34","modified_gmt":"2025-01-30T10:33:34","slug":"privacy-policy","status":"publish","type":"page","link":"https:\/\/sagardigroup.com\/en\/privacy-policy\/","title":{"rendered":"Privacy Policy"},"content":{"rendered":"\t\t<div data-elementor-type=\"wp-page\" data-elementor-id=\"9589\" class=\"elementor elementor-9589 elementor-8718\" data-elementor-post-type=\"page\">\n\t\t\t\t<div class=\"elementor-element elementor-element-e2313bf e-flex e-con-boxed e-con e-parent\" data-id=\"e2313bf\" data-element_type=\"container\" data-settings=\"{&quot;jet_parallax_layout_list&quot;:[]}\">\n\t\t\t\t\t<div class=\"e-con-inner\">\n\t\t\t\t<div class=\"elementor-element elementor-element-ac2d810 elementor-widget elementor-widget-heading\" data-id=\"ac2d810\" data-element_type=\"widget\" data-widget_type=\"heading.default\">\n\t\t\t\t<div class=\"elementor-widget-container\">\n\t\t\t\t\t<h1 class=\"elementor-heading-title elementor-size-default\">Privacy Policy<\/h1>\t\t\t\t<\/div>\n\t\t\t\t<\/div>\n\t\t\t\t<div class=\"elementor-element elementor-element-2b9e5c7 elementor-widget elementor-widget-text-editor\" data-id=\"2b9e5c7\" data-element_type=\"widget\" data-widget_type=\"text-editor.default\">\n\t\t\t\t<div class=\"elementor-widget-container\">\n\t\t\t\t\t\t\t\t\t<h2>1. USER INFORMATION<\/h2><h3>Who is responsible for processing your personal data?<\/h3><p>LURRA ITSASOA, SL is the CONTROLLER of the USER\u2019s personal data and informs that these data will be processed in accordance with the provisions of Regulation (EU) 2016\/679, of April 27 (GDPR), and Organic Law 3\/2018, of December 5 (LOPDGDD).<\/p><h3>Why do we process your personal data?<\/h3><p>To maintain a commercial relationship with the user. The processing operations planned include:<\/p><ul><li>Sending commercial and promotional communications via email, fax, SMS, MMS, social media, or any other current or future electronic or physical means that allow commercial communications. These communications will be sent by the CONTROLLER and will be related to its products and services or those of its partners or suppliers with whom promotional agreements have been reached. In this case, third parties will never have access to personal data.<\/li><li>Conducting market research and statistical analysis.<\/li><li>Processing orders, requests, responding to inquiries, or any type of request made by the USER through any of the contact methods available on the CONTROLLER\u2019s website.<\/li><li>Sending the online newsletter with updates, offers, and promotions related to our activities.<\/li><\/ul><h3>What is the legal basis for processing your personal data?<\/h3><p>The processing is legitimized under Article 6 of the GDPR as follows:<\/p><ul><li>With the USER\u2019s consent: for sending commercial communications and the newsletter.<\/li><li>Based on the CONTROLLER\u2019s legitimate interest: for conducting market research, statistical analysis, and processing orders and requests at the USER\u2019s request.<\/li><\/ul><h3>How long do we keep your personal data?<\/h3><p>Your data will be stored only for as long as necessary to fulfill the purpose for which they were collected or as long as legal requirements mandate their retention. Once they are no longer necessary, they will be securely deleted or anonymized.<\/p><h3>Who do we share your personal data with?<\/h3><p>Your data may be shared with other companies within the <strong>Sagardi Group<\/strong> and third parties if necessary for the development and execution of the processing purposes. They may also be shared with our service providers related to communications, with whom the CONTROLLER has signed confidentiality and data processing agreements as required by current privacy regulations.<\/p><h3>What are your rights?<\/h3><p>The USER has the following rights:<\/p><ul><li>The right to withdraw consent at any time.<\/li><li>The right to access, rectify, transfer, and delete their data, as well as the right to restrict or oppose their processing.<\/li><li>The right to file a complaint with the supervisory authority (<strong>www.aepd.es<\/strong>) if they believe the processing does not comply with current regulations.<\/li><\/ul><h3>Contact details to exercise your rights:<\/h3><p><strong>LURRA ITSASOA, SL<\/strong><br \/>Murcia, 51 \u2013 08830 Sant Boi de Llobregat (Barcelona)<br \/>Email: <strong><a rel=\"noopener\">rgpd@sagardi.com<\/a><\/strong><\/p><h2>\u00a0<\/h2><h2>2. MANDATORY OR OPTIONAL NATURE OF THE INFORMATION PROVIDED BY THE USER<\/h2><p>By selecting the appropriate checkboxes and entering data in the fields marked with an asterisk (*) in the contact form or in downloadable forms, USERS expressly and freely accept that their data are necessary for the provider to handle their request, with the inclusion of data in the remaining fields being optional. The USER guarantees that the personal data provided to the CONTROLLER are truthful and is responsible for communicating any changes to them.<\/p><p>The CONTROLLER informs that all data requested through the website are mandatory as they are necessary for optimal service to the USER. If not all data are provided, there is no guarantee that the information and services provided will fully meet their needs.<\/p><h2>\u00a0<\/h2><h2>3. SECURITY MEASURES<\/h2><p>In accordance with the current regulations on personal data protection, the CONTROLLER is complying with all the provisions of the <strong>GDPR<\/strong> and <strong>LOPDGDD<\/strong> for processing the personal data under its responsibility. Specifically, it adheres to the principles set out in Article 5 of the <strong>GDPR<\/strong>, ensuring that data are processed lawfully, fairly, and transparently, and that they are adequate, relevant, and limited to what is necessary for the purposes for which they are processed.<\/p><p>The CONTROLLER guarantees that appropriate technical and organizational policies have been implemented to apply the security measures required by the <strong>GDPR<\/strong> and <strong>LOPDGDD<\/strong> to protect USERS\u2019 rights and freedoms. USERS have also been provided with adequate information to exercise these rights.<\/p><p>For more information about privacy guarantees, you can contact the CONTROLLER at:<\/p><p><strong>LURRA ITSASOA, SL<\/strong><br \/>Murcia, 51 \u2013 08830 Sant Boi de Llobregat (Barcelona)<br \/>Email: <strong><a rel=\"noopener\">rgpd@sagardi.com<\/a><\/strong><\/p>\t\t\t\t\t\t\t\t<\/div>\n\t\t\t\t<\/div>\n\t\t\t\t\t<\/div>\n\t\t\t\t<\/div>\n\t\t\t\t<\/div>\n\t\t","protected":false},"excerpt":{"rendered":"<p>Privacy Policy 1. USER INFORMATION Who is responsible for processing your personal data? LURRA ITSASOA, SL is the CONTROLLER of the USER\u2019s personal data and informs that these data will be processed in accordance with the provisions of Regulation (EU) 2016\/679, of April 27 (GDPR), and Organic Law 3\/2018, of December 5 (LOPDGDD). Why do [&hellip;]<\/p>\n","protected":false},"author":3,"featured_media":0,"parent":0,"menu_order":0,"comment_status":"closed","ping_status":"closed","template":"elementor_header_footer","meta":{"footnotes":""},"class_list":["post-9589","page","type-page","status-publish","hentry"],"yoast_head":"<!-- This site is optimized with the Yoast SEO plugin v25.6 - https:\/\/yoast.com\/wordpress\/plugins\/seo\/ -->\n<title>Privacy Policy - Sagardi Group<\/title>\n<meta name=\"robots\" content=\"index, follow, max-snippet:-1, max-image-preview:large, max-video-preview:-1\" \/>\n<link rel=\"canonical\" href=\"https:\/\/sagardigroup.com\/en\/privacy-policy\/\" \/>\n<meta property=\"og:locale\" content=\"en_US\" \/>\n<meta property=\"og:type\" content=\"article\" \/>\n<meta property=\"og:title\" content=\"Privacy Policy - Sagardi Group\" \/>\n<meta property=\"og:description\" content=\"Privacy Policy 1. USER INFORMATION Who is responsible for processing your personal data? LURRA ITSASOA, SL is the CONTROLLER of the USER\u2019s personal data and informs that these data will be processed in accordance with the provisions of Regulation (EU) 2016\/679, of April 27 (GDPR), and Organic Law 3\/2018, of December 5 (LOPDGDD). Why do [&hellip;]\" \/>\n<meta property=\"og:url\" content=\"https:\/\/sagardigroup.com\/en\/privacy-policy\/\" \/>\n<meta property=\"og:site_name\" content=\"Sagardi Group\" \/>\n<meta property=\"article:modified_time\" content=\"2025-01-30T10:33:34+00:00\" \/>\n<meta property=\"og:image\" content=\"https:\/\/sagardigroup.com\/wp-content\/uploads\/2023\/07\/careers.jpg\" \/>\n\t<meta property=\"og:image:width\" content=\"1920\" \/>\n\t<meta property=\"og:image:height\" content=\"1080\" \/>\n\t<meta property=\"og:image:type\" content=\"image\/jpeg\" \/>\n<meta name=\"twitter:card\" content=\"summary_large_image\" \/>\n<meta name=\"twitter:site\" content=\"@gruposagardi\" \/>\n<meta name=\"twitter:label1\" content=\"Est. reading time\" \/>\n\t<meta name=\"twitter:data1\" content=\"3 minutes\" \/>\n<script type=\"application\/ld+json\" class=\"yoast-schema-graph\">{\"@context\":\"https:\/\/schema.org\",\"@graph\":[{\"@type\":\"WebPage\",\"@id\":\"https:\/\/sagardigroup.com\/en\/privacy-policy\/\",\"url\":\"https:\/\/sagardigroup.com\/en\/privacy-policy\/\",\"name\":\"Privacy Policy - Sagardi Group\",\"isPartOf\":{\"@id\":\"https:\/\/sagardigroup.com\/es\/#website\"},\"datePublished\":\"2024-11-27T11:15:53+00:00\",\"dateModified\":\"2025-01-30T10:33:34+00:00\",\"breadcrumb\":{\"@id\":\"https:\/\/sagardigroup.com\/en\/privacy-policy\/#breadcrumb\"},\"inLanguage\":\"en-US\",\"potentialAction\":[{\"@type\":\"ReadAction\",\"target\":[\"https:\/\/sagardigroup.com\/en\/privacy-policy\/\"]}]},{\"@type\":\"BreadcrumbList\",\"@id\":\"https:\/\/sagardigroup.com\/en\/privacy-policy\/#breadcrumb\",\"itemListElement\":[{\"@type\":\"ListItem\",\"position\":1,\"name\":\"Home\",\"item\":\"https:\/\/sagardigroup.com\/en\/\"},{\"@type\":\"ListItem\",\"position\":2,\"name\":\"Privacy Policy\"}]},{\"@type\":\"WebSite\",\"@id\":\"https:\/\/sagardigroup.com\/es\/#website\",\"url\":\"https:\/\/sagardigroup.com\/es\/\",\"name\":\"Sagardi Group | 30 a\u00f1os de pasi\u00f3n por la gastronom\u00eda\",\"description\":\"Sagardi Group\",\"publisher\":{\"@id\":\"https:\/\/sagardigroup.com\/es\/#organization\"},\"potentialAction\":[{\"@type\":\"SearchAction\",\"target\":{\"@type\":\"EntryPoint\",\"urlTemplate\":\"https:\/\/sagardigroup.com\/es\/?s={search_term_string}\"},\"query-input\":{\"@type\":\"PropertyValueSpecification\",\"valueRequired\":true,\"valueName\":\"search_term_string\"}}],\"inLanguage\":\"en-US\"},{\"@type\":\"Organization\",\"@id\":\"https:\/\/sagardigroup.com\/es\/#organization\",\"name\":\"Sagardi Group\",\"url\":\"https:\/\/sagardigroup.com\/es\/\",\"logo\":{\"@type\":\"ImageObject\",\"inLanguage\":\"en-US\",\"@id\":\"https:\/\/sagardigroup.com\/es\/#\/schema\/logo\/image\/\",\"url\":\"https:\/\/sagardigroup.com\/wp-content\/uploads\/2023\/07\/sagardi-bcf.png\",\"contentUrl\":\"https:\/\/sagardigroup.com\/wp-content\/uploads\/2023\/07\/sagardi-bcf.png\",\"width\":250,\"height\":75,\"caption\":\"Sagardi Group\"},\"image\":{\"@id\":\"https:\/\/sagardigroup.com\/es\/#\/schema\/logo\/image\/\"},\"sameAs\":[\"https:\/\/x.com\/gruposagardi\",\"https:\/\/www.instagram.com\/sagardigroup\/?hl=es\",\"https:\/\/www.youtube.com\/@grupsagardi\"]}]}<\/script>\n<!-- \/ Yoast SEO plugin. -->","yoast_head_json":{"title":"Privacy Policy - Sagardi Group","robots":{"index":"index","follow":"follow","max-snippet":"max-snippet:-1","max-image-preview":"max-image-preview:large","max-video-preview":"max-video-preview:-1"},"canonical":"https:\/\/sagardigroup.com\/en\/privacy-policy\/","og_locale":"en_US","og_type":"article","og_title":"Privacy Policy - Sagardi Group","og_description":"Privacy Policy 1. USER INFORMATION Who is responsible for processing your personal data? LURRA ITSASOA, SL is the CONTROLLER of the USER\u2019s personal data and informs that these data will be processed in accordance with the provisions of Regulation (EU) 2016\/679, of April 27 (GDPR), and Organic Law 3\/2018, of December 5 (LOPDGDD). Why do [&hellip;]","og_url":"https:\/\/sagardigroup.com\/en\/privacy-policy\/","og_site_name":"Sagardi Group","article_modified_time":"2025-01-30T10:33:34+00:00","og_image":[{"width":1920,"height":1080,"url":"https:\/\/sagardigroup.com\/wp-content\/uploads\/2023\/07\/careers.jpg","type":"image\/jpeg"}],"twitter_card":"summary_large_image","twitter_site":"@gruposagardi","twitter_misc":{"Est. reading time":"3 minutes"},"schema":{"@context":"https:\/\/schema.org","@graph":[{"@type":"WebPage","@id":"https:\/\/sagardigroup.com\/en\/privacy-policy\/","url":"https:\/\/sagardigroup.com\/en\/privacy-policy\/","name":"Privacy Policy - Sagardi Group","isPartOf":{"@id":"https:\/\/sagardigroup.com\/es\/#website"},"datePublished":"2024-11-27T11:15:53+00:00","dateModified":"2025-01-30T10:33:34+00:00","breadcrumb":{"@id":"https:\/\/sagardigroup.com\/en\/privacy-policy\/#breadcrumb"},"inLanguage":"en-US","potentialAction":[{"@type":"ReadAction","target":["https:\/\/sagardigroup.com\/en\/privacy-policy\/"]}]},{"@type":"BreadcrumbList","@id":"https:\/\/sagardigroup.com\/en\/privacy-policy\/#breadcrumb","itemListElement":[{"@type":"ListItem","position":1,"name":"Home","item":"https:\/\/sagardigroup.com\/en\/"},{"@type":"ListItem","position":2,"name":"Privacy Policy"}]},{"@type":"WebSite","@id":"https:\/\/sagardigroup.com\/es\/#website","url":"https:\/\/sagardigroup.com\/es\/","name":"Sagardi Group | 30 a\u00f1os de pasi\u00f3n por la gastronom\u00eda","description":"Sagardi Group","publisher":{"@id":"https:\/\/sagardigroup.com\/es\/#organization"},"potentialAction":[{"@type":"SearchAction","target":{"@type":"EntryPoint","urlTemplate":"https:\/\/sagardigroup.com\/es\/?s={search_term_string}"},"query-input":{"@type":"PropertyValueSpecification","valueRequired":true,"valueName":"search_term_string"}}],"inLanguage":"en-US"},{"@type":"Organization","@id":"https:\/\/sagardigroup.com\/es\/#organization","name":"Sagardi Group","url":"https:\/\/sagardigroup.com\/es\/","logo":{"@type":"ImageObject","inLanguage":"en-US","@id":"https:\/\/sagardigroup.com\/es\/#\/schema\/logo\/image\/","url":"https:\/\/sagardigroup.com\/wp-content\/uploads\/2023\/07\/sagardi-bcf.png","contentUrl":"https:\/\/sagardigroup.com\/wp-content\/uploads\/2023\/07\/sagardi-bcf.png","width":250,"height":75,"caption":"Sagardi Group"},"image":{"@id":"https:\/\/sagardigroup.com\/es\/#\/schema\/logo\/image\/"},"sameAs":["https:\/\/x.com\/gruposagardi","https:\/\/www.instagram.com\/sagardigroup\/?hl=es","https:\/\/www.youtube.com\/@grupsagardi"]}]}},"_links":{"self":[{"href":"https:\/\/sagardigroup.com\/en\/wp-json\/wp\/v2\/pages\/9589","targetHints":{"allow":["GET"]}}],"collection":[{"href":"https:\/\/sagardigroup.com\/en\/wp-json\/wp\/v2\/pages"}],"about":[{"href":"https:\/\/sagardigroup.com\/en\/wp-json\/wp\/v2\/types\/page"}],"author":[{"embeddable":true,"href":"https:\/\/sagardigroup.com\/en\/wp-json\/wp\/v2\/users\/3"}],"replies":[{"embeddable":true,"href":"https:\/\/sagardigroup.com\/en\/wp-json\/wp\/v2\/comments?post=9589"}],"version-history":[{"count":7,"href":"https:\/\/sagardigroup.com\/en\/wp-json\/wp\/v2\/pages\/9589\/revisions"}],"predecessor-version":[{"id":12938,"href":"https:\/\/sagardigroup.com\/en\/wp-json\/wp\/v2\/pages\/9589\/revisions\/12938"}],"wp:attachment":[{"href":"https:\/\/sagardigroup.com\/en\/wp-json\/wp\/v2\/media?parent=9589"}],"curies":[{"name":"wp","href":"https:\/\/api.w.org\/{rel}","templated":true}]}}