{"id":9144,"date":"2024-11-27T09:51:02","date_gmt":"2024-11-27T09:51:02","guid":{"rendered":"https:\/\/sagardigroup.com\/?page_id=9144"},"modified":"2025-11-27T14:52:06","modified_gmt":"2025-11-27T14:52:06","slug":"aviso-legal","status":"publish","type":"page","link":"https:\/\/sagardigroup.com\/eu\/aviso-legal\/","title":{"rendered":"Lege Oharra"},"content":{"rendered":"\t\t<div data-elementor-type=\"wp-page\" data-elementor-id=\"9144\" class=\"elementor elementor-9144 elementor-8717\" data-elementor-post-type=\"page\">\n\t\t\t\t<div class=\"elementor-element elementor-element-e2313bf e-flex e-con-boxed e-con e-parent\" data-id=\"e2313bf\" data-element_type=\"container\" data-settings=\"{&quot;jet_parallax_layout_list&quot;:[]}\">\n\t\t\t\t\t<div class=\"e-con-inner\">\n\t\t\t\t<div class=\"elementor-element elementor-element-ac2d810 elementor-widget elementor-widget-heading\" data-id=\"ac2d810\" data-element_type=\"widget\" data-widget_type=\"heading.default\">\n\t\t\t\t<div class=\"elementor-widget-container\">\n\t\t\t\t\t<h1 class=\"elementor-heading-title elementor-size-default\">Lege Oharra<\/h1>\t\t\t\t<\/div>\n\t\t\t\t<\/div>\n\t\t\t\t<div class=\"elementor-element elementor-element-2b9e5c7 elementor-widget elementor-widget-text-editor\" data-id=\"2b9e5c7\" data-element_type=\"widget\" data-widget_type=\"text-editor.default\">\n\t\t\t\t<div class=\"elementor-widget-container\">\n\t\t\t\t\t\t\t\t\t<h1>INFORMAZIO GIZARTEAREN ZERBITZUEI BURUZKO LEGEA (LSSI)<\/h1><p>LURRA ITSASOA, SL, webgune honen arduraduna (hemendik aurrera, ARDURADUNA), dokumentu hau erabiltzaileen eskura jartzen du, <strong>uztailaren 11ko 34\/2002 Legea<\/strong>, <strong>Informazio Gizartearen Zerbitzuak eta Merkataritza Elektronikoa (LSSICE)<\/strong> betetzeko, BOE 166. zenbakian argitaratua, baita webgunearen erabilera-baldintzen berri emateko ere.<\/p><p>Webgune honetara sartzen den edonork <strong>erabiltzailearen<\/strong> rola hartzen du, eta hemen ezarritako xedapenak zorrotz betetzeko konpromisoa hartzen du, baita aplikagarriak izan daitezkeen gainerako lege-xedapenak ere.<\/p><p>LURRA ITSASOA, SL-k <strong>webgunean ager daitekeen edozein informazio aldatzeko eskubidea<\/strong> gordetzen du, erabiltzaileei aldez aurretik jakinarazi beharrik gabe. Nahikoa izango da aldaketak <strong>LURRA ITSASOA, SL-ren webgunean argitaratzea<\/strong>.<\/p><h2>\u00a0<\/h2><h2>1. IDENTIFIKAZIO-DATUAK<\/h2><p>Domeinu hau LURRA ITSASOAren jabegoa da.<\/p><ul><li><strong>Izen komertziala:<\/strong> LURRA ITSASOA<\/li><li><strong>Izena sozietarioa:<\/strong> LURRA ITSASOA, SL<\/li><li><strong>IFK (NIF):<\/strong> B66410937<\/li><li><strong>Helbidea:<\/strong> Murcia 51, 08830 Sant Boi de Llobregat (BARCELONA)<\/li><li><strong>Telefonoa:<\/strong> \u2026\u2026\u2026\u2026\u2026\u2026\u2026\u2026<\/li><li><strong>Posta elektronikoa:<\/strong> <a rel=\"noopener\">rgpd@sagardi.com<\/a><\/li><\/ul><h2>\u00a0<\/h2><h2>2. JABETZA INTELEKTUALA ETA INDUSTRIALA<\/h2><p>Webgunea, barne hartuta baina mugatu gabe <strong>programazioa, edizioa, konpilazioa, diseinuak, logotipoak, testuak eta\/edo irudiak<\/strong>, ARDURADUNAREN jabetzakoak dira, edo, hala badagokio, egileen baimen esplizitua edo lizentzia dute. Webguneko eduki guztiak <strong>jabetza intelektual eta industrialaren araudiak babestuta daude<\/strong> eta dagokien erregistro publikoetan inskribatuta.<\/p><p>Edozein erabileratarako, <strong>erabateko edo zatikako erreprodukzioa, ustiapena, banaketa eta merkaturatzea<\/strong> ARDURADUNAREN <strong>aurretiazko idatzizko baimenarekin bakarrik<\/strong> egin daiteke. Aurretik baimenik gabeko edozein erabilera <strong>egilearen jabetza intelektual edo industrialaren eskubideen urraketa larria<\/strong> izango da.<\/p><p>Webgunean ager daitezkeen hirugarrenen <strong>diseinuak, logotipoak, testuak eta\/edo irudiak<\/strong> beren jabeenak dira, eta haiek izango dira sor daitezkeen gatazken erantzule. ARDURADUNAK <strong>hirugarrenek zuzenean webguneko eduki zehatzetara estekatzea baimentzen du<\/strong>, baita <strong>sagardigroup.com webgunera bideratzea<\/strong> ere.<\/p><p>ARDURADUNAK <strong>hirugarrenen jabetza intelektual eta industrialeko eskubideak aitortzen ditu<\/strong>, eta haien aipamenak edo presentziak <strong>ez du inolako eskubide edo erantzukizunik suposatzen<\/strong>, ez eta bermea, babeslea edo gomendioa ere.<\/p><p>Edozein <strong>urraketa posible<\/strong> edo edukiari buruzko oharrak egiteko, jar zaitez harremanetan: <strong><a rel=\"noopener\">rgpd@sagardi.com<\/a><\/strong>.<\/p><h2>\u00a0<\/h2><h2>3. ERANTZUKIZUNETIK SALBUESTEAK<\/h2><p>ARDURADUNA ez da <strong>webgunean argitaratutako informazioaren<\/strong> erantzule izango, baldin eta informazio hori <strong>hirugarren batek manipulatua edo sartua izan bada<\/strong>. Hori gertatzen bada, ARDURADUNAK <strong>datuak kentzeko edo haien sarbidea blokeatzeko neurriak hartuko ditu<\/strong>.<\/p><h3>Cookie-ak erabiltzea<\/h3><p>Webgune honek <strong>cookie teknikoak<\/strong> erabil ditzake (zerbitzariak erabiltzailearen ordenagailura bidaltzen dituen informazio-fitxategi txikiak) <strong>webgunearen funtzionamendu egokia bermatzeko<\/strong>. Cookie hauek <strong>aldi baterakoak dira<\/strong> eta saioa amaitzean ezabatu egiten dira. Ez dute <strong>datu pertsonalik biltzen<\/strong>.<\/p><p>Gainera, cookie-ak erabil daitezke <strong>nabigazio-esperientzia errazteko<\/strong>, hala nola erregistratutako erabiltzaileei gune pribatuetara sartzea errazteko. Webgune honek <strong>ez du ezarriko beharrezkoak ez diren cookie-ak erabiltzailearen baimenik gabe<\/strong>. Erabiltzaileak <strong>bere nabigatzailea konfigura dezake cookie-ak blokeatzeko<\/strong>. Informazio gehiago lortzeko, kontsultatu zure nabigatzailearen jarraibideak.<\/p><h3>Esteken politika<\/h3><p>Webgunetik <strong>hirugarrenen edukietara birbideratu daiteke<\/strong>. ARDURADUNAK <strong>ez du kontrol osoa<\/strong> edukion, eta horregatik, <strong>ez da erantzule egingo<\/strong> estekatutako edukien inguruan. Hala ere, <strong>legez kanpoko edo desegokiak<\/strong> diren edukiak aurkituz gero, ARDURADUNAK <strong>berehala ezabatuko ditu eta agintari eskudunei jakinaraziko die<\/strong>.<\/p><p>ARDURADUNAK <strong>ez du erantzukizunik izango<\/strong> erabiltzaileek foroetan, txatetan, blogetan, iruzkinetan edo sare sozialetan argitaratutako edukiagatik. Hala ere, <strong>LSSICE-ren 11. eta 16. artikuluak betez<\/strong>, ARDURADUNAK <strong>legearen aurkako edukien ezabapenean edo blokeoan aktiboki lagunduko du<\/strong>. Erabiltzaile batek eduki desegokia identifikatzen badu, <strong>webguneko administratzaileari jakinarazteko eskatzen zaio<\/strong>.<\/p><p>Webgune honek <strong>24 orduz, urteko 365 egunetan funtzionatzeko proba egin du<\/strong>. Hala ere, ARDURADUNAK ez du baztertzen <strong>programazio-akatsak, ezinbesteko arrazoiak, hondamendi naturalak edo grebak<\/strong> gerta daitezkeenik, eta horrek webgunerako sarbidea galaraz dezake.<\/p><h3>IP helbideak<\/h3><p>Webguneko zerbitzariek automatikoki detekta ditzakete erabiltzailearen <strong>IP helbidea eta domeinu izena<\/strong>. <strong>IP helbidea<\/strong> Internetera konektatzen denean ordenagailu bati automatikoki esleitzen zaion zenbakia da. Informazio hori <strong>zerbitzariaren jarduera-erregistro batean gordetzen da<\/strong>, eta ondoren <strong>estatistika-helburuetarako soilik prozesatzen da<\/strong>, hala nola <strong>bisita-kopurua, nabigazio-segida eta sarbide-puntuak neurtzeko<\/strong>.<\/p><h2>\u00a0<\/h2><h2>4. APLIKATU BEHARREKO LEGEA ETA JURISDIKZIOA<\/h2><p>Webgune honekin edo bertan egiten diren jarduerekin <strong>lotutako gatazkak konpontzeko<\/strong>, <strong>Espainiako legeria aplikatuko da<\/strong>. Alderdiek <strong>lege hau onartzen dute berariaz<\/strong>, eta erabiltzailearen <strong>bizilekuko auzitegi eskudunak<\/strong> edo <strong>betebeharra betetzen den tokiko auzitegiak<\/strong> izango dira gatazkak ebazteko arduradunak.<\/p>\t\t\t\t\t\t\t\t<\/div>\n\t\t\t\t<\/div>\n\t\t\t\t\t<\/div>\n\t\t\t\t<\/div>\n\t\t\t\t<\/div>\n\t\t","protected":false},"excerpt":{"rendered":"<p>Lege Oharra INFORMAZIO GIZARTEAREN ZERBITZUEI BURUZKO LEGEA (LSSI) LURRA ITSASOA, SL, webgune honen arduraduna (hemendik aurrera, ARDURADUNA), dokumentu hau erabiltzaileen eskura jartzen du, uztailaren 11ko 34\/2002 Legea, Informazio Gizartearen Zerbitzuak eta Merkataritza Elektronikoa (LSSICE) betetzeko, BOE 166. zenbakian argitaratua, baita webgunearen erabilera-baldintzen berri emateko ere. Webgune honetara sartzen den edonork erabiltzailearen rola hartzen du, eta [&hellip;]<\/p>\n","protected":false},"author":3,"featured_media":0,"parent":0,"menu_order":0,"comment_status":"closed","ping_status":"closed","template":"elementor_header_footer","meta":{"footnotes":""},"class_list":["post-9144","page","type-page","status-publish","hentry"],"yoast_head":"<!-- This site is optimized with the Yoast SEO plugin v25.6 - https:\/\/yoast.com\/wordpress\/plugins\/seo\/ -->\n<title>Lege Oharra - Sagardi Group<\/title>\n<meta name=\"robots\" content=\"index, follow, max-snippet:-1, max-image-preview:large, max-video-preview:-1\" \/>\n<link rel=\"canonical\" href=\"https:\/\/sagardigroup.com\/eu\/aviso-legal\/\" \/>\n<meta property=\"og:locale\" content=\"eu_ES\" \/>\n<meta property=\"og:type\" content=\"article\" \/>\n<meta property=\"og:title\" content=\"Lege Oharra - Sagardi Group\" \/>\n<meta property=\"og:description\" content=\"Lege Oharra INFORMAZIO GIZARTEAREN ZERBITZUEI BURUZKO LEGEA (LSSI) LURRA ITSASOA, SL, webgune honen arduraduna (hemendik aurrera, ARDURADUNA), dokumentu hau erabiltzaileen eskura jartzen du, uztailaren 11ko 34\/2002 Legea, Informazio Gizartearen Zerbitzuak eta Merkataritza Elektronikoa (LSSICE) betetzeko, BOE 166. zenbakian argitaratua, baita webgunearen erabilera-baldintzen berri emateko ere. Webgune honetara sartzen den edonork erabiltzailearen rola hartzen du, eta [&hellip;]\" \/>\n<meta property=\"og:url\" content=\"https:\/\/sagardigroup.com\/eu\/aviso-legal\/\" \/>\n<meta property=\"og:site_name\" content=\"Sagardi Group\" \/>\n<meta property=\"article:modified_time\" content=\"2025-11-27T14:52:06+00:00\" \/>\n<meta property=\"og:image\" content=\"https:\/\/sagardigroup.com\/wp-content\/uploads\/2023\/07\/careers.jpg\" \/>\n\t<meta property=\"og:image:width\" content=\"1920\" \/>\n\t<meta property=\"og:image:height\" content=\"1080\" \/>\n\t<meta property=\"og:image:type\" content=\"image\/jpeg\" \/>\n<meta name=\"twitter:card\" content=\"summary_large_image\" \/>\n<meta name=\"twitter:site\" content=\"@gruposagardi\" \/>\n<meta name=\"twitter:label1\" content=\"Est. reading time\" \/>\n\t<meta name=\"twitter:data1\" content=\"4 minutes\" \/>\n<script type=\"application\/ld+json\" class=\"yoast-schema-graph\">{\"@context\":\"https:\/\/schema.org\",\"@graph\":[{\"@type\":\"WebPage\",\"@id\":\"https:\/\/sagardigroup.com\/eu\/aviso-legal\/\",\"url\":\"https:\/\/sagardigroup.com\/eu\/aviso-legal\/\",\"name\":\"Lege Oharra - Sagardi Group\",\"isPartOf\":{\"@id\":\"https:\/\/sagardigroup.com\/es\/#website\"},\"datePublished\":\"2024-11-27T09:51:02+00:00\",\"dateModified\":\"2025-11-27T14:52:06+00:00\",\"breadcrumb\":{\"@id\":\"https:\/\/sagardigroup.com\/eu\/aviso-legal\/#breadcrumb\"},\"inLanguage\":\"eu-ES\",\"potentialAction\":[{\"@type\":\"ReadAction\",\"target\":[\"https:\/\/sagardigroup.com\/eu\/aviso-legal\/\"]}]},{\"@type\":\"BreadcrumbList\",\"@id\":\"https:\/\/sagardigroup.com\/eu\/aviso-legal\/#breadcrumb\",\"itemListElement\":[{\"@type\":\"ListItem\",\"position\":1,\"name\":\"Home\",\"item\":\"https:\/\/sagardigroup.com\/pt-pt\/\"},{\"@type\":\"ListItem\",\"position\":2,\"name\":\"Lege Oharra\"}]},{\"@type\":\"WebSite\",\"@id\":\"https:\/\/sagardigroup.com\/es\/#website\",\"url\":\"https:\/\/sagardigroup.com\/es\/\",\"name\":\"Sagardi Group | 30 a\u00f1os de pasi\u00f3n por la gastronom\u00eda\",\"description\":\"Sagardi Group\",\"publisher\":{\"@id\":\"https:\/\/sagardigroup.com\/es\/#organization\"},\"potentialAction\":[{\"@type\":\"SearchAction\",\"target\":{\"@type\":\"EntryPoint\",\"urlTemplate\":\"https:\/\/sagardigroup.com\/es\/?s={search_term_string}\"},\"query-input\":{\"@type\":\"PropertyValueSpecification\",\"valueRequired\":true,\"valueName\":\"search_term_string\"}}],\"inLanguage\":\"eu-ES\"},{\"@type\":\"Organization\",\"@id\":\"https:\/\/sagardigroup.com\/es\/#organization\",\"name\":\"Sagardi Group\",\"url\":\"https:\/\/sagardigroup.com\/es\/\",\"logo\":{\"@type\":\"ImageObject\",\"inLanguage\":\"eu-ES\",\"@id\":\"https:\/\/sagardigroup.com\/es\/#\/schema\/logo\/image\/\",\"url\":\"https:\/\/sagardigroup.com\/wp-content\/uploads\/2023\/07\/sagardi-bcf.png\",\"contentUrl\":\"https:\/\/sagardigroup.com\/wp-content\/uploads\/2023\/07\/sagardi-bcf.png\",\"width\":250,\"height\":75,\"caption\":\"Sagardi Group\"},\"image\":{\"@id\":\"https:\/\/sagardigroup.com\/es\/#\/schema\/logo\/image\/\"},\"sameAs\":[\"https:\/\/x.com\/gruposagardi\",\"https:\/\/www.instagram.com\/sagardigroup\/?hl=es\",\"https:\/\/www.youtube.com\/@grupsagardi\"]}]}<\/script>\n<!-- \/ Yoast SEO plugin. -->","yoast_head_json":{"title":"Lege Oharra - Sagardi Group","robots":{"index":"index","follow":"follow","max-snippet":"max-snippet:-1","max-image-preview":"max-image-preview:large","max-video-preview":"max-video-preview:-1"},"canonical":"https:\/\/sagardigroup.com\/eu\/aviso-legal\/","og_locale":"eu_ES","og_type":"article","og_title":"Lege Oharra - Sagardi Group","og_description":"Lege Oharra INFORMAZIO GIZARTEAREN ZERBITZUEI BURUZKO LEGEA (LSSI) LURRA ITSASOA, SL, webgune honen arduraduna (hemendik aurrera, ARDURADUNA), dokumentu hau erabiltzaileen eskura jartzen du, uztailaren 11ko 34\/2002 Legea, Informazio Gizartearen Zerbitzuak eta Merkataritza Elektronikoa (LSSICE) betetzeko, BOE 166. zenbakian argitaratua, baita webgunearen erabilera-baldintzen berri emateko ere. Webgune honetara sartzen den edonork erabiltzailearen rola hartzen du, eta [&hellip;]","og_url":"https:\/\/sagardigroup.com\/eu\/aviso-legal\/","og_site_name":"Sagardi Group","article_modified_time":"2025-11-27T14:52:06+00:00","og_image":[{"width":1920,"height":1080,"url":"https:\/\/sagardigroup.com\/wp-content\/uploads\/2023\/07\/careers.jpg","type":"image\/jpeg"}],"twitter_card":"summary_large_image","twitter_site":"@gruposagardi","twitter_misc":{"Est. reading time":"4 minutes"},"schema":{"@context":"https:\/\/schema.org","@graph":[{"@type":"WebPage","@id":"https:\/\/sagardigroup.com\/eu\/aviso-legal\/","url":"https:\/\/sagardigroup.com\/eu\/aviso-legal\/","name":"Lege Oharra - Sagardi Group","isPartOf":{"@id":"https:\/\/sagardigroup.com\/es\/#website"},"datePublished":"2024-11-27T09:51:02+00:00","dateModified":"2025-11-27T14:52:06+00:00","breadcrumb":{"@id":"https:\/\/sagardigroup.com\/eu\/aviso-legal\/#breadcrumb"},"inLanguage":"eu-ES","potentialAction":[{"@type":"ReadAction","target":["https:\/\/sagardigroup.com\/eu\/aviso-legal\/"]}]},{"@type":"BreadcrumbList","@id":"https:\/\/sagardigroup.com\/eu\/aviso-legal\/#breadcrumb","itemListElement":[{"@type":"ListItem","position":1,"name":"Home","item":"https:\/\/sagardigroup.com\/pt-pt\/"},{"@type":"ListItem","position":2,"name":"Lege Oharra"}]},{"@type":"WebSite","@id":"https:\/\/sagardigroup.com\/es\/#website","url":"https:\/\/sagardigroup.com\/es\/","name":"Sagardi Group | 30 a\u00f1os de pasi\u00f3n por la gastronom\u00eda","description":"Sagardi Group","publisher":{"@id":"https:\/\/sagardigroup.com\/es\/#organization"},"potentialAction":[{"@type":"SearchAction","target":{"@type":"EntryPoint","urlTemplate":"https:\/\/sagardigroup.com\/es\/?s={search_term_string}"},"query-input":{"@type":"PropertyValueSpecification","valueRequired":true,"valueName":"search_term_string"}}],"inLanguage":"eu-ES"},{"@type":"Organization","@id":"https:\/\/sagardigroup.com\/es\/#organization","name":"Sagardi Group","url":"https:\/\/sagardigroup.com\/es\/","logo":{"@type":"ImageObject","inLanguage":"eu-ES","@id":"https:\/\/sagardigroup.com\/es\/#\/schema\/logo\/image\/","url":"https:\/\/sagardigroup.com\/wp-content\/uploads\/2023\/07\/sagardi-bcf.png","contentUrl":"https:\/\/sagardigroup.com\/wp-content\/uploads\/2023\/07\/sagardi-bcf.png","width":250,"height":75,"caption":"Sagardi Group"},"image":{"@id":"https:\/\/sagardigroup.com\/es\/#\/schema\/logo\/image\/"},"sameAs":["https:\/\/x.com\/gruposagardi","https:\/\/www.instagram.com\/sagardigroup\/?hl=es","https:\/\/www.youtube.com\/@grupsagardi"]}]}},"_links":{"self":[{"href":"https:\/\/sagardigroup.com\/eu\/wp-json\/wp\/v2\/pages\/9144","targetHints":{"allow":["GET"]}}],"collection":[{"href":"https:\/\/sagardigroup.com\/eu\/wp-json\/wp\/v2\/pages"}],"about":[{"href":"https:\/\/sagardigroup.com\/eu\/wp-json\/wp\/v2\/types\/page"}],"author":[{"embeddable":true,"href":"https:\/\/sagardigroup.com\/eu\/wp-json\/wp\/v2\/users\/3"}],"replies":[{"embeddable":true,"href":"https:\/\/sagardigroup.com\/eu\/wp-json\/wp\/v2\/comments?post=9144"}],"version-history":[{"count":11,"href":"https:\/\/sagardigroup.com\/eu\/wp-json\/wp\/v2\/pages\/9144\/revisions"}],"predecessor-version":[{"id":14017,"href":"https:\/\/sagardigroup.com\/eu\/wp-json\/wp\/v2\/pages\/9144\/revisions\/14017"}],"wp:attachment":[{"href":"https:\/\/sagardigroup.com\/eu\/wp-json\/wp\/v2\/media?parent=9144"}],"curies":[{"name":"wp","href":"https:\/\/api.w.org\/{rel}","templated":true}]}}