{"id":9145,"date":"2024-11-27T09:43:21","date_gmt":"2024-11-27T09:43:21","guid":{"rendered":"https:\/\/sagardigroup.com\/?page_id=9145"},"modified":"2025-01-30T12:04:31","modified_gmt":"2025-01-30T12:04:31","slug":"politica-de-cookies","status":"publish","type":"page","link":"https:\/\/sagardigroup.com\/eu\/politica-de-cookies\/","title":{"rendered":"Cookieen Politika"},"content":{"rendered":"\t\t<div data-elementor-type=\"wp-page\" data-elementor-id=\"9145\" class=\"elementor elementor-9145 elementor-8706\" data-elementor-post-type=\"page\">\n\t\t\t\t<div class=\"elementor-element elementor-element-e2313bf e-flex e-con-boxed e-con e-parent\" data-id=\"e2313bf\" data-element_type=\"container\" data-settings=\"{&quot;jet_parallax_layout_list&quot;:[]}\">\n\t\t\t\t\t<div class=\"e-con-inner\">\n\t\t\t\t<div class=\"elementor-element elementor-element-ac2d810 elementor-widget elementor-widget-heading\" data-id=\"ac2d810\" data-element_type=\"widget\" data-widget_type=\"heading.default\">\n\t\t\t\t<div class=\"elementor-widget-container\">\n\t\t\t\t\t<h1 class=\"elementor-heading-title elementor-size-default\">Cookieen Politika<\/h1>\t\t\t\t<\/div>\n\t\t\t\t<\/div>\n\t\t\t\t<div class=\"elementor-element elementor-element-2b9e5c7 elementor-widget elementor-widget-text-editor\" data-id=\"2b9e5c7\" data-element_type=\"widget\" data-widget_type=\"text-editor.default\">\n\t\t\t\t<div class=\"elementor-widget-container\">\n\t\t\t\t\t\t\t\t\t<h1><strong>COOKIEEI BURUZKO INFORMAZIOA<\/strong><\/h1><p><strong>2002ko uztailaren 11ko 34\/2002 Legearekin<\/strong>, Informazioaren Gizartearen Zerbitzuei eta Merkataritza Elektronikoari buruzko Legearekin (<strong>LSSI<\/strong>), bat etorriz, baita <strong>Europako Parlamentuaren eta Kontseiluaren 2016ko apirilaren 27ko (EB) 2016\/679 Erregelamenduarekin (GDPR)<\/strong> eta <strong>2018ko abenduaren 5eko 3\/2018 Lege Organikoarekin (LOPDGDD)<\/strong> ere, erabiltzailearen <strong>baimen espresua<\/strong> lortu behar da webguneek ez-derrigorrezko cookieak erabiltzen dituztenean, erabiltzaileak horietan nabigatu baino lehen.<\/p><h2>\u00a0<\/h2><h2><strong>ZER DIRA COOKIEAK?<\/strong><\/h2><p><strong>Cookieak<\/strong> eta horien antzeko beste teknologia batzuk, hala nola <strong>local shared objects, flash cookieak edo pixelak<\/strong>, web zerbitzariek erabiltzen dituzten tresnak dira <strong>bisitariei buruzko informazioa gordetzeko eta berreskuratzeko<\/strong>, baita webguneak behar bezala funtzionatzeko ere.<\/p><p>Tresna horiei esker, web zerbitzariak <strong>erabiltzailearen hainbat datu gogoratu<\/strong> ditzake, hala nola bistaratze-hobespenak, erabiltzaile-izena eta pasahitza, gehien interesatzen zaizkion produktuak, eta abar.<\/p><h2>\u00a0<\/h2><h2><strong>LEGEAK ARAUTUTAKO COOKIEAK ETA SALBUETSITAKO COOKIEAK<\/strong><\/h2><p><strong>EBko zuzentarauaren<\/strong> arabera, <strong>erabiltzailearen baimen informatua behar duten cookieak<\/strong> honako hauek dira:<\/p><ul><li><strong>Analisi-cookieak<\/strong><\/li><li><strong>Publizitate- eta afiliazio-cookieak<\/strong><\/li><\/ul><p>Baimen honetatik <strong>salbuetsita<\/strong> daude <strong>cookie teknikoak eta erabiltzaileak eskatutako zerbitzuak emateko edo webgunea behar bezala funtziona dezan beharrezkoak direnak<\/strong>.<\/p><h2>\u00a0<\/h2><h2><strong>COOKIE MOTAK<\/strong><\/h2><h3><strong>HELBURUAREN ARABERA<\/strong><\/h3><ul><li><strong>Cookie teknikoak eta funtzionalak<\/strong>: Erabiltzaileari web orri batean, plataforman edo aplikazioan nabigatzen uzten diote, baita bertan dauden aukera edo zerbitzuak erabiltzeko ere.<\/li><li><strong>Analisi-cookieak<\/strong>: Erabiltzaileen portaera <strong>aztertu eta jarraipena egiteko<\/strong> balio dute. Bildutako informazioa webguneko jarduera neurtzeko eta nabigazio-profilak sortzeko erabiltzen da, zerbitzua hobetu ahal izateko.<\/li><li><strong>Publizitate-cookieak<\/strong>: Editoreak bere webgunean, aplikazioan edo plataforman sartutako iragarki-eremuak ahalik eta modu eraginkorrenean kudeatzeko aukera ematen dute.<\/li><li><strong>Jokabidezko publizitate-cookieak<\/strong>: Erabiltzailearen <strong>hobespen eta aukerei buruzko informazioa<\/strong> jasotzen dute (<strong>retargeting<\/strong>), eta publizitate-eremuak kudeatzeko erabiltzen dira.<\/li><li><strong>Sare sozialen cookieak<\/strong>: Sare sozialek erabiltzaileek edukia partekatu ahal izateko ezartzen dituzten cookieak dira. Plataformek erabiltzailearen <strong>jarduera lineaz kanpo jarraitu<\/strong> dezakete, eta horrek eragina izan dezake erakusten zaizkion edukietan.<\/li><li><strong>Afiliazio-cookieak<\/strong>: Beste webgune batzuetatik datozen bisitak jarraitzeko erabiltzen dira, afiliazio-akordioa duten webguneekin lotura dutelarik.<\/li><li><strong>Segurtasun-cookieak<\/strong>: Datuak <strong>zifratzeko erabiltzen dira<\/strong>, hirugarrenen <strong>eraso maltzurrak saihesteko<\/strong>.<\/li><\/ul><h3>\u00a0<\/h3><h3><strong>JABEGOTZAREN ARABERA<\/strong><\/h3><ul><li><strong>Cookie propioak<\/strong>: Editoreak berak kudeatzen duen domeinu batetik bidaltzen dira, eta erabiltzaileak eskatutako zerbitzua eskaintzeko erabiltzen dira.<\/li><li><strong>Hirugarrenen cookieak<\/strong>: Erabiltzailearen gailura bidaltzen dira, baina beste entitate batek kudeatzen ditu, eta cookieen bidez jasotako datuak prozesatzen ditu.<\/li><\/ul><h3>\u00a0<\/h3><h3><strong>GORDENTZE EPEAREN ARABERA<\/strong><\/h3><ul><li><strong>Saioko cookieak<\/strong>: Erabiltzaileak webgune batean sartzen den bitartean datuak biltzen eta gordetzen dituzten cookieak dira.<\/li><li><strong>Cookie iraunkorrak<\/strong>: Erabiltzailearen gailuan gordetzen diren cookieak dira, eta cookiearen arduradunak ezarritako epean atzitu eta tratatu daitezke (minutu batzuk edo hainbat urte izan daitezke).<\/li><\/ul><h2>\u00a0<\/h2><h2><strong>DATU PERTSONALEN TRATAMENDUA<\/strong><\/h2><p><strong>LURRA ITSASOA, SL<\/strong> da <strong>Datuen Tratamenduaren Arduraduna<\/strong>, eta erabiltzaileari jakinarazten dio bere datuak <strong>2016ko apirilaren 27ko (EB) 2016\/679 Erregelamenduaren (GDPR)<\/strong> arabera tratatuko direla. Hona hemen tratamenduaren xehetasunak:<\/p><ul><li><strong>Tratamenduaren helburua<\/strong>: Webgune honetan erabilitako cookieen atalean adierazitakoa.<\/li><li><strong>Tratamenduaren legitimazioa<\/strong>: Webguneko nabigaziorako beharrezkoak diren kasuak salbu, <strong>Erabiltzailearen baimenaren bidez (6.1 GDPR Art.)<\/strong> burutuko da.<\/li><li><strong>Datuen kontserbazio irizpideak<\/strong>: Webgune honetan erabilitako cookieen atalean adierazitakoa.<\/li><li><strong>Datuen komunikazioa<\/strong>: Ez zaizkie hirugarrenei lagako, <strong>hirugarrenen cookieak<\/strong> edo lege-betebeharrak hala eskatzen badute izan ezik.<\/li><\/ul><h3>\u00a0<\/h3><h3><strong>Erabiltzailearen Eskubideak<\/strong><\/h3><ul><li>Edozein unetan baimena kentzeko eskubidea.<\/li><li>Bere datuetara sartzeko, horiek zuzentzeko, eramangarritasunerako eta ezabatzeko eskubidea, bai eta haien tratamendua mugatzeko edo aurka egiteko eskubidea ere.<\/li><li><strong>Datuak Babesteko Agintaritzan (www.aepd.es) erreklamazioa aurkezteko eskubidea<\/strong>, datuen tratamendua araudiari egokitzen ez zaiola uste badu.<\/li><\/ul><p>\u00a0<\/p><p><strong>Eskubide horiek baliatzeko kontaktua<\/strong>:<\/p><p><strong>LURRA ITSASOA, SL<\/strong><br \/>Murcia, 51 \u2013 08830 Sant Boi de Llobregat (Bartzelona)<br \/>E-mail: <strong><a rel=\"noopener\">rgpd@sagardi.com<\/a><\/strong><\/p><h2>\u00a0<\/h2><h2><strong>WEBGUNE HAU ERABILTZEN ARI DEN COOKIEAK<\/strong><\/h2><p>Hirugarrenen zerbitzuak editorearen kontrolpean ez daude. Hornitzaileek beren zerbitzu-baldintzak, helburuak eta cookieen erabilera edonoiz alda ditzakete.<\/p><p><strong>Panele honetatik konfiguratu ditzakezu webguneak zure nabigatzailean instala ditzakeen cookieak, nabigaziorako beharrezkoak diren cookie teknikoak edo funtzionalak izan ezik.<\/strong><\/p><h2>\u00a0<\/h2><h2><strong>NABIGATZAILEETATIK COOKIEAK KUDEATZEKO MODUA<\/strong><\/h2><h3><strong>Gailutik cookieak ezabatzea<\/strong><\/h3><p>Dagoeneko instalatuta dauden cookieak nabigatzailearen historia ezabatuz kendu daitezke. Hala ere, horrek gordetako informazioa galtzea ekar dezake (adibidez, saioa hasteko datuak edo webguneko hobespenak).<\/p><h3><strong>Webgune bakoitzeko cookieak kudeatzea<\/strong><\/h3><p>Erabiltzaileek beren nabigatzaileko pribatutasun- eta cookie-ezarpenak konfigura ditzakete, cookie espezifikoak kudeatzeko.<\/p><h3><strong>Cookieak blokeatzea<\/strong><\/h3><p>Nabigatzaile gehienak konfiguratu daitezke cookieak instalatzea saihesteko, baina horrek eskuzko doikuntzak egitea beharko du zenbait zerbitzu erabiltzerakoan.<\/p><h3>\u00a0<\/h3><h3>NOLA EZABATU COOKIEAK OHIKOENAK DIREN NABIGATZAILEETAN<\/h3><table border=\"1\"><tbody><tr><th>Nabigatzailea<\/th><th>Laguntza Esteka<\/th><\/tr><tr><td>Chrome<\/td><td><a href=\"http:\/\/support.google.com\/chrome\/answer\/95647?hl=es\">Soporte Chrome<\/a><\/td><\/tr><tr><td>Edge<\/td><td><a href=\"https:\/\/support.microsoft.com\/es-es\/microsoft-edge\/eliminar-las-cookies-en-microsoft-edge-63947406-40ac-c3b8-57b9-2a946a29ae09\">Soporte Edge<\/a><\/td><\/tr><tr><td>Explorer<\/td><td><a href=\"https:\/\/support.microsoft.com\/es-es\/help\/278835\/how-to-delete-cookie-files-in-internet-explorer\">Soporte Explorer<\/a><\/td><\/tr><tr><td>Firefox<\/td><td><a href=\"https:\/\/www.mozilla.org\/es-ES\/privacy\/websites\/#cookies\">Soporte Firefox<\/a><\/td><\/tr><tr><td>Safari<\/td><td><a href=\"https:\/\/support.apple.com\/es-es\/guide\/safari\/sfri11471\/mac\">Soporte Safari<\/a><\/td><\/tr><tr><td>Opera<\/td><td><a href=\"https:\/\/help.opera.com\/en\/latest\/security-and-privacy\/#clearBrowsingData\">Soporte Opera<\/a><\/td><\/tr><\/tbody><\/table>\t\t\t\t\t\t\t\t<\/div>\n\t\t\t\t<\/div>\n\t\t\t\t\t<\/div>\n\t\t\t\t<\/div>\n\t\t\t\t<\/div>\n\t\t","protected":false},"excerpt":{"rendered":"<p>Cookieen Politika COOKIEEI BURUZKO INFORMAZIOA 2002ko uztailaren 11ko 34\/2002 Legearekin, Informazioaren Gizartearen Zerbitzuei eta Merkataritza Elektronikoari buruzko Legearekin (LSSI), bat etorriz, baita Europako Parlamentuaren eta Kontseiluaren 2016ko apirilaren 27ko (EB) 2016\/679 Erregelamenduarekin (GDPR) eta 2018ko abenduaren 5eko 3\/2018 Lege Organikoarekin (LOPDGDD) ere, erabiltzailearen baimen espresua lortu behar da webguneek ez-derrigorrezko cookieak erabiltzen dituztenean, erabiltzaileak horietan [&hellip;]<\/p>\n","protected":false},"author":3,"featured_media":0,"parent":0,"menu_order":0,"comment_status":"closed","ping_status":"closed","template":"elementor_header_footer","meta":{"footnotes":""},"class_list":["post-9145","page","type-page","status-publish","hentry"],"yoast_head":"<!-- This site is optimized with the Yoast SEO plugin v25.6 - https:\/\/yoast.com\/wordpress\/plugins\/seo\/ -->\n<title>Cookieen Politika - Sagardi Group<\/title>\n<meta name=\"robots\" content=\"index, follow, max-snippet:-1, max-image-preview:large, max-video-preview:-1\" \/>\n<link rel=\"canonical\" href=\"https:\/\/sagardigroup.com\/eu\/politica-de-cookies\/\" \/>\n<meta property=\"og:locale\" content=\"eu_ES\" \/>\n<meta property=\"og:type\" content=\"article\" \/>\n<meta property=\"og:title\" content=\"Cookieen Politika - Sagardi Group\" \/>\n<meta property=\"og:description\" content=\"Cookieen Politika COOKIEEI BURUZKO INFORMAZIOA 2002ko uztailaren 11ko 34\/2002 Legearekin, Informazioaren Gizartearen Zerbitzuei eta Merkataritza Elektronikoari buruzko Legearekin (LSSI), bat etorriz, baita Europako Parlamentuaren eta Kontseiluaren 2016ko apirilaren 27ko (EB) 2016\/679 Erregelamenduarekin (GDPR) eta 2018ko abenduaren 5eko 3\/2018 Lege Organikoarekin (LOPDGDD) ere, erabiltzailearen baimen espresua lortu behar da webguneek ez-derrigorrezko cookieak erabiltzen dituztenean, erabiltzaileak horietan [&hellip;]\" \/>\n<meta property=\"og:url\" content=\"https:\/\/sagardigroup.com\/eu\/politica-de-cookies\/\" \/>\n<meta property=\"og:site_name\" content=\"Sagardi Group\" \/>\n<meta property=\"article:modified_time\" content=\"2025-01-30T12:04:31+00:00\" \/>\n<meta property=\"og:image\" content=\"https:\/\/sagardigroup.com\/wp-content\/uploads\/2023\/07\/careers.jpg\" \/>\n\t<meta property=\"og:image:width\" content=\"1920\" \/>\n\t<meta property=\"og:image:height\" content=\"1080\" \/>\n\t<meta property=\"og:image:type\" content=\"image\/jpeg\" \/>\n<meta name=\"twitter:card\" content=\"summary_large_image\" \/>\n<meta name=\"twitter:site\" content=\"@gruposagardi\" \/>\n<meta name=\"twitter:label1\" content=\"Est. reading time\" \/>\n\t<meta name=\"twitter:data1\" content=\"3 minutes\" \/>\n<script type=\"application\/ld+json\" class=\"yoast-schema-graph\">{\"@context\":\"https:\/\/schema.org\",\"@graph\":[{\"@type\":\"WebPage\",\"@id\":\"https:\/\/sagardigroup.com\/eu\/politica-de-cookies\/\",\"url\":\"https:\/\/sagardigroup.com\/eu\/politica-de-cookies\/\",\"name\":\"Cookieen Politika - Sagardi Group\",\"isPartOf\":{\"@id\":\"https:\/\/sagardigroup.com\/es\/#website\"},\"datePublished\":\"2024-11-27T09:43:21+00:00\",\"dateModified\":\"2025-01-30T12:04:31+00:00\",\"breadcrumb\":{\"@id\":\"https:\/\/sagardigroup.com\/eu\/politica-de-cookies\/#breadcrumb\"},\"inLanguage\":\"eu-ES\",\"potentialAction\":[{\"@type\":\"ReadAction\",\"target\":[\"https:\/\/sagardigroup.com\/eu\/politica-de-cookies\/\"]}]},{\"@type\":\"BreadcrumbList\",\"@id\":\"https:\/\/sagardigroup.com\/eu\/politica-de-cookies\/#breadcrumb\",\"itemListElement\":[{\"@type\":\"ListItem\",\"position\":1,\"name\":\"Home\",\"item\":\"https:\/\/sagardigroup.com\/pt-pt\/\"},{\"@type\":\"ListItem\",\"position\":2,\"name\":\"Cookieen Politika\"}]},{\"@type\":\"WebSite\",\"@id\":\"https:\/\/sagardigroup.com\/es\/#website\",\"url\":\"https:\/\/sagardigroup.com\/es\/\",\"name\":\"Sagardi Group | 30 a\u00f1os de pasi\u00f3n por la gastronom\u00eda\",\"description\":\"Sagardi Group\",\"publisher\":{\"@id\":\"https:\/\/sagardigroup.com\/es\/#organization\"},\"potentialAction\":[{\"@type\":\"SearchAction\",\"target\":{\"@type\":\"EntryPoint\",\"urlTemplate\":\"https:\/\/sagardigroup.com\/es\/?s={search_term_string}\"},\"query-input\":{\"@type\":\"PropertyValueSpecification\",\"valueRequired\":true,\"valueName\":\"search_term_string\"}}],\"inLanguage\":\"eu-ES\"},{\"@type\":\"Organization\",\"@id\":\"https:\/\/sagardigroup.com\/es\/#organization\",\"name\":\"Sagardi Group\",\"url\":\"https:\/\/sagardigroup.com\/es\/\",\"logo\":{\"@type\":\"ImageObject\",\"inLanguage\":\"eu-ES\",\"@id\":\"https:\/\/sagardigroup.com\/es\/#\/schema\/logo\/image\/\",\"url\":\"https:\/\/sagardigroup.com\/wp-content\/uploads\/2023\/07\/sagardi-bcf.png\",\"contentUrl\":\"https:\/\/sagardigroup.com\/wp-content\/uploads\/2023\/07\/sagardi-bcf.png\",\"width\":250,\"height\":75,\"caption\":\"Sagardi Group\"},\"image\":{\"@id\":\"https:\/\/sagardigroup.com\/es\/#\/schema\/logo\/image\/\"},\"sameAs\":[\"https:\/\/x.com\/gruposagardi\",\"https:\/\/www.instagram.com\/sagardigroup\/?hl=es\",\"https:\/\/www.youtube.com\/@grupsagardi\"]}]}<\/script>\n<!-- \/ Yoast SEO plugin. -->","yoast_head_json":{"title":"Cookieen Politika - Sagardi Group","robots":{"index":"index","follow":"follow","max-snippet":"max-snippet:-1","max-image-preview":"max-image-preview:large","max-video-preview":"max-video-preview:-1"},"canonical":"https:\/\/sagardigroup.com\/eu\/politica-de-cookies\/","og_locale":"eu_ES","og_type":"article","og_title":"Cookieen Politika - Sagardi Group","og_description":"Cookieen Politika COOKIEEI BURUZKO INFORMAZIOA 2002ko uztailaren 11ko 34\/2002 Legearekin, Informazioaren Gizartearen Zerbitzuei eta Merkataritza Elektronikoari buruzko Legearekin (LSSI), bat etorriz, baita Europako Parlamentuaren eta Kontseiluaren 2016ko apirilaren 27ko (EB) 2016\/679 Erregelamenduarekin (GDPR) eta 2018ko abenduaren 5eko 3\/2018 Lege Organikoarekin (LOPDGDD) ere, erabiltzailearen baimen espresua lortu behar da webguneek ez-derrigorrezko cookieak erabiltzen dituztenean, erabiltzaileak horietan [&hellip;]","og_url":"https:\/\/sagardigroup.com\/eu\/politica-de-cookies\/","og_site_name":"Sagardi Group","article_modified_time":"2025-01-30T12:04:31+00:00","og_image":[{"width":1920,"height":1080,"url":"https:\/\/sagardigroup.com\/wp-content\/uploads\/2023\/07\/careers.jpg","type":"image\/jpeg"}],"twitter_card":"summary_large_image","twitter_site":"@gruposagardi","twitter_misc":{"Est. reading time":"3 minutes"},"schema":{"@context":"https:\/\/schema.org","@graph":[{"@type":"WebPage","@id":"https:\/\/sagardigroup.com\/eu\/politica-de-cookies\/","url":"https:\/\/sagardigroup.com\/eu\/politica-de-cookies\/","name":"Cookieen Politika - Sagardi Group","isPartOf":{"@id":"https:\/\/sagardigroup.com\/es\/#website"},"datePublished":"2024-11-27T09:43:21+00:00","dateModified":"2025-01-30T12:04:31+00:00","breadcrumb":{"@id":"https:\/\/sagardigroup.com\/eu\/politica-de-cookies\/#breadcrumb"},"inLanguage":"eu-ES","potentialAction":[{"@type":"ReadAction","target":["https:\/\/sagardigroup.com\/eu\/politica-de-cookies\/"]}]},{"@type":"BreadcrumbList","@id":"https:\/\/sagardigroup.com\/eu\/politica-de-cookies\/#breadcrumb","itemListElement":[{"@type":"ListItem","position":1,"name":"Home","item":"https:\/\/sagardigroup.com\/pt-pt\/"},{"@type":"ListItem","position":2,"name":"Cookieen Politika"}]},{"@type":"WebSite","@id":"https:\/\/sagardigroup.com\/es\/#website","url":"https:\/\/sagardigroup.com\/es\/","name":"Sagardi Group | 30 a\u00f1os de pasi\u00f3n por la gastronom\u00eda","description":"Sagardi Group","publisher":{"@id":"https:\/\/sagardigroup.com\/es\/#organization"},"potentialAction":[{"@type":"SearchAction","target":{"@type":"EntryPoint","urlTemplate":"https:\/\/sagardigroup.com\/es\/?s={search_term_string}"},"query-input":{"@type":"PropertyValueSpecification","valueRequired":true,"valueName":"search_term_string"}}],"inLanguage":"eu-ES"},{"@type":"Organization","@id":"https:\/\/sagardigroup.com\/es\/#organization","name":"Sagardi Group","url":"https:\/\/sagardigroup.com\/es\/","logo":{"@type":"ImageObject","inLanguage":"eu-ES","@id":"https:\/\/sagardigroup.com\/es\/#\/schema\/logo\/image\/","url":"https:\/\/sagardigroup.com\/wp-content\/uploads\/2023\/07\/sagardi-bcf.png","contentUrl":"https:\/\/sagardigroup.com\/wp-content\/uploads\/2023\/07\/sagardi-bcf.png","width":250,"height":75,"caption":"Sagardi Group"},"image":{"@id":"https:\/\/sagardigroup.com\/es\/#\/schema\/logo\/image\/"},"sameAs":["https:\/\/x.com\/gruposagardi","https:\/\/www.instagram.com\/sagardigroup\/?hl=es","https:\/\/www.youtube.com\/@grupsagardi"]}]}},"_links":{"self":[{"href":"https:\/\/sagardigroup.com\/eu\/wp-json\/wp\/v2\/pages\/9145","targetHints":{"allow":["GET"]}}],"collection":[{"href":"https:\/\/sagardigroup.com\/eu\/wp-json\/wp\/v2\/pages"}],"about":[{"href":"https:\/\/sagardigroup.com\/eu\/wp-json\/wp\/v2\/types\/page"}],"author":[{"embeddable":true,"href":"https:\/\/sagardigroup.com\/eu\/wp-json\/wp\/v2\/users\/3"}],"replies":[{"embeddable":true,"href":"https:\/\/sagardigroup.com\/eu\/wp-json\/wp\/v2\/comments?post=9145"}],"version-history":[{"count":8,"href":"https:\/\/sagardigroup.com\/eu\/wp-json\/wp\/v2\/pages\/9145\/revisions"}],"predecessor-version":[{"id":12982,"href":"https:\/\/sagardigroup.com\/eu\/wp-json\/wp\/v2\/pages\/9145\/revisions\/12982"}],"wp:attachment":[{"href":"https:\/\/sagardigroup.com\/eu\/wp-json\/wp\/v2\/media?parent=9145"}],"curies":[{"name":"wp","href":"https:\/\/api.w.org\/{rel}","templated":true}]}}