{"id":9166,"date":"2024-11-27T16:29:16","date_gmt":"2024-11-27T16:29:16","guid":{"rendered":"https:\/\/sagardigroup.com\/?page_id=9166"},"modified":"2025-01-09T17:34:16","modified_gmt":"2025-01-09T17:34:16","slug":"txapeldun","status":"publish","type":"page","link":"https:\/\/sagardigroup.com\/eu\/txapeldun\/","title":{"rendered":"Txapeldun"},"content":{"rendered":"\t\t<div data-elementor-type=\"wp-page\" data-elementor-id=\"9166\" class=\"elementor elementor-9166 elementor-8766\" data-elementor-post-type=\"page\">\n\t\t\t\t<div class=\"elementor-element elementor-element-98ce9d3 e-con-full e-flex e-con e-parent\" data-id=\"98ce9d3\" data-element_type=\"container\" data-settings=\"{&quot;jet_parallax_layout_list&quot;:[],&quot;background_background&quot;:&quot;video&quot;,&quot;background_video_link&quot;:&quot;https:\\\/\\\/www.youtube.com\\\/watch?v=w3-1fDE4JJY&quot;,&quot;background_play_on_mobile&quot;:&quot;yes&quot;}\">\n\t\t<div class=\"elementor-background-video-container\" aria-hidden=\"true\">\n\t\t\t\t\t\t\t<div class=\"elementor-background-video-embed\"><\/div>\n\t\t\t\t\t\t<\/div><div class=\"elementor-element elementor-element-4e32a85 e-con-full e-flex e-con e-child\" data-id=\"4e32a85\" data-element_type=\"container\" data-settings=\"{&quot;jet_parallax_layout_list&quot;:[]}\">\n\t\t\t\t<div class=\"elementor-element elementor-element-ebdab04 elementor-widget elementor-widget-heading\" data-id=\"ebdab04\" data-element_type=\"widget\" data-widget_type=\"heading.default\">\n\t\t\t\t<div class=\"elementor-widget-container\">\n\t\t\t\t\t<h2 class=\"elementor-heading-title elementor-size-default\">Txapeldun<\/h2>\t\t\t\t<\/div>\n\t\t\t\t<\/div>\n\t\t\t\t<div class=\"elementor-element elementor-element-3589a12 elementor-widget elementor-widget-text-editor\" data-id=\"3589a12\" data-element_type=\"widget\" data-widget_type=\"text-editor.default\">\n\t\t\t\t<div class=\"elementor-widget-container\">\n\t\t\t\t\t\t\t\t\t<p>TXAPELDUN, euskaraz txapela janzten duena esan nahi du. Apustu naturalen eta apustularien hiri batean, txapela beti gailentzen da txapeldunari. Ulertzen dugu SAGARDIn TXAPELDUN gure bezeroa dela, gure laguna, gurekin maiz egotea gustatzen zaiona, baina batzuetan gure akatsak ere jasaten dituena.<\/p>\t\t\t\t\t\t\t\t<\/div>\n\t\t\t\t<\/div>\n\t\t\t\t<\/div>\n\t\t<div class=\"elementor-element elementor-element-cf1db03 e-con-full e-flex e-con e-child\" data-id=\"cf1db03\" data-element_type=\"container\" data-settings=\"{&quot;jet_parallax_layout_list&quot;:[]}\">\n\t\t\t\t<\/div>\n\t\t\t\t<\/div>\n\t\t\t\t<\/div>\n\t\t","protected":false},"excerpt":{"rendered":"<p>Txapeldun TXAPELDUN, euskaraz txapela janzten duena esan nahi du. Apustu naturalen eta apustularien hiri batean, txapela beti gailentzen da txapeldunari. Ulertzen dugu SAGARDIn TXAPELDUN gure bezeroa dela, gure laguna, gurekin maiz egotea gustatzen zaiona, baina batzuetan gure akatsak ere jasaten dituena.<\/p>\n","protected":false},"author":3,"featured_media":0,"parent":0,"menu_order":0,"comment_status":"closed","ping_status":"closed","template":"elementor_header_footer","meta":{"footnotes":""},"class_list":["post-9166","page","type-page","status-publish","hentry"],"yoast_head":"<!-- This site is optimized with the Yoast SEO plugin v25.6 - https:\/\/yoast.com\/wordpress\/plugins\/seo\/ -->\n<title>Txapeldun - Sagardi Group<\/title>\n<meta name=\"robots\" content=\"index, follow, max-snippet:-1, max-image-preview:large, max-video-preview:-1\" \/>\n<link rel=\"canonical\" href=\"https:\/\/sagardigroup.com\/eu\/txapeldun\/\" \/>\n<meta property=\"og:locale\" content=\"eu_ES\" \/>\n<meta property=\"og:type\" content=\"article\" \/>\n<meta property=\"og:title\" content=\"Txapeldun - Sagardi Group\" \/>\n<meta property=\"og:description\" content=\"Txapeldun TXAPELDUN, euskaraz txapela janzten duena esan nahi du. Apustu naturalen eta apustularien hiri batean, txapela beti gailentzen da txapeldunari. Ulertzen dugu SAGARDIn TXAPELDUN gure bezeroa dela, gure laguna, gurekin maiz egotea gustatzen zaiona, baina batzuetan gure akatsak ere jasaten dituena.\" \/>\n<meta property=\"og:url\" content=\"https:\/\/sagardigroup.com\/eu\/txapeldun\/\" \/>\n<meta property=\"og:site_name\" content=\"Sagardi Group\" \/>\n<meta property=\"article:modified_time\" content=\"2025-01-09T17:34:16+00:00\" \/>\n<meta property=\"og:image\" content=\"https:\/\/sagardigroup.com\/wp-content\/uploads\/2023\/07\/careers.jpg\" \/>\n\t<meta property=\"og:image:width\" content=\"1920\" \/>\n\t<meta property=\"og:image:height\" content=\"1080\" \/>\n\t<meta property=\"og:image:type\" content=\"image\/jpeg\" \/>\n<meta name=\"twitter:card\" content=\"summary_large_image\" \/>\n<meta name=\"twitter:site\" content=\"@gruposagardi\" \/>\n<script type=\"application\/ld+json\" class=\"yoast-schema-graph\">{\"@context\":\"https:\/\/schema.org\",\"@graph\":[{\"@type\":\"WebPage\",\"@id\":\"https:\/\/sagardigroup.com\/eu\/txapeldun\/\",\"url\":\"https:\/\/sagardigroup.com\/eu\/txapeldun\/\",\"name\":\"Txapeldun - Sagardi Group\",\"isPartOf\":{\"@id\":\"https:\/\/sagardigroup.com\/es\/#website\"},\"datePublished\":\"2024-11-27T16:29:16+00:00\",\"dateModified\":\"2025-01-09T17:34:16+00:00\",\"breadcrumb\":{\"@id\":\"https:\/\/sagardigroup.com\/eu\/txapeldun\/#breadcrumb\"},\"inLanguage\":\"eu-ES\",\"potentialAction\":[{\"@type\":\"ReadAction\",\"target\":[\"https:\/\/sagardigroup.com\/eu\/txapeldun\/\"]}]},{\"@type\":\"BreadcrumbList\",\"@id\":\"https:\/\/sagardigroup.com\/eu\/txapeldun\/#breadcrumb\",\"itemListElement\":[{\"@type\":\"ListItem\",\"position\":1,\"name\":\"Home\",\"item\":\"https:\/\/sagardigroup.com\/pt-pt\/\"},{\"@type\":\"ListItem\",\"position\":2,\"name\":\"Txapeldun\"}]},{\"@type\":\"WebSite\",\"@id\":\"https:\/\/sagardigroup.com\/es\/#website\",\"url\":\"https:\/\/sagardigroup.com\/es\/\",\"name\":\"Sagardi Group | 30 a\u00f1os de pasi\u00f3n por la gastronom\u00eda\",\"description\":\"Sagardi Group\",\"publisher\":{\"@id\":\"https:\/\/sagardigroup.com\/es\/#organization\"},\"potentialAction\":[{\"@type\":\"SearchAction\",\"target\":{\"@type\":\"EntryPoint\",\"urlTemplate\":\"https:\/\/sagardigroup.com\/es\/?s={search_term_string}\"},\"query-input\":{\"@type\":\"PropertyValueSpecification\",\"valueRequired\":true,\"valueName\":\"search_term_string\"}}],\"inLanguage\":\"eu-ES\"},{\"@type\":\"Organization\",\"@id\":\"https:\/\/sagardigroup.com\/es\/#organization\",\"name\":\"Sagardi Group\",\"url\":\"https:\/\/sagardigroup.com\/es\/\",\"logo\":{\"@type\":\"ImageObject\",\"inLanguage\":\"eu-ES\",\"@id\":\"https:\/\/sagardigroup.com\/es\/#\/schema\/logo\/image\/\",\"url\":\"https:\/\/sagardigroup.com\/wp-content\/uploads\/2023\/07\/sagardi-bcf.png\",\"contentUrl\":\"https:\/\/sagardigroup.com\/wp-content\/uploads\/2023\/07\/sagardi-bcf.png\",\"width\":250,\"height\":75,\"caption\":\"Sagardi Group\"},\"image\":{\"@id\":\"https:\/\/sagardigroup.com\/es\/#\/schema\/logo\/image\/\"},\"sameAs\":[\"https:\/\/x.com\/gruposagardi\",\"https:\/\/www.instagram.com\/sagardigroup\/?hl=es\",\"https:\/\/www.youtube.com\/@grupsagardi\"]}]}<\/script>\n<!-- \/ Yoast SEO plugin. -->","yoast_head_json":{"title":"Txapeldun - Sagardi Group","robots":{"index":"index","follow":"follow","max-snippet":"max-snippet:-1","max-image-preview":"max-image-preview:large","max-video-preview":"max-video-preview:-1"},"canonical":"https:\/\/sagardigroup.com\/eu\/txapeldun\/","og_locale":"eu_ES","og_type":"article","og_title":"Txapeldun - Sagardi Group","og_description":"Txapeldun TXAPELDUN, euskaraz txapela janzten duena esan nahi du. Apustu naturalen eta apustularien hiri batean, txapela beti gailentzen da txapeldunari. Ulertzen dugu SAGARDIn TXAPELDUN gure bezeroa dela, gure laguna, gurekin maiz egotea gustatzen zaiona, baina batzuetan gure akatsak ere jasaten dituena.","og_url":"https:\/\/sagardigroup.com\/eu\/txapeldun\/","og_site_name":"Sagardi Group","article_modified_time":"2025-01-09T17:34:16+00:00","og_image":[{"width":1920,"height":1080,"url":"https:\/\/sagardigroup.com\/wp-content\/uploads\/2023\/07\/careers.jpg","type":"image\/jpeg"}],"twitter_card":"summary_large_image","twitter_site":"@gruposagardi","schema":{"@context":"https:\/\/schema.org","@graph":[{"@type":"WebPage","@id":"https:\/\/sagardigroup.com\/eu\/txapeldun\/","url":"https:\/\/sagardigroup.com\/eu\/txapeldun\/","name":"Txapeldun - Sagardi Group","isPartOf":{"@id":"https:\/\/sagardigroup.com\/es\/#website"},"datePublished":"2024-11-27T16:29:16+00:00","dateModified":"2025-01-09T17:34:16+00:00","breadcrumb":{"@id":"https:\/\/sagardigroup.com\/eu\/txapeldun\/#breadcrumb"},"inLanguage":"eu-ES","potentialAction":[{"@type":"ReadAction","target":["https:\/\/sagardigroup.com\/eu\/txapeldun\/"]}]},{"@type":"BreadcrumbList","@id":"https:\/\/sagardigroup.com\/eu\/txapeldun\/#breadcrumb","itemListElement":[{"@type":"ListItem","position":1,"name":"Home","item":"https:\/\/sagardigroup.com\/pt-pt\/"},{"@type":"ListItem","position":2,"name":"Txapeldun"}]},{"@type":"WebSite","@id":"https:\/\/sagardigroup.com\/es\/#website","url":"https:\/\/sagardigroup.com\/es\/","name":"Sagardi Group | 30 a\u00f1os de pasi\u00f3n por la gastronom\u00eda","description":"Sagardi Group","publisher":{"@id":"https:\/\/sagardigroup.com\/es\/#organization"},"potentialAction":[{"@type":"SearchAction","target":{"@type":"EntryPoint","urlTemplate":"https:\/\/sagardigroup.com\/es\/?s={search_term_string}"},"query-input":{"@type":"PropertyValueSpecification","valueRequired":true,"valueName":"search_term_string"}}],"inLanguage":"eu-ES"},{"@type":"Organization","@id":"https:\/\/sagardigroup.com\/es\/#organization","name":"Sagardi Group","url":"https:\/\/sagardigroup.com\/es\/","logo":{"@type":"ImageObject","inLanguage":"eu-ES","@id":"https:\/\/sagardigroup.com\/es\/#\/schema\/logo\/image\/","url":"https:\/\/sagardigroup.com\/wp-content\/uploads\/2023\/07\/sagardi-bcf.png","contentUrl":"https:\/\/sagardigroup.com\/wp-content\/uploads\/2023\/07\/sagardi-bcf.png","width":250,"height":75,"caption":"Sagardi Group"},"image":{"@id":"https:\/\/sagardigroup.com\/es\/#\/schema\/logo\/image\/"},"sameAs":["https:\/\/x.com\/gruposagardi","https:\/\/www.instagram.com\/sagardigroup\/?hl=es","https:\/\/www.youtube.com\/@grupsagardi"]}]}},"_links":{"self":[{"href":"https:\/\/sagardigroup.com\/eu\/wp-json\/wp\/v2\/pages\/9166","targetHints":{"allow":["GET"]}}],"collection":[{"href":"https:\/\/sagardigroup.com\/eu\/wp-json\/wp\/v2\/pages"}],"about":[{"href":"https:\/\/sagardigroup.com\/eu\/wp-json\/wp\/v2\/types\/page"}],"author":[{"embeddable":true,"href":"https:\/\/sagardigroup.com\/eu\/wp-json\/wp\/v2\/users\/3"}],"replies":[{"embeddable":true,"href":"https:\/\/sagardigroup.com\/eu\/wp-json\/wp\/v2\/comments?post=9166"}],"version-history":[{"count":10,"href":"https:\/\/sagardigroup.com\/eu\/wp-json\/wp\/v2\/pages\/9166\/revisions"}],"predecessor-version":[{"id":10992,"href":"https:\/\/sagardigroup.com\/eu\/wp-json\/wp\/v2\/pages\/9166\/revisions\/10992"}],"wp:attachment":[{"href":"https:\/\/sagardigroup.com\/eu\/wp-json\/wp\/v2\/media?parent=9166"}],"curies":[{"name":"wp","href":"https:\/\/api.w.org\/{rel}","templated":true}]}}