{"id":9918,"date":"2024-11-27T09:43:21","date_gmt":"2024-11-27T09:43:21","guid":{"rendered":"https:\/\/sagardigroup.com\/?page_id=9918"},"modified":"2025-01-30T11:49:18","modified_gmt":"2025-01-30T11:49:18","slug":"cookiebeleid","status":"publish","type":"page","link":"https:\/\/sagardigroup.com\/nl\/cookiebeleid\/","title":{"rendered":"Cookiebeleid"},"content":{"rendered":"\t\t<div data-elementor-type=\"wp-page\" data-elementor-id=\"9918\" class=\"elementor elementor-9918 elementor-8706\" data-elementor-post-type=\"page\">\n\t\t\t\t<div class=\"elementor-element elementor-element-e2313bf e-flex e-con-boxed e-con e-parent\" data-id=\"e2313bf\" data-element_type=\"container\" data-settings=\"{&quot;jet_parallax_layout_list&quot;:[]}\">\n\t\t\t\t\t<div class=\"e-con-inner\">\n\t\t\t\t<div class=\"elementor-element elementor-element-ac2d810 elementor-widget elementor-widget-heading\" data-id=\"ac2d810\" data-element_type=\"widget\" data-widget_type=\"heading.default\">\n\t\t\t\t<div class=\"elementor-widget-container\">\n\t\t\t\t\t<h1 class=\"elementor-heading-title elementor-size-default\">Cookiebeleid<\/h1>\t\t\t\t<\/div>\n\t\t\t\t<\/div>\n\t\t\t\t<div class=\"elementor-element elementor-element-2b9e5c7 elementor-widget elementor-widget-text-editor\" data-id=\"2b9e5c7\" data-element_type=\"widget\" data-widget_type=\"text-editor.default\">\n\t\t\t\t<div class=\"elementor-widget-container\">\n\t\t\t\t\t\t\t\t\t<h1><strong>INFORMATIE OVER COOKIES<\/strong><\/h1><p>In overeenstemming met de <strong>Wet 34\/2002 van 11 juli<\/strong>, inzake diensten van de informatiemaatschappij en elektronische handel (<strong>LSSI<\/strong>), en met <strong>Verordening (EU) 2016\/679<\/strong> van het Europees Parlement en de Raad, van 27 april 2016, <strong>Algemene Verordening Gegevensbescherming (AVG\/GDPR)<\/strong>, evenals de <strong>Organieke Wet 3\/2018<\/strong> van 5 december over <strong>Gegevensbescherming en Garantie van Digitale Rechten (LOPDGDD)<\/strong>, is het verplicht om de <strong>uitdrukkelijke toestemming van de gebruiker<\/strong> te verkrijgen voor alle websites die niet-essenti\u00eble cookies gebruiken, voordat de gebruiker deze bezoekt.<\/p><h2>\u00a0<\/h2><h2><strong>WAT ZIJN COOKIES?<\/strong><\/h2><p>Cookies en andere soortgelijke technologie\u00ebn, zoals <strong>local shared objects, flash cookies of pixels<\/strong>, zijn hulpmiddelen die door webservers worden gebruikt om <strong>informatie op te slaan en op te halen<\/strong> over hun bezoekers en om de juiste werking van de website te garanderen.<\/p><p>Dankzij het gebruik van deze technologie\u00ebn kan de webserver <strong>bepaalde gebruikersgegevens onthouden<\/strong>, zoals weergavevoorkeuren, gebruikersnaam en wachtwoord, producten waarin interesse is getoond, enz.<\/p><h2>\u00a0<\/h2><h2><strong>COOKIES ONDER REGELGEVING EN UITGEZONDERDE COOKIES<\/strong><\/h2><p>Volgens de <strong>EU-richtlijn<\/strong> zijn de cookies waarvoor <strong>de ge\u00efnformeerde toestemming van de gebruiker vereist is<\/strong>:<\/p><ul><li><strong>Analytische cookies<\/strong><\/li><li><strong>Advertentie- en affiliatiecookies<\/strong><\/li><\/ul><p>Cookies die <strong>vrijgesteld zijn van deze toestemming<\/strong> zijn de <strong>technische cookies en die welke noodzakelijk zijn<\/strong> voor de goede werking van de website of voor het leveren van diensten die uitdrukkelijk door de gebruiker worden aangevraagd.<\/p><h2>\u00a0<\/h2><h2><strong>TYPES COOKIES<\/strong><\/h2><h3><strong>VOLGENS HUN DOEL<\/strong><\/h3><ul><li><strong>Technische en functionele cookies<\/strong>: Hiermee kan de gebruiker door een website, platform of applicatie navigeren en gebruikmaken van de verschillende opties of diensten die beschikbaar zijn.<\/li><li><strong>Analytische cookies<\/strong>: Deze maken het mogelijk om het gedrag van gebruikers op de websites waarmee ze verbonden zijn, te volgen en te analyseren. De verzamelde informatie wordt gebruikt om de activiteit van de website te meten en navigatieprofielen te maken, waardoor verbeteringen kunnen worden doorgevoerd op basis van gebruiksanalyse.<\/li><li><strong>Advertentiecookies<\/strong>: Deze beheren advertentieruimtes op de meest effici\u00ebnte manier, op basis van factoren zoals de bewerkte inhoud of de frequentie van advertentieweergaven.<\/li><li><strong>Gedragsgerichte advertentiecookies<\/strong>: Ze verzamelen informatie over de persoonlijke voorkeuren en keuzes van de gebruiker (<strong>retargeting<\/strong>) om advertentieruimtes effici\u00ebnter te beheren.<\/li><li><strong>Sociale cookies<\/strong>: Deze worden ingesteld door sociale mediaplatforms om gebruikers in staat te stellen inhoud te delen met hun contacten en netwerken. Deze platforms kunnen de online activiteiten van gebruikers buiten hun eigen diensten volgen, wat invloed kan hebben op de inhoud en berichten die op andere websites worden weergegeven.<\/li><li><strong>Affiliatiecookies<\/strong>: Hiermee kunnen bezoeken worden gevolgd die afkomstig zijn van andere websites waarmee de website een <strong>affiliatieovereenkomst<\/strong> heeft.<\/li><li><strong>Beveiligingscookies<\/strong>: Deze slaan versleutelde informatie op om te voorkomen dat gegevens kwetsbaar zijn voor kwaadaardige aanvallen door derden.<\/li><\/ul><h3>\u00a0<\/h3><h3><strong>VOLGENS HUN EIGENAARSCHAP<\/strong><\/h3><ul><li><strong>Eigen cookies<\/strong>: Worden naar het apparaat van de gebruiker gestuurd vanaf een domein dat wordt beheerd door de eigenaar van de website en van waaruit de gevraagde dienst wordt geleverd.<\/li><li><strong>Cookies van derden<\/strong>: Worden naar het apparaat van de gebruiker gestuurd vanaf een domein dat wordt beheerd door een andere entiteit dan de website-eigenaar, die de gegevens verwerkt die via cookies worden verzameld.<\/li><\/ul><h3>\u00a0<\/h3><h3><strong>VOLGENS HUN OPSLAGDUUR<\/strong><\/h3><ul><li><strong>Sessiecookies<\/strong>: Deze verzamelen en bewaren gegevens terwijl de gebruiker een website bezoekt.<\/li><li><strong>Permanente cookies<\/strong>: De gegevens blijven op het apparaat opgeslagen en kunnen gedurende een bepaalde periode worden geraadpleegd en verwerkt door de eigenaar van de cookie (van enkele minuten tot meerdere jaren).<\/li><\/ul><h2>\u00a0<\/h2><h2><strong>VERWERKING VAN PERSOONSGEGEVENS<\/strong><\/h2><p><strong>LURRA ITSASOA, SL<\/strong> is de <strong>Verwerkingsverantwoordelijke<\/strong> voor de persoonsgegevens van de <strong>Betrokkene<\/strong> en informeert dat deze gegevens zullen worden verwerkt in overeenstemming met <strong>Verordening (EU) 2016\/679, van 27 april 2016 (AVG\/GDPR)<\/strong>. Hieronder volgt een overzicht van de verwerking van de gegevens:<\/p><ul><li><strong>Doel van de verwerking<\/strong>: Zoals gespecificeerd in de sectie over de cookies die op deze website worden gebruikt.<\/li><li><strong>Rechtsgrond voor de verwerking<\/strong>: Behalve in gevallen waarin het noodzakelijk is voor website-navigatie, zal de verwerking plaatsvinden op basis van <strong>de toestemming van de Betrokkene (Art. 6.1 AVG\/GDPR)<\/strong>.<\/li><li><strong>Bewaartermijn van de gegevens<\/strong>: Zoals gespecificeerd in de sectie over de cookies die op deze website worden gebruikt.<\/li><li><strong>Gegevensverstrekking<\/strong>: Gegevens worden niet gedeeld met derden, behalve voor cookies van derden of als dit wettelijk verplicht is.<\/li><\/ul><h3>\u00a0<\/h3><h3><strong>Rechten van de Betrokkene<\/strong><\/h3><ul><li>Recht om toestemming op elk moment in te trekken.<\/li><li>Recht op toegang, rectificatie, overdraagbaarheid en verwijdering van gegevens, evenals het recht op beperking van of bezwaar tegen de verwerking.<\/li><li>Recht om een klacht in te dienen bij de <strong>Toezichthoudende Autoriteit<\/strong> (<strong>www.aepd.es<\/strong>) als hij\/zij van mening is dat de verwerking niet voldoet aan de geldende regelgeving.<\/li><\/ul><p>\u00a0<\/p><p><strong>Contactgegevens voor het uitoefenen van uw rechten<\/strong>:<\/p><p><strong>LURRA ITSASOA, SL<\/strong><br \/>Murcia, 51 \u2013 08830 Sant Boi de Llobregat (Barcelona)<br \/>E-mail: <strong><a rel=\"noopener\">rgpd@sagardi.com<\/a><\/strong><\/p><h2>\u00a0<\/h2><h2><strong>COOKIES GEBRUIKT OP DEZE WEBSITE<\/strong><\/h2><p>Diensten van derden vallen buiten de controle van de websitebeheerder. Leveranciers kunnen hun servicevoorwaarden, doel en gebruik van cookies op elk moment wijzigen.<\/p><p><strong>Via dit paneel kunt u de cookies configureren die de website in uw browser kan installeren, met uitzondering van technische of functionele cookies die nodig zijn voor navigatie.<\/strong><\/p><h2>\u00a0<\/h2><h2><strong>HOE COOKIES BEHEREN VIA DE BROWSER<\/strong><\/h2><h3><strong>Cookies van het apparaat verwijderen<\/strong><\/h3><p>Cookies die al op een apparaat zijn opgeslagen, kunnen worden verwijderd door de browsergeschiedenis te wissen, waarmee cookies van alle bezochte websites worden verwijderd. Dit kan echter leiden tot het verlies van sommige opgeslagen gegevens (bijvoorbeeld inloggegevens of websitevoorkeuren).<\/p><h3><strong>Specifieke cookies per website beheren<\/strong><\/h3><p>Gebruikers kunnen hun privacy- en cookie-instellingen aanpassen via hun browser om meer controle te hebben over site-specifieke cookies.<\/p><h3><strong>Cookies blokkeren<\/strong><\/h3><p>De meeste moderne browsers kunnen zo worden ingesteld dat cookies niet worden ge\u00efnstalleerd. Dit kan echter vereisen dat bepaalde voorkeuren handmatig moeten worden aangepast telkens wanneer een website wordt bezocht, en sommige functies en diensten kunnen mogelijk niet correct werken (bijvoorbeeld profielgebaseerde logins).<\/p><p>\u00a0<\/p><h3>HOE COOKIES VERWIJDEREN IN DE MEEST GEBRUIKTE BROWSERS<\/h3><table border=\"1\"><tbody><tr><th>Browser<\/th><th>Ondersteuningslink<\/th><\/tr><tr><td>Chrome<\/td><td><a href=\"http:\/\/support.google.com\/chrome\/answer\/95647?hl=es\">Soporte Chrome<\/a><\/td><\/tr><tr><td>Edge<\/td><td><a href=\"https:\/\/support.microsoft.com\/es-es\/microsoft-edge\/eliminar-las-cookies-en-microsoft-edge-63947406-40ac-c3b8-57b9-2a946a29ae09\">Soporte Edge<\/a><\/td><\/tr><tr><td>Explorer<\/td><td><a href=\"https:\/\/support.microsoft.com\/es-es\/help\/278835\/how-to-delete-cookie-files-in-internet-explorer\">Soporte Explorer<\/a><\/td><\/tr><tr><td>Firefox<\/td><td><a href=\"https:\/\/www.mozilla.org\/es-ES\/privacy\/websites\/#cookies\">Soporte Firefox<\/a><\/td><\/tr><tr><td>Safari<\/td><td><a href=\"https:\/\/support.apple.com\/es-es\/guide\/safari\/sfri11471\/mac\">Soporte Safari<\/a><\/td><\/tr><tr><td>Opera<\/td><td><a href=\"https:\/\/help.opera.com\/en\/latest\/security-and-privacy\/#clearBrowsingData\">Soporte Opera<\/a><\/td><\/tr><\/tbody><\/table>\t\t\t\t\t\t\t\t<\/div>\n\t\t\t\t<\/div>\n\t\t\t\t\t<\/div>\n\t\t\t\t<\/div>\n\t\t\t\t<\/div>\n\t\t","protected":false},"excerpt":{"rendered":"<p>Cookiebeleid INFORMATIE OVER COOKIES In overeenstemming met de Wet 34\/2002 van 11 juli, inzake diensten van de informatiemaatschappij en elektronische handel (LSSI), en met Verordening (EU) 2016\/679 van het Europees Parlement en de Raad, van 27 april 2016, Algemene Verordening Gegevensbescherming (AVG\/GDPR), evenals de Organieke Wet 3\/2018 van 5 december over Gegevensbescherming en Garantie van [&hellip;]<\/p>\n","protected":false},"author":3,"featured_media":0,"parent":0,"menu_order":0,"comment_status":"closed","ping_status":"closed","template":"elementor_header_footer","meta":{"footnotes":""},"class_list":["post-9918","page","type-page","status-publish","hentry"],"yoast_head":"<!-- This site is optimized with the Yoast SEO plugin v25.6 - https:\/\/yoast.com\/wordpress\/plugins\/seo\/ -->\n<title>Cookiebeleid - Sagardi Group<\/title>\n<meta name=\"robots\" content=\"index, follow, max-snippet:-1, max-image-preview:large, max-video-preview:-1\" \/>\n<link rel=\"canonical\" href=\"https:\/\/sagardigroup.com\/nl\/cookiebeleid\/\" \/>\n<meta property=\"og:locale\" content=\"nl_NL\" \/>\n<meta property=\"og:type\" content=\"article\" \/>\n<meta property=\"og:title\" content=\"Cookiebeleid - Sagardi Group\" \/>\n<meta property=\"og:description\" content=\"Cookiebeleid INFORMATIE OVER COOKIES In overeenstemming met de Wet 34\/2002 van 11 juli, inzake diensten van de informatiemaatschappij en elektronische handel (LSSI), en met Verordening (EU) 2016\/679 van het Europees Parlement en de Raad, van 27 april 2016, Algemene Verordening Gegevensbescherming (AVG\/GDPR), evenals de Organieke Wet 3\/2018 van 5 december over Gegevensbescherming en Garantie van [&hellip;]\" \/>\n<meta property=\"og:url\" content=\"https:\/\/sagardigroup.com\/nl\/cookiebeleid\/\" \/>\n<meta property=\"og:site_name\" content=\"Sagardi Group\" \/>\n<meta property=\"article:modified_time\" content=\"2025-01-30T11:49:18+00:00\" \/>\n<meta property=\"og:image\" content=\"https:\/\/sagardigroup.com\/wp-content\/uploads\/2023\/07\/careers.jpg\" \/>\n\t<meta property=\"og:image:width\" content=\"1920\" \/>\n\t<meta property=\"og:image:height\" content=\"1080\" \/>\n\t<meta property=\"og:image:type\" content=\"image\/jpeg\" \/>\n<meta name=\"twitter:card\" content=\"summary_large_image\" \/>\n<meta name=\"twitter:site\" content=\"@gruposagardi\" \/>\n<meta name=\"twitter:label1\" content=\"Geschatte leestijd\" \/>\n\t<meta name=\"twitter:data1\" content=\"5 minuten\" \/>\n<script type=\"application\/ld+json\" class=\"yoast-schema-graph\">{\"@context\":\"https:\/\/schema.org\",\"@graph\":[{\"@type\":\"WebPage\",\"@id\":\"https:\/\/sagardigroup.com\/nl\/cookiebeleid\/\",\"url\":\"https:\/\/sagardigroup.com\/nl\/cookiebeleid\/\",\"name\":\"Cookiebeleid - Sagardi Group\",\"isPartOf\":{\"@id\":\"https:\/\/sagardigroup.com\/es\/#website\"},\"datePublished\":\"2024-11-27T09:43:21+00:00\",\"dateModified\":\"2025-01-30T11:49:18+00:00\",\"breadcrumb\":{\"@id\":\"https:\/\/sagardigroup.com\/nl\/cookiebeleid\/#breadcrumb\"},\"inLanguage\":\"nl-NL\",\"potentialAction\":[{\"@type\":\"ReadAction\",\"target\":[\"https:\/\/sagardigroup.com\/nl\/cookiebeleid\/\"]}]},{\"@type\":\"BreadcrumbList\",\"@id\":\"https:\/\/sagardigroup.com\/nl\/cookiebeleid\/#breadcrumb\",\"itemListElement\":[{\"@type\":\"ListItem\",\"position\":1,\"name\":\"Home\",\"item\":\"https:\/\/sagardigroup.com\/pt-pt\/\"},{\"@type\":\"ListItem\",\"position\":2,\"name\":\"Cookiebeleid\"}]},{\"@type\":\"WebSite\",\"@id\":\"https:\/\/sagardigroup.com\/es\/#website\",\"url\":\"https:\/\/sagardigroup.com\/es\/\",\"name\":\"Sagardi Group | 30 a\u00f1os de pasi\u00f3n por la gastronom\u00eda\",\"description\":\"Sagardi Group\",\"publisher\":{\"@id\":\"https:\/\/sagardigroup.com\/es\/#organization\"},\"potentialAction\":[{\"@type\":\"SearchAction\",\"target\":{\"@type\":\"EntryPoint\",\"urlTemplate\":\"https:\/\/sagardigroup.com\/es\/?s={search_term_string}\"},\"query-input\":{\"@type\":\"PropertyValueSpecification\",\"valueRequired\":true,\"valueName\":\"search_term_string\"}}],\"inLanguage\":\"nl-NL\"},{\"@type\":\"Organization\",\"@id\":\"https:\/\/sagardigroup.com\/es\/#organization\",\"name\":\"Sagardi Group\",\"url\":\"https:\/\/sagardigroup.com\/es\/\",\"logo\":{\"@type\":\"ImageObject\",\"inLanguage\":\"nl-NL\",\"@id\":\"https:\/\/sagardigroup.com\/es\/#\/schema\/logo\/image\/\",\"url\":\"https:\/\/sagardigroup.com\/wp-content\/uploads\/2023\/07\/sagardi-bcf.png\",\"contentUrl\":\"https:\/\/sagardigroup.com\/wp-content\/uploads\/2023\/07\/sagardi-bcf.png\",\"width\":250,\"height\":75,\"caption\":\"Sagardi Group\"},\"image\":{\"@id\":\"https:\/\/sagardigroup.com\/es\/#\/schema\/logo\/image\/\"},\"sameAs\":[\"https:\/\/x.com\/gruposagardi\",\"https:\/\/www.instagram.com\/sagardigroup\/?hl=es\",\"https:\/\/www.youtube.com\/@grupsagardi\"]}]}<\/script>\n<!-- \/ Yoast SEO plugin. -->","yoast_head_json":{"title":"Cookiebeleid - Sagardi Group","robots":{"index":"index","follow":"follow","max-snippet":"max-snippet:-1","max-image-preview":"max-image-preview:large","max-video-preview":"max-video-preview:-1"},"canonical":"https:\/\/sagardigroup.com\/nl\/cookiebeleid\/","og_locale":"nl_NL","og_type":"article","og_title":"Cookiebeleid - Sagardi Group","og_description":"Cookiebeleid INFORMATIE OVER COOKIES In overeenstemming met de Wet 34\/2002 van 11 juli, inzake diensten van de informatiemaatschappij en elektronische handel (LSSI), en met Verordening (EU) 2016\/679 van het Europees Parlement en de Raad, van 27 april 2016, Algemene Verordening Gegevensbescherming (AVG\/GDPR), evenals de Organieke Wet 3\/2018 van 5 december over Gegevensbescherming en Garantie van [&hellip;]","og_url":"https:\/\/sagardigroup.com\/nl\/cookiebeleid\/","og_site_name":"Sagardi Group","article_modified_time":"2025-01-30T11:49:18+00:00","og_image":[{"width":1920,"height":1080,"url":"https:\/\/sagardigroup.com\/wp-content\/uploads\/2023\/07\/careers.jpg","type":"image\/jpeg"}],"twitter_card":"summary_large_image","twitter_site":"@gruposagardi","twitter_misc":{"Geschatte leestijd":"5 minuten"},"schema":{"@context":"https:\/\/schema.org","@graph":[{"@type":"WebPage","@id":"https:\/\/sagardigroup.com\/nl\/cookiebeleid\/","url":"https:\/\/sagardigroup.com\/nl\/cookiebeleid\/","name":"Cookiebeleid - Sagardi Group","isPartOf":{"@id":"https:\/\/sagardigroup.com\/es\/#website"},"datePublished":"2024-11-27T09:43:21+00:00","dateModified":"2025-01-30T11:49:18+00:00","breadcrumb":{"@id":"https:\/\/sagardigroup.com\/nl\/cookiebeleid\/#breadcrumb"},"inLanguage":"nl-NL","potentialAction":[{"@type":"ReadAction","target":["https:\/\/sagardigroup.com\/nl\/cookiebeleid\/"]}]},{"@type":"BreadcrumbList","@id":"https:\/\/sagardigroup.com\/nl\/cookiebeleid\/#breadcrumb","itemListElement":[{"@type":"ListItem","position":1,"name":"Home","item":"https:\/\/sagardigroup.com\/pt-pt\/"},{"@type":"ListItem","position":2,"name":"Cookiebeleid"}]},{"@type":"WebSite","@id":"https:\/\/sagardigroup.com\/es\/#website","url":"https:\/\/sagardigroup.com\/es\/","name":"Sagardi Group | 30 a\u00f1os de pasi\u00f3n por la gastronom\u00eda","description":"Sagardi Group","publisher":{"@id":"https:\/\/sagardigroup.com\/es\/#organization"},"potentialAction":[{"@type":"SearchAction","target":{"@type":"EntryPoint","urlTemplate":"https:\/\/sagardigroup.com\/es\/?s={search_term_string}"},"query-input":{"@type":"PropertyValueSpecification","valueRequired":true,"valueName":"search_term_string"}}],"inLanguage":"nl-NL"},{"@type":"Organization","@id":"https:\/\/sagardigroup.com\/es\/#organization","name":"Sagardi Group","url":"https:\/\/sagardigroup.com\/es\/","logo":{"@type":"ImageObject","inLanguage":"nl-NL","@id":"https:\/\/sagardigroup.com\/es\/#\/schema\/logo\/image\/","url":"https:\/\/sagardigroup.com\/wp-content\/uploads\/2023\/07\/sagardi-bcf.png","contentUrl":"https:\/\/sagardigroup.com\/wp-content\/uploads\/2023\/07\/sagardi-bcf.png","width":250,"height":75,"caption":"Sagardi Group"},"image":{"@id":"https:\/\/sagardigroup.com\/es\/#\/schema\/logo\/image\/"},"sameAs":["https:\/\/x.com\/gruposagardi","https:\/\/www.instagram.com\/sagardigroup\/?hl=es","https:\/\/www.youtube.com\/@grupsagardi"]}]}},"_links":{"self":[{"href":"https:\/\/sagardigroup.com\/nl\/wp-json\/wp\/v2\/pages\/9918","targetHints":{"allow":["GET"]}}],"collection":[{"href":"https:\/\/sagardigroup.com\/nl\/wp-json\/wp\/v2\/pages"}],"about":[{"href":"https:\/\/sagardigroup.com\/nl\/wp-json\/wp\/v2\/types\/page"}],"author":[{"embeddable":true,"href":"https:\/\/sagardigroup.com\/nl\/wp-json\/wp\/v2\/users\/3"}],"replies":[{"embeddable":true,"href":"https:\/\/sagardigroup.com\/nl\/wp-json\/wp\/v2\/comments?post=9918"}],"version-history":[{"count":7,"href":"https:\/\/sagardigroup.com\/nl\/wp-json\/wp\/v2\/pages\/9918\/revisions"}],"predecessor-version":[{"id":12979,"href":"https:\/\/sagardigroup.com\/nl\/wp-json\/wp\/v2\/pages\/9918\/revisions\/12979"}],"wp:attachment":[{"href":"https:\/\/sagardigroup.com\/nl\/wp-json\/wp\/v2\/media?parent=9918"}],"curies":[{"name":"wp","href":"https:\/\/api.w.org\/{rel}","templated":true}]}}