{"id":9919,"date":"2024-11-27T11:15:53","date_gmt":"2024-11-27T11:15:53","guid":{"rendered":"https:\/\/sagardigroup.com\/?page_id=9919"},"modified":"2025-01-30T11:00:17","modified_gmt":"2025-01-30T11:00:17","slug":"privacybeleid","status":"publish","type":"page","link":"https:\/\/sagardigroup.com\/nl\/privacybeleid\/","title":{"rendered":"Privacybeleid"},"content":{"rendered":"\t\t<div data-elementor-type=\"wp-page\" data-elementor-id=\"9919\" class=\"elementor elementor-9919 elementor-8718\" data-elementor-post-type=\"page\">\n\t\t\t\t<div class=\"elementor-element elementor-element-e2313bf e-flex e-con-boxed e-con e-parent\" data-id=\"e2313bf\" data-element_type=\"container\" data-settings=\"{&quot;jet_parallax_layout_list&quot;:[]}\">\n\t\t\t\t\t<div class=\"e-con-inner\">\n\t\t\t\t<div class=\"elementor-element elementor-element-ac2d810 elementor-widget elementor-widget-heading\" data-id=\"ac2d810\" data-element_type=\"widget\" data-widget_type=\"heading.default\">\n\t\t\t\t<div class=\"elementor-widget-container\">\n\t\t\t\t\t<h1 class=\"elementor-heading-title elementor-size-default\">Privacybeleid<\/h1>\t\t\t\t<\/div>\n\t\t\t\t<\/div>\n\t\t\t\t<div class=\"elementor-element elementor-element-2b9e5c7 elementor-widget elementor-widget-text-editor\" data-id=\"2b9e5c7\" data-element_type=\"widget\" data-widget_type=\"text-editor.default\">\n\t\t\t\t<div class=\"elementor-widget-container\">\n\t\t\t\t\t\t\t\t\t<h2>1. INFORMATIE VOOR DE GEBRUIKER<\/h2><h3>Wie is verantwoordelijk voor de verwerking van uw persoonsgegevens?<\/h3><p><strong>LURRA ITSASOA, SL<\/strong> is de VERANTWOORDELIJKE voor de verwerking van de persoonsgegevens van de GEBRUIKER en informeert dat deze gegevens worden verwerkt in overeenstemming met de bepalingen van <strong>Verordening (EU) 2016\/679<\/strong>, van 27 april (<strong>GDPR<\/strong>) en <strong>Organieke Wet 3\/2018<\/strong>, van 5 december (<strong>LOPDGDD<\/strong>).<\/p><h3>Waarom verwerken wij uw persoonsgegevens?<\/h3><p>Om een commerci\u00eble relatie met de gebruiker te onderhouden. De verwerkingsdoeleinden omvatten:<\/p><ul><li>Verzending van commerci\u00eble en promotionele communicatie via e-mail, fax, SMS, MMS, sociale media of elk ander huidig of toekomstig elektronisch of fysiek communicatiemiddel. Deze communicatie wordt verzonden door de VERANTWOORDELIJKE en heeft betrekking op haar producten en diensten of op die van haar partners en leveranciers waarmee promotieovereenkomsten zijn gesloten. In geen geval hebben derden toegang tot de persoonsgegevens.<\/li><li>Het uitvoeren van marktonderzoek en statistische analyses.<\/li><li>Het verwerken van bestellingen, verzoeken, het beantwoorden van vragen of elk ander type aanvraag dat door de GEBRUIKER wordt gedaan via de contactmogelijkheden die op de website van de VERANTWOORDELIJKE beschikbaar zijn.<\/li><li>Het verzenden van de online nieuwsbrief met updates, aanbiedingen en promoties over onze activiteiten.<\/li><\/ul><h3>Op welke wettelijke basis verwerken wij uw persoonsgegevens?<\/h3><p>De verwerking is gerechtvaardigd op basis van <strong>artikel 6 van de GDPR<\/strong> op de volgende manier:<\/p><ul><li><strong>Met de toestemming van de GEBRUIKER<\/strong>: voor het verzenden van commerci\u00eble communicatie en de nieuwsbrief.<\/li><li><strong>Op basis van het legitieme belang van de VERANTWOORDELIJKE<\/strong>: voor het uitvoeren van marktonderzoek, statistische analyses en het verwerken van bestellingen en verzoeken van de GEBRUIKER.<\/li><\/ul><h3>Hoe lang bewaren wij uw persoonsgegevens?<\/h3><p>Uw gegevens worden bewaard zolang als nodig is om het doel te bereiken waarvoor ze zijn verzameld of zolang als wettelijk vereist. Wanneer ze niet langer nodig zijn, worden ze op een veilige manier verwijderd of geanonimiseerd.<\/p><h3>Met wie delen wij uw persoonsgegevens?<\/h3><p>Uw gegevens kunnen worden gedeeld met andere bedrijven binnen de <strong>Sagardi Group<\/strong> en met derden als dit nodig is voor de uitvoering van de verwerkingsdoeleinden. Ze kunnen ook worden gedeeld met onze dienstverleners op het gebied van communicatie, met wie de VERANTWOORDELIJKE vertrouwelijkheidsovereenkomsten en gegevensverwerkingsovereenkomsten heeft gesloten, zoals vereist door de geldende privacywetgeving.<\/p><h3>Wat zijn uw rechten?<\/h3><p>De GEBRUIKER heeft de volgende rechten:<\/p><ul><li>Het recht om op elk moment toestemming in te trekken.<\/li><li>Het recht op toegang, rectificatie, overdraagbaarheid en verwijdering van zijn\/haar gegevens, evenals het recht op beperking van of bezwaar tegen de verwerking.<\/li><li>Het recht om een klacht in te dienen bij de toezichthoudende autoriteit (<strong>www.aepd.es<\/strong>) als hij\/zij van mening is dat de verwerking niet in overeenstemming is met de geldende regelgeving.<\/li><\/ul><h3>Contactgegevens om uw rechten uit te oefenen:<\/h3><p><strong>LURRA ITSASOA, SL<\/strong><br \/>Murcia, 51 \u2013 08830 Sant Boi de Llobregat (Barcelona)<br \/>E-mail: <strong><a rel=\"noopener\">rgpd@sagardi.com<\/a><\/strong><\/p><p>\u00a0<\/p><h2>2. VERPLICHT OF VRIJBLIJVEND KARAKTER VAN DE VERSTREKTE INFORMATIE<\/h2><p>Door de juiste vakjes aan te vinken en gegevens in te vullen in de velden gemarkeerd met een sterretje (*) in het contactformulier of in downloadformulieren, accepteert de GEBRUIKER uitdrukkelijk en vrijwillig dat zijn\/haar gegevens nodig zijn voor de dienstverlener om zijn\/haar verzoek te verwerken. Het invullen van de overige velden is optioneel. De GEBRUIKER garandeert dat de verstrekte persoonsgegevens correct zijn en verbindt zich ertoe om eventuele wijzigingen door te geven.<\/p><p>De VERANTWOORDELIJKE informeert dat alle gegevens die via de website worden gevraagd, verplicht zijn, aangezien ze nodig zijn om een optimale service aan de GEBRUIKER te bieden. Indien niet alle gegevens worden verstrekt, kan niet worden gegarandeerd dat de verstrekte informatie en diensten volledig aan de behoeften van de GEBRUIKER voldoen.<\/p><p>\u00a0<\/p><h2>3. VEILIGHEIDSMAATREGELEN<\/h2><p>In overeenstemming met de geldende regelgeving inzake de bescherming van persoonsgegevens, voldoet de VERANTWOORDELIJKE aan alle bepalingen van de <strong>GDPR<\/strong> en de <strong>LOPDGDD<\/strong> voor de verwerking van de persoonsgegevens onder haar verantwoordelijkheid. In het bijzonder voldoet zij aan de principes zoals beschreven in <strong>artikel 5 van de GDPR<\/strong>, waarbij gegevens op een rechtmatige, eerlijke en transparante manier worden verwerkt, en waarbij ze adequaat, relevant en beperkt zijn tot wat noodzakelijk is voor de doeleinden waarvoor ze worden verwerkt.<\/p><p>De VERANTWOORDELIJKE garandeert dat zij passende technische en organisatorische beleidsmaatregelen heeft ge\u00efmplementeerd om de beveiligingsmaatregelen toe te passen die door de <strong>GDPR<\/strong> en de <strong>LOPDGDD<\/strong> worden vereist, om de rechten en vrijheden van de GEBRUIKERS te beschermen. Daarnaast heeft zij de GEBRUIKERS voorzien van de nodige informatie om hun rechten uit te oefenen.<\/p><p>Voor meer informatie over privacygaranties kunt u contact opnemen met de VERANTWOORDELIJKE via:<\/p><p><strong>LURRA ITSASOA, SL<\/strong><br \/>Murcia, 51 \u2013 08830 Sant Boi de Llobregat (Barcelona)<br \/>E-mail: <strong><a rel=\"noopener\">rgpd@sagardi.com<\/a><\/strong><\/p>\t\t\t\t\t\t\t\t<\/div>\n\t\t\t\t<\/div>\n\t\t\t\t\t<\/div>\n\t\t\t\t<\/div>\n\t\t\t\t<\/div>\n\t\t","protected":false},"excerpt":{"rendered":"<p>Privacybeleid 1. INFORMATIE VOOR DE GEBRUIKER Wie is verantwoordelijk voor de verwerking van uw persoonsgegevens? LURRA ITSASOA, SL is de VERANTWOORDELIJKE voor de verwerking van de persoonsgegevens van de GEBRUIKER en informeert dat deze gegevens worden verwerkt in overeenstemming met de bepalingen van Verordening (EU) 2016\/679, van 27 april (GDPR) en Organieke Wet 3\/2018, van [&hellip;]<\/p>\n","protected":false},"author":3,"featured_media":0,"parent":0,"menu_order":0,"comment_status":"closed","ping_status":"closed","template":"elementor_header_footer","meta":{"footnotes":""},"class_list":["post-9919","page","type-page","status-publish","hentry"],"yoast_head":"<!-- This site is optimized with the Yoast SEO plugin v25.6 - https:\/\/yoast.com\/wordpress\/plugins\/seo\/ -->\n<title>Privacybeleid - Sagardi Group<\/title>\n<meta name=\"robots\" content=\"index, follow, max-snippet:-1, max-image-preview:large, max-video-preview:-1\" \/>\n<link rel=\"canonical\" href=\"https:\/\/sagardigroup.com\/nl\/privacybeleid\/\" \/>\n<meta property=\"og:locale\" content=\"nl_NL\" \/>\n<meta property=\"og:type\" content=\"article\" \/>\n<meta property=\"og:title\" content=\"Privacybeleid - Sagardi Group\" \/>\n<meta property=\"og:description\" content=\"Privacybeleid 1. INFORMATIE VOOR DE GEBRUIKER Wie is verantwoordelijk voor de verwerking van uw persoonsgegevens? LURRA ITSASOA, SL is de VERANTWOORDELIJKE voor de verwerking van de persoonsgegevens van de GEBRUIKER en informeert dat deze gegevens worden verwerkt in overeenstemming met de bepalingen van Verordening (EU) 2016\/679, van 27 april (GDPR) en Organieke Wet 3\/2018, van [&hellip;]\" \/>\n<meta property=\"og:url\" content=\"https:\/\/sagardigroup.com\/nl\/privacybeleid\/\" \/>\n<meta property=\"og:site_name\" content=\"Sagardi Group\" \/>\n<meta property=\"article:modified_time\" content=\"2025-01-30T11:00:17+00:00\" \/>\n<meta property=\"og:image\" content=\"https:\/\/sagardigroup.com\/wp-content\/uploads\/2023\/07\/careers.jpg\" \/>\n\t<meta property=\"og:image:width\" content=\"1920\" \/>\n\t<meta property=\"og:image:height\" content=\"1080\" \/>\n\t<meta property=\"og:image:type\" content=\"image\/jpeg\" \/>\n<meta name=\"twitter:card\" content=\"summary_large_image\" \/>\n<meta name=\"twitter:site\" content=\"@gruposagardi\" \/>\n<meta name=\"twitter:label1\" content=\"Geschatte leestijd\" \/>\n\t<meta name=\"twitter:data1\" content=\"4 minuten\" \/>\n<script type=\"application\/ld+json\" class=\"yoast-schema-graph\">{\"@context\":\"https:\/\/schema.org\",\"@graph\":[{\"@type\":\"WebPage\",\"@id\":\"https:\/\/sagardigroup.com\/nl\/privacybeleid\/\",\"url\":\"https:\/\/sagardigroup.com\/nl\/privacybeleid\/\",\"name\":\"Privacybeleid - Sagardi Group\",\"isPartOf\":{\"@id\":\"https:\/\/sagardigroup.com\/es\/#website\"},\"datePublished\":\"2024-11-27T11:15:53+00:00\",\"dateModified\":\"2025-01-30T11:00:17+00:00\",\"breadcrumb\":{\"@id\":\"https:\/\/sagardigroup.com\/nl\/privacybeleid\/#breadcrumb\"},\"inLanguage\":\"nl-NL\",\"potentialAction\":[{\"@type\":\"ReadAction\",\"target\":[\"https:\/\/sagardigroup.com\/nl\/privacybeleid\/\"]}]},{\"@type\":\"BreadcrumbList\",\"@id\":\"https:\/\/sagardigroup.com\/nl\/privacybeleid\/#breadcrumb\",\"itemListElement\":[{\"@type\":\"ListItem\",\"position\":1,\"name\":\"Home\",\"item\":\"https:\/\/sagardigroup.com\/pt-pt\/\"},{\"@type\":\"ListItem\",\"position\":2,\"name\":\"Privacybeleid\"}]},{\"@type\":\"WebSite\",\"@id\":\"https:\/\/sagardigroup.com\/es\/#website\",\"url\":\"https:\/\/sagardigroup.com\/es\/\",\"name\":\"Sagardi Group | 30 a\u00f1os de pasi\u00f3n por la gastronom\u00eda\",\"description\":\"Sagardi Group\",\"publisher\":{\"@id\":\"https:\/\/sagardigroup.com\/es\/#organization\"},\"potentialAction\":[{\"@type\":\"SearchAction\",\"target\":{\"@type\":\"EntryPoint\",\"urlTemplate\":\"https:\/\/sagardigroup.com\/es\/?s={search_term_string}\"},\"query-input\":{\"@type\":\"PropertyValueSpecification\",\"valueRequired\":true,\"valueName\":\"search_term_string\"}}],\"inLanguage\":\"nl-NL\"},{\"@type\":\"Organization\",\"@id\":\"https:\/\/sagardigroup.com\/es\/#organization\",\"name\":\"Sagardi Group\",\"url\":\"https:\/\/sagardigroup.com\/es\/\",\"logo\":{\"@type\":\"ImageObject\",\"inLanguage\":\"nl-NL\",\"@id\":\"https:\/\/sagardigroup.com\/es\/#\/schema\/logo\/image\/\",\"url\":\"https:\/\/sagardigroup.com\/wp-content\/uploads\/2023\/07\/sagardi-bcf.png\",\"contentUrl\":\"https:\/\/sagardigroup.com\/wp-content\/uploads\/2023\/07\/sagardi-bcf.png\",\"width\":250,\"height\":75,\"caption\":\"Sagardi Group\"},\"image\":{\"@id\":\"https:\/\/sagardigroup.com\/es\/#\/schema\/logo\/image\/\"},\"sameAs\":[\"https:\/\/x.com\/gruposagardi\",\"https:\/\/www.instagram.com\/sagardigroup\/?hl=es\",\"https:\/\/www.youtube.com\/@grupsagardi\"]}]}<\/script>\n<!-- \/ Yoast SEO plugin. -->","yoast_head_json":{"title":"Privacybeleid - Sagardi Group","robots":{"index":"index","follow":"follow","max-snippet":"max-snippet:-1","max-image-preview":"max-image-preview:large","max-video-preview":"max-video-preview:-1"},"canonical":"https:\/\/sagardigroup.com\/nl\/privacybeleid\/","og_locale":"nl_NL","og_type":"article","og_title":"Privacybeleid - Sagardi Group","og_description":"Privacybeleid 1. INFORMATIE VOOR DE GEBRUIKER Wie is verantwoordelijk voor de verwerking van uw persoonsgegevens? LURRA ITSASOA, SL is de VERANTWOORDELIJKE voor de verwerking van de persoonsgegevens van de GEBRUIKER en informeert dat deze gegevens worden verwerkt in overeenstemming met de bepalingen van Verordening (EU) 2016\/679, van 27 april (GDPR) en Organieke Wet 3\/2018, van [&hellip;]","og_url":"https:\/\/sagardigroup.com\/nl\/privacybeleid\/","og_site_name":"Sagardi Group","article_modified_time":"2025-01-30T11:00:17+00:00","og_image":[{"width":1920,"height":1080,"url":"https:\/\/sagardigroup.com\/wp-content\/uploads\/2023\/07\/careers.jpg","type":"image\/jpeg"}],"twitter_card":"summary_large_image","twitter_site":"@gruposagardi","twitter_misc":{"Geschatte leestijd":"4 minuten"},"schema":{"@context":"https:\/\/schema.org","@graph":[{"@type":"WebPage","@id":"https:\/\/sagardigroup.com\/nl\/privacybeleid\/","url":"https:\/\/sagardigroup.com\/nl\/privacybeleid\/","name":"Privacybeleid - Sagardi Group","isPartOf":{"@id":"https:\/\/sagardigroup.com\/es\/#website"},"datePublished":"2024-11-27T11:15:53+00:00","dateModified":"2025-01-30T11:00:17+00:00","breadcrumb":{"@id":"https:\/\/sagardigroup.com\/nl\/privacybeleid\/#breadcrumb"},"inLanguage":"nl-NL","potentialAction":[{"@type":"ReadAction","target":["https:\/\/sagardigroup.com\/nl\/privacybeleid\/"]}]},{"@type":"BreadcrumbList","@id":"https:\/\/sagardigroup.com\/nl\/privacybeleid\/#breadcrumb","itemListElement":[{"@type":"ListItem","position":1,"name":"Home","item":"https:\/\/sagardigroup.com\/pt-pt\/"},{"@type":"ListItem","position":2,"name":"Privacybeleid"}]},{"@type":"WebSite","@id":"https:\/\/sagardigroup.com\/es\/#website","url":"https:\/\/sagardigroup.com\/es\/","name":"Sagardi Group | 30 a\u00f1os de pasi\u00f3n por la gastronom\u00eda","description":"Sagardi Group","publisher":{"@id":"https:\/\/sagardigroup.com\/es\/#organization"},"potentialAction":[{"@type":"SearchAction","target":{"@type":"EntryPoint","urlTemplate":"https:\/\/sagardigroup.com\/es\/?s={search_term_string}"},"query-input":{"@type":"PropertyValueSpecification","valueRequired":true,"valueName":"search_term_string"}}],"inLanguage":"nl-NL"},{"@type":"Organization","@id":"https:\/\/sagardigroup.com\/es\/#organization","name":"Sagardi Group","url":"https:\/\/sagardigroup.com\/es\/","logo":{"@type":"ImageObject","inLanguage":"nl-NL","@id":"https:\/\/sagardigroup.com\/es\/#\/schema\/logo\/image\/","url":"https:\/\/sagardigroup.com\/wp-content\/uploads\/2023\/07\/sagardi-bcf.png","contentUrl":"https:\/\/sagardigroup.com\/wp-content\/uploads\/2023\/07\/sagardi-bcf.png","width":250,"height":75,"caption":"Sagardi Group"},"image":{"@id":"https:\/\/sagardigroup.com\/es\/#\/schema\/logo\/image\/"},"sameAs":["https:\/\/x.com\/gruposagardi","https:\/\/www.instagram.com\/sagardigroup\/?hl=es","https:\/\/www.youtube.com\/@grupsagardi"]}]}},"_links":{"self":[{"href":"https:\/\/sagardigroup.com\/nl\/wp-json\/wp\/v2\/pages\/9919","targetHints":{"allow":["GET"]}}],"collection":[{"href":"https:\/\/sagardigroup.com\/nl\/wp-json\/wp\/v2\/pages"}],"about":[{"href":"https:\/\/sagardigroup.com\/nl\/wp-json\/wp\/v2\/types\/page"}],"author":[{"embeddable":true,"href":"https:\/\/sagardigroup.com\/nl\/wp-json\/wp\/v2\/users\/3"}],"replies":[{"embeddable":true,"href":"https:\/\/sagardigroup.com\/nl\/wp-json\/wp\/v2\/comments?post=9919"}],"version-history":[{"count":7,"href":"https:\/\/sagardigroup.com\/nl\/wp-json\/wp\/v2\/pages\/9919\/revisions"}],"predecessor-version":[{"id":12944,"href":"https:\/\/sagardigroup.com\/nl\/wp-json\/wp\/v2\/pages\/9919\/revisions\/12944"}],"wp:attachment":[{"href":"https:\/\/sagardigroup.com\/nl\/wp-json\/wp\/v2\/media?parent=9919"}],"curies":[{"name":"wp","href":"https:\/\/api.w.org\/{rel}","templated":true}]}}