{"id":9956,"date":"2024-12-02T16:51:05","date_gmt":"2024-12-02T16:51:05","guid":{"rendered":"https:\/\/sagardigroup.com\/?page_id=9956"},"modified":"2025-11-11T16:20:27","modified_gmt":"2025-11-11T16:20:27","slug":"geef-ervaringen-cadeau","status":"publish","type":"page","link":"https:\/\/sagardigroup.com\/nl\/geef-ervaringen-cadeau\/","title":{"rendered":"Geef ervaringen cadeau"},"content":{"rendered":"\t\t<div data-elementor-type=\"wp-page\" data-elementor-id=\"9956\" class=\"elementor elementor-9956 elementor-8907\" data-elementor-post-type=\"page\">\n\t\t\t\t<div class=\"elementor-element elementor-element-cedb8d0 e-con-full e-flex e-con e-parent\" data-id=\"cedb8d0\" data-element_type=\"container\" data-settings=\"{&quot;jet_parallax_layout_list&quot;:[]}\">\n\t\t\t\t<div class=\"elementor-element elementor-element-ebfdd4d elementor-invisible elementor-widget elementor-widget-heading\" data-id=\"ebfdd4d\" data-element_type=\"widget\" data-settings=\"{&quot;_animation&quot;:&quot;fadeInUp&quot;,&quot;_animation_delay&quot;:250}\" data-widget_type=\"heading.default\">\n\t\t\t\t<div class=\"elementor-widget-container\">\n\t\t\t\t\t<h2 class=\"elementor-heading-title elementor-size-default\">Geef een unieke culinaire ervaring cadeau<\/h2>\t\t\t\t<\/div>\n\t\t\t\t<\/div>\n\t\t\t\t<div class=\"elementor-element elementor-element-107cf0f elementor-invisible elementor-widget elementor-widget-heading\" data-id=\"107cf0f\" data-element_type=\"widget\" data-settings=\"{&quot;_animation&quot;:&quot;fadeInUp&quot;,&quot;_animation_delay&quot;:500}\" data-widget_type=\"heading.default\">\n\t\t\t\t<div class=\"elementor-widget-container\">\n\t\t\t\t\t<h2 class=\"elementor-heading-title elementor-size-default\"> Kies stad<\/h2>\t\t\t\t<\/div>\n\t\t\t\t<\/div>\n\t\t\t\t<div class=\"elementor-element elementor-element-75182dc elementor-invisible elementor-widget elementor-widget-jet-carousel\" data-id=\"75182dc\" data-element_type=\"widget\" data-settings=\"{&quot;slides_to_show&quot;:&quot;6&quot;,&quot;slides_to_show_tablet&quot;:&quot;4&quot;,&quot;slides_to_show_mobile&quot;:&quot;2&quot;,&quot;_animation&quot;:&quot;fadeInUp&quot;,&quot;_animation_delay&quot;:750,&quot;slides_to_scroll&quot;:&quot;1&quot;}\" data-widget_type=\"jet-carousel.default\">\n\t\t\t\t<div class=\"elementor-widget-container\">\n\t\t\t\t\t<div class=\"elementor-jet-carousel jet-elements\"><div class=\"jet-carousel-wrap\">\n\t<div class=\"jet-carousel\" data-slider_options=\"{&quot;autoplaySpeed&quot;:3000,&quot;autoplay&quot;:true,&quot;infinite&quot;:true,&quot;centerMode&quot;:false,&quot;centerPadding&quot;:&quot;50px&quot;,&quot;pauseOnHover&quot;:false,&quot;speed&quot;:500,&quot;arrows&quot;:true,&quot;dots&quot;:false,&quot;variableWidth&quot;:false,&quot;prevArrow&quot;:&quot;.jet-carousel__prev-arrow-75182dc&quot;,&quot;nextArrow&quot;:&quot;.jet-carousel__next-arrow-75182dc&quot;,&quot;rtl&quot;:false,&quot;fractionNav&quot;:false}\" dir=\"ltr\">\n\t<div class=\"elementor-slick-slider\">\n\n<div class=\"jet-carousel__item\">\n\t<div class=\"jet-carousel__item-inner\"><a href=\"#elementor-action%3Aaction%3Dpopup%3Aopen%26settings%3DeyJpZCI6MTAwNDAsInRvZ2dsZSI6ZmFsc2V9\" class=\"jet-carousel__item-link\" target=\"_blank\" rel=\"nofollow\" ><img decoding=\"async\" src=\"https:\/\/sagardigroup.com\/wp-content\/uploads\/2023\/12\/bcn.png\" class=\"jet-carousel__item-img\" alt=\"bcn\" loading=\"lazy\"><\/a><div class=\"jet-carousel__content\"><h5 class=\"jet-carousel__item-title\">BARCELONA<\/h5><\/div><\/div>\n<\/div>\n\n<div class=\"jet-carousel__item\">\n\t<div class=\"jet-carousel__item-inner\"><a href=\"#elementor-action%3Aaction%3Dpopup%3Aopen%26settings%3DeyJpZCI6MTAwNjgsInRvZ2dsZSI6ZmFsc2V9\" class=\"jet-carousel__item-link\" target=\"_blank\" ><img decoding=\"async\" src=\"https:\/\/sagardigroup.com\/wp-content\/uploads\/2023\/12\/mad.png\" class=\"jet-carousel__item-img\" alt=\"mad\" loading=\"lazy\"><\/a><div class=\"jet-carousel__content\"><h5 class=\"jet-carousel__item-title\">MADRID<\/h5><\/div><\/div>\n<\/div>\n\n<div class=\"jet-carousel__item\">\n\t<div class=\"jet-carousel__item-inner\"><a href=\"#elementor-action%3Aaction%3Dpopup%3Aopen%26settings%3DeyJpZCI6MTAwNzgsInRvZ2dsZSI6ZmFsc2V9\" class=\"jet-carousel__item-link\" target=\"_blank\" ><img decoding=\"async\" src=\"https:\/\/sagardigroup.com\/wp-content\/uploads\/2023\/12\/vlc.png\" class=\"jet-carousel__item-img\" alt=\"vlc\" loading=\"lazy\"><\/a><div class=\"jet-carousel__content\"><h5 class=\"jet-carousel__item-title\">VALENCIA<\/h5><\/div><\/div>\n<\/div>\n\n<div class=\"jet-carousel__item\">\n\t<div class=\"jet-carousel__item-inner\"><a href=\"#elementor-action%3Aaction%3Dpopup%3Aopen%26settings%3DeyJpZCI6MTAwNjksInRvZ2dsZSI6ZmFsc2V9\" class=\"jet-carousel__item-link\" target=\"_blank\" ><img decoding=\"async\" src=\"https:\/\/sagardigroup.com\/wp-content\/uploads\/2023\/12\/ams.png\" class=\"jet-carousel__item-img\" alt=\"ams\" loading=\"lazy\"><\/a><div class=\"jet-carousel__content\"><h5 class=\"jet-carousel__item-title\">AMSTERDAM<\/h5><\/div><\/div>\n<\/div>\n\n<div class=\"jet-carousel__item\">\n\t<div class=\"jet-carousel__item-inner\"><a href=\"#elementor-action%3Aaction%3Dpopup%3Aopen%26settings%3DeyJpZCI6MTAwNzAsInRvZ2dsZSI6ZmFsc2V9\" class=\"jet-carousel__item-link\" ><img decoding=\"async\" src=\"https:\/\/sagardigroup.com\/wp-content\/uploads\/2023\/12\/pt.png\" class=\"jet-carousel__item-img\" alt=\"pt\" loading=\"lazy\"><\/a><div class=\"jet-carousel__content\"><h5 class=\"jet-carousel__item-title\">PORTO<\/h5><\/div><\/div>\n<\/div>\n\n<div class=\"jet-carousel__item\">\n\t<div class=\"jet-carousel__item-inner\"><a href=\"#elementor-action%3Aaction%3Dpopup%3Aopen%26settings%3DeyJpZCI6MTAwNzcsInRvZ2dsZSI6ZmFsc2V9\" class=\"jet-carousel__item-link\" target=\"_blank\" ><img decoding=\"async\" src=\"https:\/\/sagardigroup.com\/wp-content\/uploads\/2023\/12\/ar.png\" class=\"jet-carousel__item-img\" alt=\"ar\" loading=\"lazy\"><\/a><div class=\"jet-carousel__content\"><h5 class=\"jet-carousel__item-title\">BUENOS AIRES<\/h5><\/div><\/div>\n<\/div>\n\n<div class=\"jet-carousel__item\">\n\t<div class=\"jet-carousel__item-inner\"><a href=\"https:\/\/sagardi.co.uk\/regalar.html\" class=\"jet-carousel__item-link\" target=\"_blank\" ><img decoding=\"async\" src=\"https:\/\/sagardigroup.com\/wp-content\/uploads\/2023\/12\/ldn.png\" class=\"jet-carousel__item-img\" alt=\"ldn\" loading=\"lazy\"><\/a><div class=\"jet-carousel__content\"><h5 class=\"jet-carousel__item-title\">LONDEN<\/h5><\/div><\/div>\n<\/div>\n<\/div><div class=\"jet-carousel__prev-arrow-75182dc jet-arrow prev-arrow\"><svg aria-hidden=\"true\" class=\"e-font-icon-svg e-fas-angle-left\" viewBox=\"0 0 256 512\" xmlns=\"http:\/\/www.w3.org\/2000\/svg\"><path d=\"M31.7 239l136-136c9.4-9.4 24.6-9.4 33.9 0l22.6 22.6c9.4 9.4 9.4 24.6 0 33.9L127.9 256l96.4 96.4c9.4 9.4 9.4 24.6 0 33.9L201.7 409c-9.4 9.4-24.6 9.4-33.9 0l-136-136c-9.5-9.4-9.5-24.6-.1-34z\"><\/path><\/svg><\/div><div class=\"jet-carousel__next-arrow-75182dc jet-arrow next-arrow\"><svg aria-hidden=\"true\" class=\"e-font-icon-svg e-fas-angle-right\" viewBox=\"0 0 256 512\" xmlns=\"http:\/\/www.w3.org\/2000\/svg\"><path d=\"M224.3 273l-136 136c-9.4 9.4-24.6 9.4-33.9 0l-22.6-22.6c-9.4-9.4-9.4-24.6 0-33.9l96.4-96.4-96.4-96.4c-9.4-9.4-9.4-24.6 0-33.9L54.3 103c9.4-9.4 24.6-9.4 33.9 0l136 136c9.5 9.4 9.5 24.6.1 34z\"><\/path><\/svg><\/div><\/div>\n<\/div>\n<\/div>\t\t\t\t<\/div>\n\t\t\t\t<\/div>\n\t\t\t\t<\/div>\n\t\t<div class=\"elementor-element elementor-element-9cb20cf e-con-full e-flex e-con e-parent\" data-id=\"9cb20cf\" data-element_type=\"container\" data-settings=\"{&quot;jet_parallax_layout_list&quot;:[]}\">\n\t\t\t\t<div class=\"elementor-element elementor-element-0192d7a elementor-invisible elementor-widget elementor-widget-heading\" data-id=\"0192d7a\" data-element_type=\"widget\" data-settings=\"{&quot;_animation&quot;:&quot;fadeInUp&quot;,&quot;_animation_delay&quot;:500}\" data-widget_type=\"heading.default\">\n\t\t\t\t<div class=\"elementor-widget-container\">\n\t\t\t\t\t<h2 class=\"elementor-heading-title elementor-size-default\">Of kies een restaurant<\/h2>\t\t\t\t<\/div>\n\t\t\t\t<\/div>\n\t\t<div class=\"elementor-element elementor-element-28a81d6 e-con-full e-flex e-con e-child\" data-id=\"28a81d6\" data-element_type=\"container\" data-settings=\"{&quot;jet_parallax_layout_list&quot;:[]}\">\n\t\t<div class=\"elementor-element elementor-element-3c42182 e-grid e-con-full e-con e-child\" data-id=\"3c42182\" data-element_type=\"container\" data-settings=\"{&quot;jet_parallax_layout_list&quot;:[],&quot;background_background&quot;:&quot;classic&quot;}\">\n\t\t<a class=\"elementor-element elementor-element-19adcc1 e-con-full e-flex e-con e-child\" data-id=\"19adcc1\" data-element_type=\"container\" data-settings=\"{&quot;background_background&quot;:&quot;classic&quot;,&quot;jet_parallax_layout_list&quot;:[]}\" href=\"#elementor-action%3Aaction%3Dpopup%3Aopen%26settings%3DeyJpZCI6IjExMjcyIiwidG9nZ2xlIjpmYWxzZX0%3D\" target=\"_blank\">\n\t\t\t\t<\/a>\n\t\t<a class=\"elementor-element elementor-element-15ec8a6 e-con-full e-flex e-con e-child\" data-id=\"15ec8a6\" data-element_type=\"container\" data-settings=\"{&quot;background_background&quot;:&quot;classic&quot;,&quot;jet_parallax_layout_list&quot;:[]}\" href=\"#elementor-action%3Aaction%3Dpopup%3Aopen%26settings%3DeyJpZCI6IjExMjkyIiwidG9nZ2xlIjpmYWxzZX0%3D\" target=\"_blank\">\n\t\t\t\t<\/a>\n\t\t<a class=\"elementor-element elementor-element-afee094 e-con-full e-flex e-con e-child\" data-id=\"afee094\" data-element_type=\"container\" data-settings=\"{&quot;background_background&quot;:&quot;classic&quot;,&quot;jet_parallax_layout_list&quot;:[]}\" href=\"https:\/\/iratitavernabasca.com\/en\/regalar\/\" target=\"_blank\">\n\t\t\t\t<\/a>\n\t\t<a class=\"elementor-element elementor-element-4dfe99e e-con-full e-flex e-con e-child\" data-id=\"4dfe99e\" data-element_type=\"container\" data-settings=\"{&quot;background_background&quot;:&quot;classic&quot;,&quot;jet_parallax_layout_list&quot;:[]}\" href=\"#elementor-action%3Aaction%3Dpopup%3Aopen%26settings%3DeyJpZCI6IjExMzMyIiwidG9nZ2xlIjpmYWxzZX0%3D\" target=\"_blank\">\n\t\t\t\t<\/a>\n\t\t<a class=\"elementor-element elementor-element-ad0bd09 e-con-full e-flex e-con e-child\" data-id=\"ad0bd09\" data-element_type=\"container\" data-settings=\"{&quot;background_background&quot;:&quot;classic&quot;,&quot;jet_parallax_layout_list&quot;:[]}\" href=\"https:\/\/1881persagardi.com\/en\/regalar\/\" target=\"_blank\">\n\t\t\t\t<\/a>\n\t\t<a class=\"elementor-element elementor-element-1cdabdf e-con-full e-flex e-con e-child\" data-id=\"1cdabdf\" data-element_type=\"container\" data-settings=\"{&quot;background_background&quot;:&quot;classic&quot;,&quot;jet_parallax_layout_list&quot;:[]}\" href=\"https:\/\/euskaletxeataberna.com\/en\/regala.html\" target=\"_blank\">\n\t\t\t\t<\/a>\n\t\t<a class=\"elementor-element elementor-element-68fe35b e-con-full e-flex e-con e-child\" data-id=\"68fe35b\" data-element_type=\"container\" data-settings=\"{&quot;background_background&quot;:&quot;classic&quot;,&quot;jet_parallax_layout_list&quot;:[]}\" href=\"https:\/\/golfodebizkaia.com\/en\/regala.html\" target=\"_blank\">\n\t\t\t\t<\/a>\n\t\t<a class=\"elementor-element elementor-element-332c608 e-con-full e-flex e-con e-child\" data-id=\"332c608\" data-element_type=\"container\" data-settings=\"{&quot;background_background&quot;:&quot;classic&quot;,&quot;jet_parallax_layout_list&quot;:[]}\" href=\"#elementor-action%3Aaction%3Dpopup%3Aopen%26settings%3DeyJpZCI6IjExMzExIiwidG9nZ2xlIjpmYWxzZX0%3D\" target=\"_blank\">\n\t\t\t\t<\/a>\n\t\t<a class=\"elementor-element elementor-element-7303905 e-con-full elementor-hidden-desktop elementor-hidden-tablet elementor-hidden-mobile e-flex e-con e-child\" data-id=\"7303905\" data-element_type=\"container\" data-settings=\"{&quot;background_background&quot;:&quot;classic&quot;,&quot;jet_parallax_layout_list&quot;:[]}\" href=\"https:\/\/porkboigpertu.com\/en\/regalar\/\" target=\"_blank\">\n\t\t\t\t<\/a>\n\t\t<a class=\"elementor-element elementor-element-9e116db e-con-full e-flex e-con e-child\" data-id=\"9e116db\" data-element_type=\"container\" data-settings=\"{&quot;background_background&quot;:&quot;classic&quot;,&quot;jet_parallax_layout_list&quot;:[]}\" href=\"https:\/\/bodegavidriosycristales.com\/en\/regalar\/\" target=\"_blank\">\n\t\t\t\t<\/a>\n\t\t<a class=\"elementor-element elementor-element-04cea3d e-con-full e-flex e-con e-child\" data-id=\"04cea3d\" data-element_type=\"container\" data-settings=\"{&quot;background_background&quot;:&quot;classic&quot;,&quot;jet_parallax_layout_list&quot;:[]}\" href=\"https:\/\/ikoyaizakaya.com\/es\/regala.html\" target=\"_blank\">\n\t\t\t\t<\/a>\n\t\t<a class=\"elementor-element elementor-element-fdbf82c e-con-full e-flex e-con e-child\" data-id=\"fdbf82c\" data-element_type=\"container\" data-settings=\"{&quot;background_background&quot;:&quot;classic&quot;,&quot;jet_parallax_layout_list&quot;:[]}\" href=\"https:\/\/sagaspagesosicuiners.com\/en\/regala.html%20\" target=\"_blank\">\n\t\t\t\t<\/a>\n\t\t<a class=\"elementor-element elementor-element-e046223 e-con-full e-flex e-con e-child\" data-id=\"e046223\" data-element_type=\"container\" data-settings=\"{&quot;background_background&quot;:&quot;classic&quot;,&quot;jet_parallax_layout_list&quot;:[]}\" href=\"https:\/\/vinumatgrahams.com\/\" target=\"_blank\">\n\t\t\t\t<\/a>\n\t\t<a class=\"elementor-element elementor-element-0c69707 e-con-full e-flex e-con e-child\" data-id=\"0c69707\" data-element_type=\"container\" data-settings=\"{&quot;background_background&quot;:&quot;classic&quot;,&quot;jet_parallax_layout_list&quot;:[]}\" href=\"https:\/\/restaurantkresala.com\/en\/gift-in-kresala-basque-grill-in-barcelona\/\" target=\"_blank\">\n\t\t\t\t<\/a>\n\t\t\t\t<\/div>\n\t\t\t\t<\/div>\n\t\t\t\t<\/div>\n\t\t\t\t<\/div>\n\t\t","protected":false},"excerpt":{"rendered":"<p>Geef een unieke culinaire ervaring cadeau Kies stad BARCELONA MADRID VALENCIA AMSTERDAM PORTO BUENOS AIRES LONDEN Of kies een restaurant<\/p>\n","protected":false},"author":3,"featured_media":0,"parent":0,"menu_order":0,"comment_status":"closed","ping_status":"closed","template":"elementor_header_footer","meta":{"footnotes":""},"class_list":["post-9956","page","type-page","status-publish","hentry"],"yoast_head":"<!-- This site is optimized with the Yoast SEO plugin v25.6 - https:\/\/yoast.com\/wordpress\/plugins\/seo\/ -->\n<title>Geef ervaringen cadeau - Sagardi Group<\/title>\n<meta name=\"robots\" content=\"index, follow, max-snippet:-1, max-image-preview:large, max-video-preview:-1\" \/>\n<link rel=\"canonical\" href=\"https:\/\/sagardigroup.com\/ca\/regala-sagardi\/\" \/>\n<meta property=\"og:locale\" content=\"nl_NL\" \/>\n<meta property=\"og:type\" content=\"article\" \/>\n<meta property=\"og:title\" content=\"Geef ervaringen cadeau - Sagardi Group\" \/>\n<meta property=\"og:description\" content=\"Geef een unieke culinaire ervaring cadeau Kies stad BARCELONA MADRID VALENCIA AMSTERDAM PORTO BUENOS AIRES LONDEN Of kies een restaurant\" \/>\n<meta property=\"og:url\" content=\"https:\/\/sagardigroup.com\/ca\/regala-sagardi\/\" \/>\n<meta property=\"og:site_name\" content=\"Sagardi Group\" \/>\n<meta property=\"article:modified_time\" content=\"2025-11-11T16:20:27+00:00\" \/>\n<meta property=\"og:image\" content=\"https:\/\/sagardigroup.com\/wp-content\/uploads\/2023\/12\/bcn.png\" \/>\n<meta name=\"twitter:card\" content=\"summary_large_image\" \/>\n<meta name=\"twitter:site\" content=\"@gruposagardi\" \/>\n<meta name=\"twitter:label1\" content=\"Geschatte leestijd\" \/>\n\t<meta name=\"twitter:data1\" content=\"5 minuten\" \/>\n<script type=\"application\/ld+json\" class=\"yoast-schema-graph\">{\"@context\":\"https:\/\/schema.org\",\"@graph\":[{\"@type\":\"WebPage\",\"@id\":\"https:\/\/sagardigroup.com\/ca\/regala-sagardi\/\",\"url\":\"https:\/\/sagardigroup.com\/ca\/regala-sagardi\/\",\"name\":\"Geef ervaringen cadeau - Sagardi Group\",\"isPartOf\":{\"@id\":\"https:\/\/sagardigroup.com\/es\/#website\"},\"primaryImageOfPage\":{\"@id\":\"https:\/\/sagardigroup.com\/ca\/regala-sagardi\/#primaryimage\"},\"image\":{\"@id\":\"https:\/\/sagardigroup.com\/ca\/regala-sagardi\/#primaryimage\"},\"thumbnailUrl\":\"https:\/\/sagardigroup.com\/wp-content\/uploads\/2023\/12\/bcn.png\",\"datePublished\":\"2024-12-02T16:51:05+00:00\",\"dateModified\":\"2025-11-11T16:20:27+00:00\",\"breadcrumb\":{\"@id\":\"https:\/\/sagardigroup.com\/ca\/regala-sagardi\/#breadcrumb\"},\"inLanguage\":\"nl-NL\",\"potentialAction\":[{\"@type\":\"ReadAction\",\"target\":[\"https:\/\/sagardigroup.com\/ca\/regala-sagardi\/\"]}]},{\"@type\":\"ImageObject\",\"inLanguage\":\"nl-NL\",\"@id\":\"https:\/\/sagardigroup.com\/ca\/regala-sagardi\/#primaryimage\",\"url\":\"https:\/\/sagardigroup.com\/wp-content\/uploads\/2023\/12\/bcn.png\",\"contentUrl\":\"https:\/\/sagardigroup.com\/wp-content\/uploads\/2023\/12\/bcn.png\"},{\"@type\":\"BreadcrumbList\",\"@id\":\"https:\/\/sagardigroup.com\/ca\/regala-sagardi\/#breadcrumb\",\"itemListElement\":[{\"@type\":\"ListItem\",\"position\":1,\"name\":\"Home\",\"item\":\"https:\/\/sagardigroup.com\/pt-pt\/\"},{\"@type\":\"ListItem\",\"position\":2,\"name\":\"Geef ervaringen cadeau\"}]},{\"@type\":\"WebSite\",\"@id\":\"https:\/\/sagardigroup.com\/es\/#website\",\"url\":\"https:\/\/sagardigroup.com\/es\/\",\"name\":\"Sagardi Group | 30 a\u00f1os de pasi\u00f3n por la gastronom\u00eda\",\"description\":\"Sagardi Group\",\"publisher\":{\"@id\":\"https:\/\/sagardigroup.com\/es\/#organization\"},\"potentialAction\":[{\"@type\":\"SearchAction\",\"target\":{\"@type\":\"EntryPoint\",\"urlTemplate\":\"https:\/\/sagardigroup.com\/es\/?s={search_term_string}\"},\"query-input\":{\"@type\":\"PropertyValueSpecification\",\"valueRequired\":true,\"valueName\":\"search_term_string\"}}],\"inLanguage\":\"nl-NL\"},{\"@type\":\"Organization\",\"@id\":\"https:\/\/sagardigroup.com\/es\/#organization\",\"name\":\"Sagardi Group\",\"url\":\"https:\/\/sagardigroup.com\/es\/\",\"logo\":{\"@type\":\"ImageObject\",\"inLanguage\":\"nl-NL\",\"@id\":\"https:\/\/sagardigroup.com\/es\/#\/schema\/logo\/image\/\",\"url\":\"https:\/\/sagardigroup.com\/wp-content\/uploads\/2023\/07\/sagardi-bcf.png\",\"contentUrl\":\"https:\/\/sagardigroup.com\/wp-content\/uploads\/2023\/07\/sagardi-bcf.png\",\"width\":250,\"height\":75,\"caption\":\"Sagardi Group\"},\"image\":{\"@id\":\"https:\/\/sagardigroup.com\/es\/#\/schema\/logo\/image\/\"},\"sameAs\":[\"https:\/\/x.com\/gruposagardi\",\"https:\/\/www.instagram.com\/sagardigroup\/?hl=es\",\"https:\/\/www.youtube.com\/@grupsagardi\"]}]}<\/script>\n<!-- \/ Yoast SEO plugin. -->","yoast_head_json":{"title":"Geef ervaringen cadeau - Sagardi Group","robots":{"index":"index","follow":"follow","max-snippet":"max-snippet:-1","max-image-preview":"max-image-preview:large","max-video-preview":"max-video-preview:-1"},"canonical":"https:\/\/sagardigroup.com\/ca\/regala-sagardi\/","og_locale":"nl_NL","og_type":"article","og_title":"Geef ervaringen cadeau - Sagardi Group","og_description":"Geef een unieke culinaire ervaring cadeau Kies stad BARCELONA MADRID VALENCIA AMSTERDAM PORTO BUENOS AIRES LONDEN Of kies een restaurant","og_url":"https:\/\/sagardigroup.com\/ca\/regala-sagardi\/","og_site_name":"Sagardi Group","article_modified_time":"2025-11-11T16:20:27+00:00","og_image":[{"url":"https:\/\/sagardigroup.com\/wp-content\/uploads\/2023\/12\/bcn.png","type":"","width":"","height":""}],"twitter_card":"summary_large_image","twitter_site":"@gruposagardi","twitter_misc":{"Geschatte leestijd":"5 minuten"},"schema":{"@context":"https:\/\/schema.org","@graph":[{"@type":"WebPage","@id":"https:\/\/sagardigroup.com\/ca\/regala-sagardi\/","url":"https:\/\/sagardigroup.com\/ca\/regala-sagardi\/","name":"Geef ervaringen cadeau - Sagardi Group","isPartOf":{"@id":"https:\/\/sagardigroup.com\/es\/#website"},"primaryImageOfPage":{"@id":"https:\/\/sagardigroup.com\/ca\/regala-sagardi\/#primaryimage"},"image":{"@id":"https:\/\/sagardigroup.com\/ca\/regala-sagardi\/#primaryimage"},"thumbnailUrl":"https:\/\/sagardigroup.com\/wp-content\/uploads\/2023\/12\/bcn.png","datePublished":"2024-12-02T16:51:05+00:00","dateModified":"2025-11-11T16:20:27+00:00","breadcrumb":{"@id":"https:\/\/sagardigroup.com\/ca\/regala-sagardi\/#breadcrumb"},"inLanguage":"nl-NL","potentialAction":[{"@type":"ReadAction","target":["https:\/\/sagardigroup.com\/ca\/regala-sagardi\/"]}]},{"@type":"ImageObject","inLanguage":"nl-NL","@id":"https:\/\/sagardigroup.com\/ca\/regala-sagardi\/#primaryimage","url":"https:\/\/sagardigroup.com\/wp-content\/uploads\/2023\/12\/bcn.png","contentUrl":"https:\/\/sagardigroup.com\/wp-content\/uploads\/2023\/12\/bcn.png"},{"@type":"BreadcrumbList","@id":"https:\/\/sagardigroup.com\/ca\/regala-sagardi\/#breadcrumb","itemListElement":[{"@type":"ListItem","position":1,"name":"Home","item":"https:\/\/sagardigroup.com\/pt-pt\/"},{"@type":"ListItem","position":2,"name":"Geef ervaringen cadeau"}]},{"@type":"WebSite","@id":"https:\/\/sagardigroup.com\/es\/#website","url":"https:\/\/sagardigroup.com\/es\/","name":"Sagardi Group | 30 a\u00f1os de pasi\u00f3n por la gastronom\u00eda","description":"Sagardi Group","publisher":{"@id":"https:\/\/sagardigroup.com\/es\/#organization"},"potentialAction":[{"@type":"SearchAction","target":{"@type":"EntryPoint","urlTemplate":"https:\/\/sagardigroup.com\/es\/?s={search_term_string}"},"query-input":{"@type":"PropertyValueSpecification","valueRequired":true,"valueName":"search_term_string"}}],"inLanguage":"nl-NL"},{"@type":"Organization","@id":"https:\/\/sagardigroup.com\/es\/#organization","name":"Sagardi Group","url":"https:\/\/sagardigroup.com\/es\/","logo":{"@type":"ImageObject","inLanguage":"nl-NL","@id":"https:\/\/sagardigroup.com\/es\/#\/schema\/logo\/image\/","url":"https:\/\/sagardigroup.com\/wp-content\/uploads\/2023\/07\/sagardi-bcf.png","contentUrl":"https:\/\/sagardigroup.com\/wp-content\/uploads\/2023\/07\/sagardi-bcf.png","width":250,"height":75,"caption":"Sagardi Group"},"image":{"@id":"https:\/\/sagardigroup.com\/es\/#\/schema\/logo\/image\/"},"sameAs":["https:\/\/x.com\/gruposagardi","https:\/\/www.instagram.com\/sagardigroup\/?hl=es","https:\/\/www.youtube.com\/@grupsagardi"]}]}},"_links":{"self":[{"href":"https:\/\/sagardigroup.com\/nl\/wp-json\/wp\/v2\/pages\/9956","targetHints":{"allow":["GET"]}}],"collection":[{"href":"https:\/\/sagardigroup.com\/nl\/wp-json\/wp\/v2\/pages"}],"about":[{"href":"https:\/\/sagardigroup.com\/nl\/wp-json\/wp\/v2\/types\/page"}],"author":[{"embeddable":true,"href":"https:\/\/sagardigroup.com\/nl\/wp-json\/wp\/v2\/users\/3"}],"replies":[{"embeddable":true,"href":"https:\/\/sagardigroup.com\/nl\/wp-json\/wp\/v2\/comments?post=9956"}],"version-history":[{"count":57,"href":"https:\/\/sagardigroup.com\/nl\/wp-json\/wp\/v2\/pages\/9956\/revisions"}],"predecessor-version":[{"id":13975,"href":"https:\/\/sagardigroup.com\/nl\/wp-json\/wp\/v2\/pages\/9956\/revisions\/13975"}],"wp:attachment":[{"href":"https:\/\/sagardigroup.com\/nl\/wp-json\/wp\/v2\/media?parent=9956"}],"curies":[{"name":"wp","href":"https:\/\/api.w.org\/{rel}","templated":true}]}}