{"id":9967,"date":"2024-12-02T12:44:48","date_gmt":"2024-12-02T12:44:48","guid":{"rendered":"https:\/\/sagardigroup.com\/?page_id=9967"},"modified":"2025-01-23T13:11:50","modified_gmt":"2025-01-23T13:11:50","slug":"sluit-je-aan-bij-het-team-2","status":"publish","type":"page","link":"https:\/\/sagardigroup.com\/nl\/sluit-je-aan-bij-het-team-2\/","title":{"rendered":"Sluit je aan bij het team"},"content":{"rendered":"\t\t<div data-elementor-type=\"wp-page\" data-elementor-id=\"9967\" class=\"elementor elementor-9967 elementor-8802\" data-elementor-post-type=\"page\">\n\t\t\t\t<div class=\"elementor-element elementor-element-98ce9d3 e-con-full e-flex e-con e-parent\" data-id=\"98ce9d3\" data-element_type=\"container\" data-e-type=\"container\" data-settings=\"{&quot;jet_parallax_layout_list&quot;:[],&quot;background_background&quot;:&quot;video&quot;,&quot;background_video_link&quot;:&quot;https:\\\/\\\/www.youtube.com\\\/watch?v=5t4wA6oZ5VU&quot;,&quot;background_play_on_mobile&quot;:&quot;yes&quot;}\">\n\t\t<div class=\"elementor-background-video-container\">\n\t\t\t\t\t\t\t<div class=\"elementor-background-video-embed\" role=\"presentation\"><\/div>\n\t\t\t\t\t\t<\/div><div class=\"elementor-element elementor-element-b5210a1 e-con-full e-flex e-con e-child\" data-id=\"b5210a1\" data-element_type=\"container\" data-e-type=\"container\" data-settings=\"{&quot;jet_parallax_layout_list&quot;:[]}\">\n\t\t<div class=\"elementor-element elementor-element-4e32a85 e-con-full e-flex e-con e-child\" data-id=\"4e32a85\" data-element_type=\"container\" data-e-type=\"container\" data-settings=\"{&quot;jet_parallax_layout_list&quot;:[]}\">\n\t\t\t\t<div class=\"elementor-element elementor-element-ebdab04 elementor-widget elementor-widget-heading\" data-id=\"ebdab04\" data-element_type=\"widget\" data-e-type=\"widget\" data-widget_type=\"heading.default\">\n\t\t\t\t<div class=\"elementor-widget-container\">\n\t\t\t\t\t<h2 class=\"elementor-heading-title elementor-size-default\">Sluit je aan bij het team<\/h2>\t\t\t\t<\/div>\n\t\t\t\t<\/div>\n\t\t\t\t<div class=\"elementor-element elementor-element-3589a12 elementor-widget elementor-widget-text-editor\" data-id=\"3589a12\" data-element_type=\"widget\" data-e-type=\"widget\" data-widget_type=\"text-editor.default\">\n\t\t\t\t<div class=\"elementor-widget-container\">\n\t\t\t\t\t\t\t\t\t<p>Lees meer over carri\u00e8remogelijkheden bij Sagardi. Er zijn veel mogelijkheden om vooruitgang te boeken en je carri\u00e8re bij ons te ontwikkelen, hoe ver je ook wilt gaan &#8211; jij bepaalt de grenzen. We zijn altijd op zoek naar talent in onze restaurants verspreid over 5 landen en 8 steden, dus neem contact op, vertel ons iets over jezelf, je achtergrond en verwachtingen, en kom bij ons werken.<\/p>\t\t\t\t\t\t\t\t<\/div>\n\t\t\t\t<\/div>\n\t\t\t\t<\/div>\n\t\t<div class=\"elementor-element elementor-element-cf1db03 e-con-full e-flex e-con e-child\" data-id=\"cf1db03\" data-element_type=\"container\" data-e-type=\"container\" data-settings=\"{&quot;jet_parallax_layout_list&quot;:[]}\">\n\t\t\t\t<\/div>\n\t\t\t\t<\/div>\n\t\t<div class=\"elementor-element elementor-element-852fa53 e-con-full e-flex e-con e-child\" data-id=\"852fa53\" data-element_type=\"container\" data-e-type=\"container\" data-settings=\"{&quot;jet_parallax_layout_list&quot;:[]}\">\n\t\t<div class=\"elementor-element elementor-element-0608d84 e-con-full e-flex e-con e-child\" data-id=\"0608d84\" data-element_type=\"container\" data-e-type=\"container\" data-settings=\"{&quot;background_background&quot;:&quot;video&quot;,&quot;jet_parallax_layout_list&quot;:[]}\">\n\t\t\t\t<div class=\"elementor-element elementor-element-b076838 elementor-widget elementor-widget-video\" data-id=\"b076838\" data-element_type=\"widget\" data-e-type=\"widget\" data-settings=\"{&quot;youtube_url&quot;:&quot;https:\\\/\\\/youtu.be\\\/EuyR3t5QKK0&quot;,&quot;video_type&quot;:&quot;youtube&quot;,&quot;controls&quot;:&quot;yes&quot;}\" data-widget_type=\"video.default\">\n\t\t\t\t<div class=\"elementor-widget-container\">\n\t\t\t\t\t\t\t<div class=\"elementor-wrapper elementor-open-inline\">\n\t\t\t<div class=\"elementor-video\"><\/div>\t\t<\/div>\n\t\t\t\t\t\t<\/div>\n\t\t\t\t<\/div>\n\t\t\t\t<\/div>\n\t\t<div class=\"elementor-element elementor-element-de5dce2 e-con-full e-flex e-con e-child\" data-id=\"de5dce2\" data-element_type=\"container\" data-e-type=\"container\" data-settings=\"{&quot;jet_parallax_layout_list&quot;:[]}\">\n\t\t\t\t<div class=\"elementor-element elementor-element-23f6c9a elementor-widget elementor-widget-video\" data-id=\"23f6c9a\" data-element_type=\"widget\" data-e-type=\"widget\" data-settings=\"{&quot;youtube_url&quot;:&quot;https:\\\/\\\/youtu.be\\\/Pdl3n8JLJaw&quot;,&quot;video_type&quot;:&quot;youtube&quot;,&quot;controls&quot;:&quot;yes&quot;}\" data-widget_type=\"video.default\">\n\t\t\t\t<div class=\"elementor-widget-container\">\n\t\t\t\t\t\t\t<div class=\"elementor-wrapper elementor-open-inline\">\n\t\t\t<div class=\"elementor-video\"><\/div>\t\t<\/div>\n\t\t\t\t\t\t<\/div>\n\t\t\t\t<\/div>\n\t\t\t\t<\/div>\n\t\t<div class=\"elementor-element elementor-element-466f5ae e-con-full e-flex e-con e-child\" data-id=\"466f5ae\" data-element_type=\"container\" data-e-type=\"container\" data-settings=\"{&quot;jet_parallax_layout_list&quot;:[]}\">\n\t\t\t\t<div class=\"elementor-element elementor-element-9eeb62e elementor-widget elementor-widget-video\" data-id=\"9eeb62e\" data-element_type=\"widget\" data-e-type=\"widget\" data-settings=\"{&quot;youtube_url&quot;:&quot;https:\\\/\\\/youtu.be\\\/G95nGJQDU2A&quot;,&quot;video_type&quot;:&quot;youtube&quot;,&quot;controls&quot;:&quot;yes&quot;}\" data-widget_type=\"video.default\">\n\t\t\t\t<div class=\"elementor-widget-container\">\n\t\t\t\t\t\t\t<div class=\"elementor-wrapper elementor-open-inline\">\n\t\t\t<div class=\"elementor-video\"><\/div>\t\t<\/div>\n\t\t\t\t\t\t<\/div>\n\t\t\t\t<\/div>\n\t\t\t\t<\/div>\n\t\t\t\t<\/div>\n\t\t<div class=\"elementor-element elementor-element-2a6b615 e-con-full e-flex e-con e-child\" data-id=\"2a6b615\" data-element_type=\"container\" data-e-type=\"container\" data-settings=\"{&quot;jet_parallax_layout_list&quot;:[]}\">\n\t\t\t\t<div class=\"elementor-element elementor-element-7d79af9 elementor-widget elementor-widget-heading\" data-id=\"7d79af9\" data-element_type=\"widget\" data-e-type=\"widget\" data-widget_type=\"heading.default\">\n\t\t\t\t<div class=\"elementor-widget-container\">\n\t\t\t\t\t<h2 class=\"elementor-heading-title elementor-size-default\"><a href=\"https:\/\/ofertas.gruposagardi.com\/jobs\" target=\"_blank\">Zie aanbiedingen &gt;<\/a><\/h2>\t\t\t\t<\/div>\n\t\t\t\t<\/div>\n\t\t\t\t<\/div>\n\t\t\t\t<\/div>\n\t\t\t\t<\/div>\n\t\t","protected":false},"excerpt":{"rendered":"<p>Sluit je aan bij het team Lees meer over carri\u00e8remogelijkheden bij Sagardi. Er zijn veel mogelijkheden om vooruitgang te boeken en je carri\u00e8re bij ons te ontwikkelen, hoe ver je ook wilt gaan &#8211; jij bepaalt de grenzen. We zijn altijd op zoek naar talent in onze restaurants verspreid over 5 landen en 8 steden, [&hellip;]<\/p>\n","protected":false},"author":3,"featured_media":0,"parent":0,"menu_order":0,"comment_status":"closed","ping_status":"closed","template":"elementor_header_footer","meta":{"footnotes":""},"class_list":["post-9967","page","type-page","status-publish","hentry"],"yoast_head":"<!-- This site is optimized with the Yoast SEO plugin v27.5 - https:\/\/yoast.com\/product\/yoast-seo-wordpress\/ -->\n<title>Sluit je aan bij het team - Sagardi Group<\/title>\n<meta name=\"robots\" content=\"index, follow, max-snippet:-1, max-image-preview:large, max-video-preview:-1\" \/>\n<link rel=\"canonical\" href=\"https:\/\/sagardigroup.com\/nl\/sluit-je-aan-bij-het-team-2\/\" \/>\n<meta property=\"og:locale\" content=\"nl_NL\" \/>\n<meta property=\"og:type\" content=\"article\" \/>\n<meta property=\"og:title\" content=\"Sluit je aan bij het team - Sagardi Group\" \/>\n<meta property=\"og:description\" content=\"Sluit je aan bij het team Lees meer over carri\u00e8remogelijkheden bij Sagardi. Er zijn veel mogelijkheden om vooruitgang te boeken en je carri\u00e8re bij ons te ontwikkelen, hoe ver je ook wilt gaan &#8211; jij bepaalt de grenzen. We zijn altijd op zoek naar talent in onze restaurants verspreid over 5 landen en 8 steden, [&hellip;]\" \/>\n<meta property=\"og:url\" content=\"https:\/\/sagardigroup.com\/nl\/sluit-je-aan-bij-het-team-2\/\" \/>\n<meta property=\"og:site_name\" content=\"Sagardi Group\" \/>\n<meta property=\"article:modified_time\" content=\"2025-01-23T13:11:50+00:00\" \/>\n<meta property=\"og:image\" content=\"https:\/\/sagardigroup.com\/wp-content\/uploads\/2023\/07\/careers.jpg\" \/>\n\t<meta property=\"og:image:width\" content=\"1920\" \/>\n\t<meta property=\"og:image:height\" content=\"1080\" \/>\n\t<meta property=\"og:image:type\" content=\"image\/jpeg\" \/>\n<meta name=\"twitter:card\" content=\"summary_large_image\" \/>\n<meta name=\"twitter:site\" content=\"@gruposagardi\" \/>\n<script type=\"application\/ld+json\" class=\"yoast-schema-graph\">{\"@context\":\"https:\\\/\\\/schema.org\",\"@graph\":[{\"@type\":\"WebPage\",\"@id\":\"https:\\\/\\\/sagardigroup.com\\\/nl\\\/sluit-je-aan-bij-het-team-2\\\/\",\"url\":\"https:\\\/\\\/sagardigroup.com\\\/nl\\\/sluit-je-aan-bij-het-team-2\\\/\",\"name\":\"Sluit je aan bij het team - Sagardi Group\",\"isPartOf\":{\"@id\":\"https:\\\/\\\/sagardigroup.com\\\/es\\\/#website\"},\"datePublished\":\"2024-12-02T12:44:48+00:00\",\"dateModified\":\"2025-01-23T13:11:50+00:00\",\"breadcrumb\":{\"@id\":\"https:\\\/\\\/sagardigroup.com\\\/nl\\\/sluit-je-aan-bij-het-team-2\\\/#breadcrumb\"},\"inLanguage\":\"nl-NL\",\"potentialAction\":[{\"@type\":\"ReadAction\",\"target\":[\"https:\\\/\\\/sagardigroup.com\\\/nl\\\/sluit-je-aan-bij-het-team-2\\\/\"]}]},{\"@type\":\"BreadcrumbList\",\"@id\":\"https:\\\/\\\/sagardigroup.com\\\/nl\\\/sluit-je-aan-bij-het-team-2\\\/#breadcrumb\",\"itemListElement\":[{\"@type\":\"ListItem\",\"position\":1,\"name\":\"Home\",\"item\":\"https:\\\/\\\/sagardigroup.com\\\/pt-pt\\\/\"},{\"@type\":\"ListItem\",\"position\":2,\"name\":\"Sluit je aan bij het team\"}]},{\"@type\":\"WebSite\",\"@id\":\"https:\\\/\\\/sagardigroup.com\\\/es\\\/#website\",\"url\":\"https:\\\/\\\/sagardigroup.com\\\/es\\\/\",\"name\":\"Sagardi Group | 30 a\u00f1os de pasi\u00f3n por la gastronom\u00eda\",\"description\":\"Sagardi Group\",\"publisher\":{\"@id\":\"https:\\\/\\\/sagardigroup.com\\\/es\\\/#organization\"},\"potentialAction\":[{\"@type\":\"SearchAction\",\"target\":{\"@type\":\"EntryPoint\",\"urlTemplate\":\"https:\\\/\\\/sagardigroup.com\\\/es\\\/?s={search_term_string}\"},\"query-input\":{\"@type\":\"PropertyValueSpecification\",\"valueRequired\":true,\"valueName\":\"search_term_string\"}}],\"inLanguage\":\"nl-NL\"},{\"@type\":\"Organization\",\"@id\":\"https:\\\/\\\/sagardigroup.com\\\/es\\\/#organization\",\"name\":\"Sagardi Group\",\"url\":\"https:\\\/\\\/sagardigroup.com\\\/es\\\/\",\"logo\":{\"@type\":\"ImageObject\",\"inLanguage\":\"nl-NL\",\"@id\":\"https:\\\/\\\/sagardigroup.com\\\/es\\\/#\\\/schema\\\/logo\\\/image\\\/\",\"url\":\"https:\\\/\\\/sagardigroup.com\\\/wp-content\\\/uploads\\\/2023\\\/07\\\/sagardi-bcf.png\",\"contentUrl\":\"https:\\\/\\\/sagardigroup.com\\\/wp-content\\\/uploads\\\/2023\\\/07\\\/sagardi-bcf.png\",\"width\":250,\"height\":75,\"caption\":\"Sagardi Group\"},\"image\":{\"@id\":\"https:\\\/\\\/sagardigroup.com\\\/es\\\/#\\\/schema\\\/logo\\\/image\\\/\"},\"sameAs\":[\"https:\\\/\\\/x.com\\\/gruposagardi\",\"https:\\\/\\\/www.instagram.com\\\/sagardigroup\\\/?hl=es\",\"https:\\\/\\\/www.youtube.com\\\/@grupsagardi\"]}]}<\/script>\n<!-- \/ Yoast SEO plugin. -->","yoast_head_json":{"title":"Sluit je aan bij het team - Sagardi Group","robots":{"index":"index","follow":"follow","max-snippet":"max-snippet:-1","max-image-preview":"max-image-preview:large","max-video-preview":"max-video-preview:-1"},"canonical":"https:\/\/sagardigroup.com\/nl\/sluit-je-aan-bij-het-team-2\/","og_locale":"nl_NL","og_type":"article","og_title":"Sluit je aan bij het team - Sagardi Group","og_description":"Sluit je aan bij het team Lees meer over carri\u00e8remogelijkheden bij Sagardi. Er zijn veel mogelijkheden om vooruitgang te boeken en je carri\u00e8re bij ons te ontwikkelen, hoe ver je ook wilt gaan &#8211; jij bepaalt de grenzen. We zijn altijd op zoek naar talent in onze restaurants verspreid over 5 landen en 8 steden, [&hellip;]","og_url":"https:\/\/sagardigroup.com\/nl\/sluit-je-aan-bij-het-team-2\/","og_site_name":"Sagardi Group","article_modified_time":"2025-01-23T13:11:50+00:00","og_image":[{"width":1920,"height":1080,"url":"https:\/\/sagardigroup.com\/wp-content\/uploads\/2023\/07\/careers.jpg","type":"image\/jpeg"}],"twitter_card":"summary_large_image","twitter_site":"@gruposagardi","schema":{"@context":"https:\/\/schema.org","@graph":[{"@type":"WebPage","@id":"https:\/\/sagardigroup.com\/nl\/sluit-je-aan-bij-het-team-2\/","url":"https:\/\/sagardigroup.com\/nl\/sluit-je-aan-bij-het-team-2\/","name":"Sluit je aan bij het team - Sagardi Group","isPartOf":{"@id":"https:\/\/sagardigroup.com\/es\/#website"},"datePublished":"2024-12-02T12:44:48+00:00","dateModified":"2025-01-23T13:11:50+00:00","breadcrumb":{"@id":"https:\/\/sagardigroup.com\/nl\/sluit-je-aan-bij-het-team-2\/#breadcrumb"},"inLanguage":"nl-NL","potentialAction":[{"@type":"ReadAction","target":["https:\/\/sagardigroup.com\/nl\/sluit-je-aan-bij-het-team-2\/"]}]},{"@type":"BreadcrumbList","@id":"https:\/\/sagardigroup.com\/nl\/sluit-je-aan-bij-het-team-2\/#breadcrumb","itemListElement":[{"@type":"ListItem","position":1,"name":"Home","item":"https:\/\/sagardigroup.com\/pt-pt\/"},{"@type":"ListItem","position":2,"name":"Sluit je aan bij het team"}]},{"@type":"WebSite","@id":"https:\/\/sagardigroup.com\/es\/#website","url":"https:\/\/sagardigroup.com\/es\/","name":"Sagardi Group | 30 a\u00f1os de pasi\u00f3n por la gastronom\u00eda","description":"Sagardi Group","publisher":{"@id":"https:\/\/sagardigroup.com\/es\/#organization"},"potentialAction":[{"@type":"SearchAction","target":{"@type":"EntryPoint","urlTemplate":"https:\/\/sagardigroup.com\/es\/?s={search_term_string}"},"query-input":{"@type":"PropertyValueSpecification","valueRequired":true,"valueName":"search_term_string"}}],"inLanguage":"nl-NL"},{"@type":"Organization","@id":"https:\/\/sagardigroup.com\/es\/#organization","name":"Sagardi Group","url":"https:\/\/sagardigroup.com\/es\/","logo":{"@type":"ImageObject","inLanguage":"nl-NL","@id":"https:\/\/sagardigroup.com\/es\/#\/schema\/logo\/image\/","url":"https:\/\/sagardigroup.com\/wp-content\/uploads\/2023\/07\/sagardi-bcf.png","contentUrl":"https:\/\/sagardigroup.com\/wp-content\/uploads\/2023\/07\/sagardi-bcf.png","width":250,"height":75,"caption":"Sagardi Group"},"image":{"@id":"https:\/\/sagardigroup.com\/es\/#\/schema\/logo\/image\/"},"sameAs":["https:\/\/x.com\/gruposagardi","https:\/\/www.instagram.com\/sagardigroup\/?hl=es","https:\/\/www.youtube.com\/@grupsagardi"]}]}},"_links":{"self":[{"href":"https:\/\/sagardigroup.com\/nl\/wp-json\/wp\/v2\/pages\/9967","targetHints":{"allow":["GET"]}}],"collection":[{"href":"https:\/\/sagardigroup.com\/nl\/wp-json\/wp\/v2\/pages"}],"about":[{"href":"https:\/\/sagardigroup.com\/nl\/wp-json\/wp\/v2\/types\/page"}],"author":[{"embeddable":true,"href":"https:\/\/sagardigroup.com\/nl\/wp-json\/wp\/v2\/users\/3"}],"replies":[{"embeddable":true,"href":"https:\/\/sagardigroup.com\/nl\/wp-json\/wp\/v2\/comments?post=9967"}],"version-history":[{"count":16,"href":"https:\/\/sagardigroup.com\/nl\/wp-json\/wp\/v2\/pages\/9967\/revisions"}],"predecessor-version":[{"id":12457,"href":"https:\/\/sagardigroup.com\/nl\/wp-json\/wp\/v2\/pages\/9967\/revisions\/12457"}],"wp:attachment":[{"href":"https:\/\/sagardigroup.com\/nl\/wp-json\/wp\/v2\/media?parent=9967"}],"curies":[{"name":"wp","href":"https:\/\/api.w.org\/{rel}","templated":true}]}}