{"id":9748,"date":"2024-11-27T09:43:21","date_gmt":"2024-11-27T09:43:21","guid":{"rendered":"https:\/\/sagardigroup.com\/?page_id=9748"},"modified":"2025-01-30T12:06:24","modified_gmt":"2025-01-30T12:06:24","slug":"politica-de-cookies","status":"publish","type":"page","link":"https:\/\/sagardigroup.com\/pt-pt\/politica-de-cookies\/","title":{"rendered":"Pol\u00edtica de Cookies"},"content":{"rendered":"\t\t<div data-elementor-type=\"wp-page\" data-elementor-id=\"9748\" class=\"elementor elementor-9748 elementor-8706\" data-elementor-post-type=\"page\">\n\t\t\t\t<div class=\"elementor-element elementor-element-e2313bf e-flex e-con-boxed e-con e-parent\" data-id=\"e2313bf\" data-element_type=\"container\" data-settings=\"{&quot;jet_parallax_layout_list&quot;:[]}\">\n\t\t\t\t\t<div class=\"e-con-inner\">\n\t\t\t\t<div class=\"elementor-element elementor-element-ac2d810 elementor-widget elementor-widget-heading\" data-id=\"ac2d810\" data-element_type=\"widget\" data-widget_type=\"heading.default\">\n\t\t\t\t<div class=\"elementor-widget-container\">\n\t\t\t\t\t<h1 class=\"elementor-heading-title elementor-size-default\">Pol\u00edtica de Cookies<\/h1>\t\t\t\t<\/div>\n\t\t\t\t<\/div>\n\t\t\t\t<div class=\"elementor-element elementor-element-2b9e5c7 elementor-widget elementor-widget-text-editor\" data-id=\"2b9e5c7\" data-element_type=\"widget\" data-widget_type=\"text-editor.default\">\n\t\t\t\t<div class=\"elementor-widget-container\">\n\t\t\t\t\t\t\t\t\t<h1><strong>INFORMA\u00c7\u00c3O SOBRE COOKIES<\/strong><\/h1><p>De acordo com a <strong>Lei 34\/2002, de 11 de julho<\/strong>, sobre Servi\u00e7os da Sociedade da Informa\u00e7\u00e3o e Com\u00e9rcio Eletr\u00f4nico (<strong>LSSI<\/strong>), em conformidade com o <strong>Regulamento (UE) 2016\/679<\/strong> do Parlamento Europeu e do Conselho, de 27 de abril de 2016, <strong>Regulamento Geral de Prote\u00e7\u00e3o de Dados (GDPR)<\/strong> e a <strong>Lei Org\u00e2nica 3\/2018<\/strong>, de 5 de dezembro, sobre <strong>Prote\u00e7\u00e3o de Dados e Garantia dos Direitos Digitais (LOPDGDD)<\/strong>, \u00e9 obrigat\u00f3rio obter o <strong>consentimento expresso do usu\u00e1rio<\/strong> para todas as p\u00e1ginas web que utilizam cookies n\u00e3o essenciais antes que ele navegue nelas.<\/p><h2>\u00a0<\/h2><h2><strong>O QUE S\u00c3O COOKIES?<\/strong><\/h2><p>Os <strong>cookies<\/strong> e outras tecnologias similares, como <strong>local shared objects, flash cookies ou pixels<\/strong>, s\u00e3o ferramentas utilizadas pelos servidores web para <strong>armazenar e recuperar informa\u00e7\u00f5es<\/strong> sobre os visitantes, al\u00e9m de garantir o funcionamento adequado do site.<\/p><p>O uso desses dispositivos permite que o servidor web <strong>lembre alguns dados do usu\u00e1rio<\/strong>, como prefer\u00eancias de exibi\u00e7\u00e3o, nome de usu\u00e1rio e senha, produtos de interesse, entre outros.<\/p><h2>\u00a0<\/h2><h2><strong>COOKIES REGULAMENTADOS PELA LEGISLA\u00c7\u00c3O E COOKIES ISENTOS<\/strong><\/h2><p>De acordo com a <strong>diretiva da UE<\/strong>, os cookies que <strong>exigem o consentimento informado do usu\u00e1rio<\/strong> s\u00e3o:<\/p><ul><li><strong>Cookies anal\u00edticos<\/strong><\/li><li><strong>Cookies publicit\u00e1rios e de afilia\u00e7\u00e3o<\/strong><\/li><\/ul><p>Ficam <strong>isentos desse consentimento<\/strong> os cookies <strong>t\u00e9cnicos e os necess\u00e1rios<\/strong> para o funcionamento adequado do site ou para a presta\u00e7\u00e3o de servi\u00e7os expressamente solicitados pelo usu\u00e1rio.<\/p><h2>\u00a0<\/h2><h2><strong>TIPOS DE COOKIES<\/strong><\/h2><h3><strong>DE ACORDO COM A FINALIDADE<\/strong><\/h3><ul><li><strong>Cookies t\u00e9cnicos e funcionais<\/strong>: Permitem que o usu\u00e1rio navegue por uma p\u00e1gina web, plataforma ou aplicativo e utilize as diferentes op\u00e7\u00f5es ou servi\u00e7os dispon\u00edveis.<\/li><li><strong>Cookies anal\u00edticos<\/strong>: Permitem o monitoramento e an\u00e1lise do comportamento dos usu\u00e1rios nos sites aos quais est\u00e3o vinculados. As informa\u00e7\u00f5es coletadas s\u00e3o usadas para medir a atividade do site e criar perfis de navega\u00e7\u00e3o, permitindo melhorias com base na an\u00e1lise dos dados de uso.<\/li><li><strong>Cookies publicit\u00e1rios<\/strong>: Permitem a gest\u00e3o mais eficiente dos espa\u00e7os publicit\u00e1rios, com base em crit\u00e9rios como o conte\u00fado editado ou a frequ\u00eancia de exibi\u00e7\u00e3o dos an\u00fancios.<\/li><li><strong>Cookies de publicidade comportamental<\/strong>: Coletam informa\u00e7\u00f5es sobre as prefer\u00eancias e escolhas pessoais do usu\u00e1rio (<strong>retargeting<\/strong>) para gerenciar os espa\u00e7os publicit\u00e1rios de forma mais eficaz.<\/li><li><strong>Cookies sociais<\/strong>: S\u00e3o definidos por plataformas de redes sociais para permitir que os usu\u00e1rios compartilhem conte\u00fado com seus contatos e redes. Essas plataformas podem rastrear a atividade do usu\u00e1rio fora de seus servi\u00e7os, o que pode afetar o conte\u00fado e as mensagens exibidas em outros sites visitados.<\/li><li><strong>Cookies de afilia\u00e7\u00e3o<\/strong>: Permitem rastrear visitas provenientes de outros sites com os quais o site estabeleceu um contrato de afilia\u00e7\u00e3o.<\/li><li><strong>Cookies de seguran\u00e7a<\/strong>: Armazenam informa\u00e7\u00f5es criptografadas para evitar que os dados sejam vulner\u00e1veis a ataques maliciosos de terceiros.<\/li><\/ul><h3>\u00a0<\/h3><h3><strong>DE ACORDO COM A PROPRIEDADE<\/strong><\/h3><ul><li><strong>Cookies pr\u00f3prios<\/strong>: Enviados ao dispositivo do usu\u00e1rio a partir de um dom\u00ednio gerenciado pelo editor do site e a partir do qual o servi\u00e7o solicitado \u00e9 fornecido.<\/li><li><strong>Cookies de terceiros<\/strong>: Enviados ao dispositivo do usu\u00e1rio a partir de um dom\u00ednio gerenciado por uma entidade diferente do editor, que processa os dados coletados por meio dos cookies.<\/li><\/ul><h3>\u00a0<\/h3><h3><strong>DE ACORDO COM O TEMPO DE ARMAZENAMENTO<\/strong><\/h3><ul><li><strong>Cookies de sess\u00e3o<\/strong>: Coletam e armazenam dados enquanto o usu\u00e1rio acessa um site.<\/li><li><strong>Cookies persistentes<\/strong>: Mant\u00eam os dados armazenados no dispositivo e podem ser acessados e processados por um per\u00edodo definido pelo propriet\u00e1rio do cookie (de minutos a v\u00e1rios anos).<\/li><\/ul><h2>\u00a0<\/h2><h2><strong>TRATAMENTO DE DADOS PESSOAIS<\/strong><\/h2><p><strong>LURRA ITSASOA, SL<\/strong> \u00e9 a <strong>Respons\u00e1vel pelo Tratamento<\/strong> dos dados pessoais do <strong>Titular dos Dados<\/strong> e informa que esses dados ser\u00e3o processados de acordo com o <strong>Regulamento (UE) 2016\/679, de 27 de abril de 2016 (GDPR)<\/strong>. Abaixo, detalhamos as informa\u00e7\u00f5es sobre o tratamento dos dados:<\/p><ul><li><strong>Finalidade do tratamento<\/strong>: Conforme especificado na se\u00e7\u00e3o de cookies utilizados neste site.<\/li><li><strong>Base legal para o tratamento<\/strong>: Exceto nos casos em que seja necess\u00e1rio para a navega\u00e7\u00e3o no site, o tratamento ser\u00e1 realizado com <strong>o consentimento do Titular dos Dados (Art. 6.1 GDPR)<\/strong>.<\/li><li><strong>Crit\u00e9rios de reten\u00e7\u00e3o dos dados<\/strong>: Conforme especificado na se\u00e7\u00e3o de cookies utilizados neste site.<\/li><li><strong>Divulga\u00e7\u00e3o de dados<\/strong>: Os dados n\u00e3o ser\u00e3o compartilhados com terceiros, exceto para cookies de propriedade de terceiros ou quando exigido por lei.<\/li><\/ul><h3>\u00a0<\/h3><h3><strong>Direitos do Titular dos Dados<\/strong><\/h3><ul><li>Direito de retirar o consentimento a qualquer momento.<\/li><li>Direito de acesso, retifica\u00e7\u00e3o, portabilidade e exclus\u00e3o dos dados, bem como limita\u00e7\u00e3o ou oposi\u00e7\u00e3o ao seu tratamento.<\/li><li>Direito de apresentar uma reclama\u00e7\u00e3o \u00e0 <strong>Autoridade de Controle<\/strong> (<strong>www.aepd.es<\/strong>) caso considere que o tratamento n\u00e3o est\u00e1 em conformidade com a regulamenta\u00e7\u00e3o vigente.<\/li><\/ul><p><strong>Contato para exercer seus direitos<\/strong>:<\/p><p><strong>LURRA ITSASOA, SL<\/strong><br \/>Murcia, 51 \u2013 08830 Sant Boi de Llobregat (Barcelona)<br \/>E-mail: <strong><a rel=\"noopener\">rgpd@sagardi.com<\/a><\/strong><\/p><h2>\u00a0<\/h2><h2><strong>COOKIES UTILIZADOS NESTE SITE<\/strong><\/h2><p>Os servi\u00e7os de terceiros est\u00e3o fora do controle do editor do site. Os fornecedores podem modificar suas condi\u00e7\u00f5es de servi\u00e7o, finalidade e uso de cookies a qualquer momento.<\/p><p><strong>A partir deste painel, voc\u00ea pode configurar os cookies que o site pode instalar no seu navegador, exceto os cookies t\u00e9cnicos ou funcionais necess\u00e1rios para a navega\u00e7\u00e3o.<\/strong><\/p><h2>\u00a0<\/h2><h2><strong>COMO GERENCIAR COOKIES NO NAVEGADOR<\/strong><\/h2><h3><strong>Excluir cookies do dispositivo<\/strong><\/h3><p>Os cookies j\u00e1 armazenados podem ser exclu\u00eddos limpando o hist\u00f3rico do navegador, o que remove os cookies de todos os sites visitados. Isso pode, no entanto, resultar na perda de alguns dados salvos (por exemplo, login ou prefer\u00eancias de site).<\/p><h3><strong>Gerenciar cookies espec\u00edficos do site<\/strong><\/h3><p>Os usu\u00e1rios podem configurar as op\u00e7\u00f5es de privacidade e cookies no navegador para ter mais controle sobre cookies espec\u00edficos de cada site.<\/p><h3><strong>Bloquear cookies<\/strong><\/h3><p>A maioria dos navegadores pode ser configurada para evitar a instala\u00e7\u00e3o de cookies. No entanto, isso pode exigir ajustes manuais sempre que um site for visitado e pode afetar o funcionamento de alguns servi\u00e7os (por exemplo, logins com perfil de usu\u00e1rio).<\/p><h2>\u00a0<\/h2><h2><strong>COMO EXCLUIR COOKIES NOS NAVEGADORES MAIS COMUNS<\/strong><\/h2><table border=\"1\"><tbody><tr><th>Navegador<\/th><th>Link de Suporte<\/th><\/tr><tr><td>Chrome<\/td><td><a href=\"http:\/\/support.google.com\/chrome\/answer\/95647?hl=es\">Soporte Chrome<\/a><\/td><\/tr><tr><td>Edge<\/td><td><a href=\"https:\/\/support.microsoft.com\/es-es\/microsoft-edge\/eliminar-las-cookies-en-microsoft-edge-63947406-40ac-c3b8-57b9-2a946a29ae09\">Soporte Edge<\/a><\/td><\/tr><tr><td>Explorer<\/td><td><a href=\"https:\/\/support.microsoft.com\/es-es\/help\/278835\/how-to-delete-cookie-files-in-internet-explorer\">Soporte Explorer<\/a><\/td><\/tr><tr><td>Firefox<\/td><td><a href=\"https:\/\/www.mozilla.org\/es-ES\/privacy\/websites\/#cookies\">Soporte Firefox<\/a><\/td><\/tr><tr><td>Safari<\/td><td><a href=\"https:\/\/support.apple.com\/es-es\/guide\/safari\/sfri11471\/mac\">Soporte Safari<\/a><\/td><\/tr><tr><td>Opera<\/td><td><a href=\"https:\/\/help.opera.com\/en\/latest\/security-and-privacy\/#clearBrowsingData\">Soporte Opera<\/a><\/td><\/tr><\/tbody><\/table>\t\t\t\t\t\t\t\t<\/div>\n\t\t\t\t<\/div>\n\t\t\t\t\t<\/div>\n\t\t\t\t<\/div>\n\t\t\t\t<\/div>\n\t\t","protected":false},"excerpt":{"rendered":"<p>Pol\u00edtica de Cookies INFORMA\u00c7\u00c3O SOBRE COOKIES De acordo com a Lei 34\/2002, de 11 de julho, sobre Servi\u00e7os da Sociedade da Informa\u00e7\u00e3o e Com\u00e9rcio Eletr\u00f4nico (LSSI), em conformidade com o Regulamento (UE) 2016\/679 do Parlamento Europeu e do Conselho, de 27 de abril de 2016, Regulamento Geral de Prote\u00e7\u00e3o de Dados (GDPR) e a Lei [&hellip;]<\/p>\n","protected":false},"author":3,"featured_media":0,"parent":0,"menu_order":0,"comment_status":"closed","ping_status":"closed","template":"elementor_header_footer","meta":{"footnotes":""},"class_list":["post-9748","page","type-page","status-publish","hentry"],"yoast_head":"<!-- This site is optimized with the Yoast SEO plugin v25.6 - https:\/\/yoast.com\/wordpress\/plugins\/seo\/ -->\n<title>Pol\u00edtica de Cookies - Sagardi Group<\/title>\n<meta name=\"robots\" content=\"index, follow, max-snippet:-1, max-image-preview:large, max-video-preview:-1\" \/>\n<link rel=\"canonical\" href=\"https:\/\/sagardigroup.com\/pt-pt\/politica-de-cookies\/\" \/>\n<meta property=\"og:locale\" content=\"pt_PT\" \/>\n<meta property=\"og:type\" content=\"article\" \/>\n<meta property=\"og:title\" content=\"Pol\u00edtica de Cookies - Sagardi Group\" \/>\n<meta property=\"og:description\" content=\"Pol\u00edtica de Cookies INFORMA\u00c7\u00c3O SOBRE COOKIES De acordo com a Lei 34\/2002, de 11 de julho, sobre Servi\u00e7os da Sociedade da Informa\u00e7\u00e3o e Com\u00e9rcio Eletr\u00f4nico (LSSI), em conformidade com o Regulamento (UE) 2016\/679 do Parlamento Europeu e do Conselho, de 27 de abril de 2016, Regulamento Geral de Prote\u00e7\u00e3o de Dados (GDPR) e a Lei [&hellip;]\" \/>\n<meta property=\"og:url\" content=\"https:\/\/sagardigroup.com\/pt-pt\/politica-de-cookies\/\" \/>\n<meta property=\"og:site_name\" content=\"Sagardi Group\" \/>\n<meta property=\"article:modified_time\" content=\"2025-01-30T12:06:24+00:00\" \/>\n<meta property=\"og:image\" content=\"https:\/\/sagardigroup.com\/wp-content\/uploads\/2023\/07\/careers.jpg\" \/>\n\t<meta property=\"og:image:width\" content=\"1920\" \/>\n\t<meta property=\"og:image:height\" content=\"1080\" \/>\n\t<meta property=\"og:image:type\" content=\"image\/jpeg\" \/>\n<meta name=\"twitter:card\" content=\"summary_large_image\" \/>\n<meta name=\"twitter:site\" content=\"@gruposagardi\" \/>\n<meta name=\"twitter:label1\" content=\"Tempo estimado de leitura\" \/>\n\t<meta name=\"twitter:data1\" content=\"5 minutos\" \/>\n<script type=\"application\/ld+json\" class=\"yoast-schema-graph\">{\"@context\":\"https:\/\/schema.org\",\"@graph\":[{\"@type\":\"WebPage\",\"@id\":\"https:\/\/sagardigroup.com\/pt-pt\/politica-de-cookies\/\",\"url\":\"https:\/\/sagardigroup.com\/pt-pt\/politica-de-cookies\/\",\"name\":\"Pol\u00edtica de Cookies - Sagardi Group\",\"isPartOf\":{\"@id\":\"https:\/\/sagardigroup.com\/es\/#website\"},\"datePublished\":\"2024-11-27T09:43:21+00:00\",\"dateModified\":\"2025-01-30T12:06:24+00:00\",\"breadcrumb\":{\"@id\":\"https:\/\/sagardigroup.com\/pt-pt\/politica-de-cookies\/#breadcrumb\"},\"inLanguage\":\"pt-PT\",\"potentialAction\":[{\"@type\":\"ReadAction\",\"target\":[\"https:\/\/sagardigroup.com\/pt-pt\/politica-de-cookies\/\"]}]},{\"@type\":\"BreadcrumbList\",\"@id\":\"https:\/\/sagardigroup.com\/pt-pt\/politica-de-cookies\/#breadcrumb\",\"itemListElement\":[{\"@type\":\"ListItem\",\"position\":1,\"name\":\"Home\",\"item\":\"https:\/\/sagardigroup.com\/pt-pt\/\"},{\"@type\":\"ListItem\",\"position\":2,\"name\":\"Pol\u00edtica de Cookies\"}]},{\"@type\":\"WebSite\",\"@id\":\"https:\/\/sagardigroup.com\/es\/#website\",\"url\":\"https:\/\/sagardigroup.com\/es\/\",\"name\":\"Sagardi Group | 30 a\u00f1os de pasi\u00f3n por la gastronom\u00eda\",\"description\":\"Sagardi Group\",\"publisher\":{\"@id\":\"https:\/\/sagardigroup.com\/es\/#organization\"},\"potentialAction\":[{\"@type\":\"SearchAction\",\"target\":{\"@type\":\"EntryPoint\",\"urlTemplate\":\"https:\/\/sagardigroup.com\/es\/?s={search_term_string}\"},\"query-input\":{\"@type\":\"PropertyValueSpecification\",\"valueRequired\":true,\"valueName\":\"search_term_string\"}}],\"inLanguage\":\"pt-PT\"},{\"@type\":\"Organization\",\"@id\":\"https:\/\/sagardigroup.com\/es\/#organization\",\"name\":\"Sagardi Group\",\"url\":\"https:\/\/sagardigroup.com\/es\/\",\"logo\":{\"@type\":\"ImageObject\",\"inLanguage\":\"pt-PT\",\"@id\":\"https:\/\/sagardigroup.com\/es\/#\/schema\/logo\/image\/\",\"url\":\"https:\/\/sagardigroup.com\/wp-content\/uploads\/2023\/07\/sagardi-bcf.png\",\"contentUrl\":\"https:\/\/sagardigroup.com\/wp-content\/uploads\/2023\/07\/sagardi-bcf.png\",\"width\":250,\"height\":75,\"caption\":\"Sagardi Group\"},\"image\":{\"@id\":\"https:\/\/sagardigroup.com\/es\/#\/schema\/logo\/image\/\"},\"sameAs\":[\"https:\/\/x.com\/gruposagardi\",\"https:\/\/www.instagram.com\/sagardigroup\/?hl=es\",\"https:\/\/www.youtube.com\/@grupsagardi\"]}]}<\/script>\n<!-- \/ Yoast SEO plugin. -->","yoast_head_json":{"title":"Pol\u00edtica de Cookies - Sagardi Group","robots":{"index":"index","follow":"follow","max-snippet":"max-snippet:-1","max-image-preview":"max-image-preview:large","max-video-preview":"max-video-preview:-1"},"canonical":"https:\/\/sagardigroup.com\/pt-pt\/politica-de-cookies\/","og_locale":"pt_PT","og_type":"article","og_title":"Pol\u00edtica de Cookies - Sagardi Group","og_description":"Pol\u00edtica de Cookies INFORMA\u00c7\u00c3O SOBRE COOKIES De acordo com a Lei 34\/2002, de 11 de julho, sobre Servi\u00e7os da Sociedade da Informa\u00e7\u00e3o e Com\u00e9rcio Eletr\u00f4nico (LSSI), em conformidade com o Regulamento (UE) 2016\/679 do Parlamento Europeu e do Conselho, de 27 de abril de 2016, Regulamento Geral de Prote\u00e7\u00e3o de Dados (GDPR) e a Lei [&hellip;]","og_url":"https:\/\/sagardigroup.com\/pt-pt\/politica-de-cookies\/","og_site_name":"Sagardi Group","article_modified_time":"2025-01-30T12:06:24+00:00","og_image":[{"width":1920,"height":1080,"url":"https:\/\/sagardigroup.com\/wp-content\/uploads\/2023\/07\/careers.jpg","type":"image\/jpeg"}],"twitter_card":"summary_large_image","twitter_site":"@gruposagardi","twitter_misc":{"Tempo estimado de leitura":"5 minutos"},"schema":{"@context":"https:\/\/schema.org","@graph":[{"@type":"WebPage","@id":"https:\/\/sagardigroup.com\/pt-pt\/politica-de-cookies\/","url":"https:\/\/sagardigroup.com\/pt-pt\/politica-de-cookies\/","name":"Pol\u00edtica de Cookies - Sagardi Group","isPartOf":{"@id":"https:\/\/sagardigroup.com\/es\/#website"},"datePublished":"2024-11-27T09:43:21+00:00","dateModified":"2025-01-30T12:06:24+00:00","breadcrumb":{"@id":"https:\/\/sagardigroup.com\/pt-pt\/politica-de-cookies\/#breadcrumb"},"inLanguage":"pt-PT","potentialAction":[{"@type":"ReadAction","target":["https:\/\/sagardigroup.com\/pt-pt\/politica-de-cookies\/"]}]},{"@type":"BreadcrumbList","@id":"https:\/\/sagardigroup.com\/pt-pt\/politica-de-cookies\/#breadcrumb","itemListElement":[{"@type":"ListItem","position":1,"name":"Home","item":"https:\/\/sagardigroup.com\/pt-pt\/"},{"@type":"ListItem","position":2,"name":"Pol\u00edtica de Cookies"}]},{"@type":"WebSite","@id":"https:\/\/sagardigroup.com\/es\/#website","url":"https:\/\/sagardigroup.com\/es\/","name":"Sagardi Group | 30 a\u00f1os de pasi\u00f3n por la gastronom\u00eda","description":"Sagardi Group","publisher":{"@id":"https:\/\/sagardigroup.com\/es\/#organization"},"potentialAction":[{"@type":"SearchAction","target":{"@type":"EntryPoint","urlTemplate":"https:\/\/sagardigroup.com\/es\/?s={search_term_string}"},"query-input":{"@type":"PropertyValueSpecification","valueRequired":true,"valueName":"search_term_string"}}],"inLanguage":"pt-PT"},{"@type":"Organization","@id":"https:\/\/sagardigroup.com\/es\/#organization","name":"Sagardi Group","url":"https:\/\/sagardigroup.com\/es\/","logo":{"@type":"ImageObject","inLanguage":"pt-PT","@id":"https:\/\/sagardigroup.com\/es\/#\/schema\/logo\/image\/","url":"https:\/\/sagardigroup.com\/wp-content\/uploads\/2023\/07\/sagardi-bcf.png","contentUrl":"https:\/\/sagardigroup.com\/wp-content\/uploads\/2023\/07\/sagardi-bcf.png","width":250,"height":75,"caption":"Sagardi Group"},"image":{"@id":"https:\/\/sagardigroup.com\/es\/#\/schema\/logo\/image\/"},"sameAs":["https:\/\/x.com\/gruposagardi","https:\/\/www.instagram.com\/sagardigroup\/?hl=es","https:\/\/www.youtube.com\/@grupsagardi"]}]}},"_links":{"self":[{"href":"https:\/\/sagardigroup.com\/pt-pt\/wp-json\/wp\/v2\/pages\/9748","targetHints":{"allow":["GET"]}}],"collection":[{"href":"https:\/\/sagardigroup.com\/pt-pt\/wp-json\/wp\/v2\/pages"}],"about":[{"href":"https:\/\/sagardigroup.com\/pt-pt\/wp-json\/wp\/v2\/types\/page"}],"author":[{"embeddable":true,"href":"https:\/\/sagardigroup.com\/pt-pt\/wp-json\/wp\/v2\/users\/3"}],"replies":[{"embeddable":true,"href":"https:\/\/sagardigroup.com\/pt-pt\/wp-json\/wp\/v2\/comments?post=9748"}],"version-history":[{"count":13,"href":"https:\/\/sagardigroup.com\/pt-pt\/wp-json\/wp\/v2\/pages\/9748\/revisions"}],"predecessor-version":[{"id":12985,"href":"https:\/\/sagardigroup.com\/pt-pt\/wp-json\/wp\/v2\/pages\/9748\/revisions\/12985"}],"wp:attachment":[{"href":"https:\/\/sagardigroup.com\/pt-pt\/wp-json\/wp\/v2\/media?parent=9748"}],"curies":[{"name":"wp","href":"https:\/\/api.w.org\/{rel}","templated":true}]}}