{"id":9749,"date":"2024-11-27T11:15:53","date_gmt":"2024-11-27T11:15:53","guid":{"rendered":"https:\/\/sagardigroup.com\/?page_id=9749"},"modified":"2025-01-30T10:35:32","modified_gmt":"2025-01-30T10:35:32","slug":"politica-de-privacidade","status":"publish","type":"page","link":"https:\/\/sagardigroup.com\/pt-pt\/politica-de-privacidade\/","title":{"rendered":"Pol\u00edtica de Privacidade"},"content":{"rendered":"\t\t<div data-elementor-type=\"wp-page\" data-elementor-id=\"9749\" class=\"elementor elementor-9749 elementor-8718\" data-elementor-post-type=\"page\">\n\t\t\t\t<div class=\"elementor-element elementor-element-e2313bf e-flex e-con-boxed e-con e-parent\" data-id=\"e2313bf\" data-element_type=\"container\" data-settings=\"{&quot;jet_parallax_layout_list&quot;:[]}\">\n\t\t\t\t\t<div class=\"e-con-inner\">\n\t\t\t\t<div class=\"elementor-element elementor-element-ac2d810 elementor-widget elementor-widget-heading\" data-id=\"ac2d810\" data-element_type=\"widget\" data-widget_type=\"heading.default\">\n\t\t\t\t<div class=\"elementor-widget-container\">\n\t\t\t\t\t<h1 class=\"elementor-heading-title elementor-size-default\">Pol\u00edtica de Privacidade<\/h1>\t\t\t\t<\/div>\n\t\t\t\t<\/div>\n\t\t\t\t<div class=\"elementor-element elementor-element-2b9e5c7 elementor-widget elementor-widget-text-editor\" data-id=\"2b9e5c7\" data-element_type=\"widget\" data-widget_type=\"text-editor.default\">\n\t\t\t\t<div class=\"elementor-widget-container\">\n\t\t\t\t\t\t\t\t\t<h2>1. INFORMA\u00c7\u00c3O PARA O USU\u00c1RIO<\/h2><h3>Quem \u00e9 o respons\u00e1vel pelo tratamento dos seus dados pessoais?<\/h3><p>A <strong>LURRA ITSASOA, SL<\/strong> \u00e9 a RESPONS\u00c1VEL pelo tratamento dos dados pessoais do USU\u00c1RIO e informa que esses dados ser\u00e3o tratados de acordo com o disposto no <strong>Regulamento (UE) 2016\/679<\/strong>, de 27 de abril (<strong>GDPR<\/strong>) e na <strong>Lei Org\u00e2nica 3\/2018<\/strong>, de 5 de dezembro (<strong>LOPDGDD<\/strong>).<\/p><h3>Para que utilizamos os seus dados pessoais?<\/h3><p>Para manter uma rela\u00e7\u00e3o comercial com o usu\u00e1rio. As opera\u00e7\u00f5es previstas para o tratamento incluem:<\/p><ul><li>Envio de comunica\u00e7\u00f5es comerciais e promocionais por e-mail, fax, SMS, MMS, redes sociais ou qualquer outro meio eletr\u00f4nico ou f\u00edsico, presente ou futuro, que permita comunica\u00e7\u00f5es comerciais. Estas comunica\u00e7\u00f5es ser\u00e3o realizadas pela RESPONS\u00c1VEL e estar\u00e3o relacionadas com os seus produtos e servi\u00e7os ou com os de seus parceiros e fornecedores com os quais haja acordos promocionais. Em nenhum caso, terceiros ter\u00e3o acesso aos dados pessoais.<\/li><li>Realiza\u00e7\u00e3o de estudos de mercado e an\u00e1lises estat\u00edsticas.<\/li><li>Processamento de pedidos, solicita\u00e7\u00f5es, resposta a consultas ou qualquer tipo de pedido feito pelo USU\u00c1RIO atrav\u00e9s dos meios de contato dispon\u00edveis no site da RESPONS\u00c1VEL.<\/li><li>Envio do boletim informativo online, com novidades, ofertas e promo\u00e7\u00f5es sobre nossa atividade.<\/li><\/ul><h3>Com que base legal podemos tratar os seus dados pessoais?<\/h3><p>O tratamento \u00e9 legitimado pelo <strong>artigo 6 do GDPR<\/strong> da seguinte forma:<\/p><ul><li>Com o <strong>consentimento do USU\u00c1RIO<\/strong>: envio de comunica\u00e7\u00f5es comerciais e do boletim informativo.<\/li><li>Com o <strong>interesse leg\u00edtimo da RESPONS\u00c1VEL<\/strong>: realiza\u00e7\u00e3o de estudos de mercado, an\u00e1lises estat\u00edsticas e processamento de pedidos e solicita\u00e7\u00f5es feitas pelo USU\u00c1RIO.<\/li><\/ul><h3>Por quanto tempo guardaremos os seus dados pessoais?<\/h3><p>Os dados ser\u00e3o armazenados apenas pelo tempo necess\u00e1rio para cumprir a finalidade para a qual foram coletados ou conforme exigido por obriga\u00e7\u00f5es legais. Quando n\u00e3o forem mais necess\u00e1rios, ser\u00e3o eliminados com medidas de seguran\u00e7a adequadas para garantir a anonimiza\u00e7\u00e3o ou a destrui\u00e7\u00e3o completa dos dados.<\/p><h3>Com quem compartilhamos os seus dados pessoais?<\/h3><p>Os seus dados poder\u00e3o ser compartilhados com outras empresas do <strong>Grupo Sagardi<\/strong> e com terceiros caso seja necess\u00e1rio para o desenvolvimento e execu\u00e7\u00e3o das finalidades do tratamento. Tamb\u00e9m poder\u00e3o ser compartilhados com nossos fornecedores de servi\u00e7os relacionados a comunica\u00e7\u00f5es, com os quais a RESPONS\u00c1VEL assinou acordos de confidencialidade e contratos de processamento de dados exigidos pela regulamenta\u00e7\u00e3o vigente de privacidade.<\/p><h3>Quais s\u00e3o os seus direitos?<\/h3><p>O USU\u00c1RIO tem os seguintes direitos:<\/p><ul><li>Direito de retirar o consentimento a qualquer momento.<\/li><li>Direito de acesso, retifica\u00e7\u00e3o, portabilidade e elimina\u00e7\u00e3o dos seus dados, bem como o direito de limitar ou se opor ao seu tratamento.<\/li><li>Direito de apresentar uma reclama\u00e7\u00e3o \u00e0 autoridade de controle (<strong>www.aepd.es<\/strong>) caso considere que o tratamento n\u00e3o est\u00e1 em conformidade com a regulamenta\u00e7\u00e3o vigente.<\/li><\/ul><h3>Dados de contato para exercer os seus direitos:<\/h3><p><strong>LURRA ITSASOA, SL<\/strong><br \/>Murcia, 51 \u2013 08830 Sant Boi de Llobregat (Barcelona)<br \/>E-mail: <strong><a rel=\"noopener\">rgpd@sagardi.com<\/a><\/strong><\/p><h2>\u00a0<\/h2><h2>2. CAR\u00c1TER OBRIGAT\u00d3RIO OU OPCIONAL DAS INFORMA\u00c7\u00d5ES FORNECIDAS PELO USU\u00c1RIO<\/h2><p>Ao marcar as caixas correspondentes e inserir dados nos campos marcados com um asterisco (*) no formul\u00e1rio de contato ou nos formul\u00e1rios de download, os USU\u00c1RIOS aceitam expressa e livremente que os seus dados s\u00e3o necess\u00e1rios para que o provedor possa atender \u00e0 sua solicita\u00e7\u00e3o. O preenchimento dos demais campos \u00e9 opcional. O USU\u00c1RIO garante que os dados pessoais fornecidos \u00e0 RESPONS\u00c1VEL s\u00e3o ver\u00eddicos e se compromete a comunicar qualquer altera\u00e7\u00e3o.<\/p><p>A RESPONS\u00c1VEL informa que todos os dados solicitados atrav\u00e9s do site s\u00e3o obrigat\u00f3rios, pois s\u00e3o necess\u00e1rios para fornecer um servi\u00e7o adequado ao USU\u00c1RIO. Caso n\u00e3o sejam fornecidos, n\u00e3o podemos garantir que as informa\u00e7\u00f5es e servi\u00e7os atendam totalmente \u00e0s suas necessidades.<\/p><h2>\u00a0<\/h2><h2>3. MEDIDAS DE SEGURAN\u00c7A<\/h2><p>De acordo com as normativas vigentes de prote\u00e7\u00e3o de dados pessoais, a RESPONS\u00c1VEL cumpre com todas as disposi\u00e7\u00f5es do <strong>GDPR<\/strong> e da <strong>LOPDGDD<\/strong> para o tratamento dos dados pessoais sob sua responsabilidade. Em particular, cumpre os princ\u00edpios descritos no <strong>artigo 5 do GDPR<\/strong>, garantindo que os dados sejam tratados de forma l\u00edcita, justa e transparente, al\u00e9m de serem adequados, pertinentes e limitados ao necess\u00e1rio para os fins para os quais s\u00e3o processados.<\/p><p>A RESPONS\u00c1VEL garante que implementou pol\u00edticas t\u00e9cnicas e organizacionais apropriadas para aplicar as medidas de seguran\u00e7a exigidas pelo <strong>GDPR<\/strong> e pela <strong>LOPDGDD<\/strong>, a fim de proteger os direitos e liberdades dos USU\u00c1RIOS. Al\u00e9m disso, disponibilizou informa\u00e7\u00f5es adequadas para que possam exercer esses direitos.<\/p><p>Para mais informa\u00e7\u00f5es sobre as garantias de privacidade, voc\u00ea pode entrar em contato com a RESPONS\u00c1VEL atrav\u00e9s de:<\/p><p><strong>LURRA ITSASOA, SL<\/strong><br \/>Murcia, 51 \u2013 08830 Sant Boi de Llobregat (Barcelona)<br \/>E-mail: <strong><a rel=\"noopener\">rgpd@sagardi.com<\/a><\/strong><\/p>\t\t\t\t\t\t\t\t<\/div>\n\t\t\t\t<\/div>\n\t\t\t\t\t<\/div>\n\t\t\t\t<\/div>\n\t\t\t\t<\/div>\n\t\t","protected":false},"excerpt":{"rendered":"<p>Pol\u00edtica de Privacidade 1. INFORMA\u00c7\u00c3O PARA O USU\u00c1RIO Quem \u00e9 o respons\u00e1vel pelo tratamento dos seus dados pessoais? A LURRA ITSASOA, SL \u00e9 a RESPONS\u00c1VEL pelo tratamento dos dados pessoais do USU\u00c1RIO e informa que esses dados ser\u00e3o tratados de acordo com o disposto no Regulamento (UE) 2016\/679, de 27 de abril (GDPR) e na [&hellip;]<\/p>\n","protected":false},"author":3,"featured_media":0,"parent":0,"menu_order":0,"comment_status":"closed","ping_status":"closed","template":"elementor_header_footer","meta":{"footnotes":""},"class_list":["post-9749","page","type-page","status-publish","hentry"],"yoast_head":"<!-- This site is optimized with the Yoast SEO plugin v25.6 - https:\/\/yoast.com\/wordpress\/plugins\/seo\/ -->\n<title>Pol\u00edtica de Privacidade - Sagardi Group<\/title>\n<meta name=\"robots\" content=\"index, follow, max-snippet:-1, max-image-preview:large, max-video-preview:-1\" \/>\n<link rel=\"canonical\" href=\"https:\/\/sagardigroup.com\/pt-pt\/politica-de-privacidade\/\" \/>\n<meta property=\"og:locale\" content=\"pt_PT\" \/>\n<meta property=\"og:type\" content=\"article\" \/>\n<meta property=\"og:title\" content=\"Pol\u00edtica de Privacidade - Sagardi Group\" \/>\n<meta property=\"og:description\" content=\"Pol\u00edtica de Privacidade 1. INFORMA\u00c7\u00c3O PARA O USU\u00c1RIO Quem \u00e9 o respons\u00e1vel pelo tratamento dos seus dados pessoais? A LURRA ITSASOA, SL \u00e9 a RESPONS\u00c1VEL pelo tratamento dos dados pessoais do USU\u00c1RIO e informa que esses dados ser\u00e3o tratados de acordo com o disposto no Regulamento (UE) 2016\/679, de 27 de abril (GDPR) e na [&hellip;]\" \/>\n<meta property=\"og:url\" content=\"https:\/\/sagardigroup.com\/pt-pt\/politica-de-privacidade\/\" \/>\n<meta property=\"og:site_name\" content=\"Sagardi Group\" \/>\n<meta property=\"article:modified_time\" content=\"2025-01-30T10:35:32+00:00\" \/>\n<meta property=\"og:image\" content=\"https:\/\/sagardigroup.com\/wp-content\/uploads\/2023\/07\/careers.jpg\" \/>\n\t<meta property=\"og:image:width\" content=\"1920\" \/>\n\t<meta property=\"og:image:height\" content=\"1080\" \/>\n\t<meta property=\"og:image:type\" content=\"image\/jpeg\" \/>\n<meta name=\"twitter:card\" content=\"summary_large_image\" \/>\n<meta name=\"twitter:site\" content=\"@gruposagardi\" \/>\n<meta name=\"twitter:label1\" content=\"Tempo estimado de leitura\" \/>\n\t<meta name=\"twitter:data1\" content=\"4 minutos\" \/>\n<script type=\"application\/ld+json\" class=\"yoast-schema-graph\">{\"@context\":\"https:\/\/schema.org\",\"@graph\":[{\"@type\":\"WebPage\",\"@id\":\"https:\/\/sagardigroup.com\/pt-pt\/politica-de-privacidade\/\",\"url\":\"https:\/\/sagardigroup.com\/pt-pt\/politica-de-privacidade\/\",\"name\":\"Pol\u00edtica de Privacidade - Sagardi Group\",\"isPartOf\":{\"@id\":\"https:\/\/sagardigroup.com\/es\/#website\"},\"datePublished\":\"2024-11-27T11:15:53+00:00\",\"dateModified\":\"2025-01-30T10:35:32+00:00\",\"breadcrumb\":{\"@id\":\"https:\/\/sagardigroup.com\/pt-pt\/politica-de-privacidade\/#breadcrumb\"},\"inLanguage\":\"pt-PT\",\"potentialAction\":[{\"@type\":\"ReadAction\",\"target\":[\"https:\/\/sagardigroup.com\/pt-pt\/politica-de-privacidade\/\"]}]},{\"@type\":\"BreadcrumbList\",\"@id\":\"https:\/\/sagardigroup.com\/pt-pt\/politica-de-privacidade\/#breadcrumb\",\"itemListElement\":[{\"@type\":\"ListItem\",\"position\":1,\"name\":\"Home\",\"item\":\"https:\/\/sagardigroup.com\/pt-pt\/\"},{\"@type\":\"ListItem\",\"position\":2,\"name\":\"Pol\u00edtica de Privacidade\"}]},{\"@type\":\"WebSite\",\"@id\":\"https:\/\/sagardigroup.com\/es\/#website\",\"url\":\"https:\/\/sagardigroup.com\/es\/\",\"name\":\"Sagardi Group | 30 a\u00f1os de pasi\u00f3n por la gastronom\u00eda\",\"description\":\"Sagardi Group\",\"publisher\":{\"@id\":\"https:\/\/sagardigroup.com\/es\/#organization\"},\"potentialAction\":[{\"@type\":\"SearchAction\",\"target\":{\"@type\":\"EntryPoint\",\"urlTemplate\":\"https:\/\/sagardigroup.com\/es\/?s={search_term_string}\"},\"query-input\":{\"@type\":\"PropertyValueSpecification\",\"valueRequired\":true,\"valueName\":\"search_term_string\"}}],\"inLanguage\":\"pt-PT\"},{\"@type\":\"Organization\",\"@id\":\"https:\/\/sagardigroup.com\/es\/#organization\",\"name\":\"Sagardi Group\",\"url\":\"https:\/\/sagardigroup.com\/es\/\",\"logo\":{\"@type\":\"ImageObject\",\"inLanguage\":\"pt-PT\",\"@id\":\"https:\/\/sagardigroup.com\/es\/#\/schema\/logo\/image\/\",\"url\":\"https:\/\/sagardigroup.com\/wp-content\/uploads\/2023\/07\/sagardi-bcf.png\",\"contentUrl\":\"https:\/\/sagardigroup.com\/wp-content\/uploads\/2023\/07\/sagardi-bcf.png\",\"width\":250,\"height\":75,\"caption\":\"Sagardi Group\"},\"image\":{\"@id\":\"https:\/\/sagardigroup.com\/es\/#\/schema\/logo\/image\/\"},\"sameAs\":[\"https:\/\/x.com\/gruposagardi\",\"https:\/\/www.instagram.com\/sagardigroup\/?hl=es\",\"https:\/\/www.youtube.com\/@grupsagardi\"]}]}<\/script>\n<!-- \/ Yoast SEO plugin. -->","yoast_head_json":{"title":"Pol\u00edtica de Privacidade - Sagardi Group","robots":{"index":"index","follow":"follow","max-snippet":"max-snippet:-1","max-image-preview":"max-image-preview:large","max-video-preview":"max-video-preview:-1"},"canonical":"https:\/\/sagardigroup.com\/pt-pt\/politica-de-privacidade\/","og_locale":"pt_PT","og_type":"article","og_title":"Pol\u00edtica de Privacidade - Sagardi Group","og_description":"Pol\u00edtica de Privacidade 1. INFORMA\u00c7\u00c3O PARA O USU\u00c1RIO Quem \u00e9 o respons\u00e1vel pelo tratamento dos seus dados pessoais? A LURRA ITSASOA, SL \u00e9 a RESPONS\u00c1VEL pelo tratamento dos dados pessoais do USU\u00c1RIO e informa que esses dados ser\u00e3o tratados de acordo com o disposto no Regulamento (UE) 2016\/679, de 27 de abril (GDPR) e na [&hellip;]","og_url":"https:\/\/sagardigroup.com\/pt-pt\/politica-de-privacidade\/","og_site_name":"Sagardi Group","article_modified_time":"2025-01-30T10:35:32+00:00","og_image":[{"width":1920,"height":1080,"url":"https:\/\/sagardigroup.com\/wp-content\/uploads\/2023\/07\/careers.jpg","type":"image\/jpeg"}],"twitter_card":"summary_large_image","twitter_site":"@gruposagardi","twitter_misc":{"Tempo estimado de leitura":"4 minutos"},"schema":{"@context":"https:\/\/schema.org","@graph":[{"@type":"WebPage","@id":"https:\/\/sagardigroup.com\/pt-pt\/politica-de-privacidade\/","url":"https:\/\/sagardigroup.com\/pt-pt\/politica-de-privacidade\/","name":"Pol\u00edtica de Privacidade - Sagardi Group","isPartOf":{"@id":"https:\/\/sagardigroup.com\/es\/#website"},"datePublished":"2024-11-27T11:15:53+00:00","dateModified":"2025-01-30T10:35:32+00:00","breadcrumb":{"@id":"https:\/\/sagardigroup.com\/pt-pt\/politica-de-privacidade\/#breadcrumb"},"inLanguage":"pt-PT","potentialAction":[{"@type":"ReadAction","target":["https:\/\/sagardigroup.com\/pt-pt\/politica-de-privacidade\/"]}]},{"@type":"BreadcrumbList","@id":"https:\/\/sagardigroup.com\/pt-pt\/politica-de-privacidade\/#breadcrumb","itemListElement":[{"@type":"ListItem","position":1,"name":"Home","item":"https:\/\/sagardigroup.com\/pt-pt\/"},{"@type":"ListItem","position":2,"name":"Pol\u00edtica de Privacidade"}]},{"@type":"WebSite","@id":"https:\/\/sagardigroup.com\/es\/#website","url":"https:\/\/sagardigroup.com\/es\/","name":"Sagardi Group | 30 a\u00f1os de pasi\u00f3n por la gastronom\u00eda","description":"Sagardi Group","publisher":{"@id":"https:\/\/sagardigroup.com\/es\/#organization"},"potentialAction":[{"@type":"SearchAction","target":{"@type":"EntryPoint","urlTemplate":"https:\/\/sagardigroup.com\/es\/?s={search_term_string}"},"query-input":{"@type":"PropertyValueSpecification","valueRequired":true,"valueName":"search_term_string"}}],"inLanguage":"pt-PT"},{"@type":"Organization","@id":"https:\/\/sagardigroup.com\/es\/#organization","name":"Sagardi Group","url":"https:\/\/sagardigroup.com\/es\/","logo":{"@type":"ImageObject","inLanguage":"pt-PT","@id":"https:\/\/sagardigroup.com\/es\/#\/schema\/logo\/image\/","url":"https:\/\/sagardigroup.com\/wp-content\/uploads\/2023\/07\/sagardi-bcf.png","contentUrl":"https:\/\/sagardigroup.com\/wp-content\/uploads\/2023\/07\/sagardi-bcf.png","width":250,"height":75,"caption":"Sagardi Group"},"image":{"@id":"https:\/\/sagardigroup.com\/es\/#\/schema\/logo\/image\/"},"sameAs":["https:\/\/x.com\/gruposagardi","https:\/\/www.instagram.com\/sagardigroup\/?hl=es","https:\/\/www.youtube.com\/@grupsagardi"]}]}},"_links":{"self":[{"href":"https:\/\/sagardigroup.com\/pt-pt\/wp-json\/wp\/v2\/pages\/9749","targetHints":{"allow":["GET"]}}],"collection":[{"href":"https:\/\/sagardigroup.com\/pt-pt\/wp-json\/wp\/v2\/pages"}],"about":[{"href":"https:\/\/sagardigroup.com\/pt-pt\/wp-json\/wp\/v2\/types\/page"}],"author":[{"embeddable":true,"href":"https:\/\/sagardigroup.com\/pt-pt\/wp-json\/wp\/v2\/users\/3"}],"replies":[{"embeddable":true,"href":"https:\/\/sagardigroup.com\/pt-pt\/wp-json\/wp\/v2\/comments?post=9749"}],"version-history":[{"count":10,"href":"https:\/\/sagardigroup.com\/pt-pt\/wp-json\/wp\/v2\/pages\/9749\/revisions"}],"predecessor-version":[{"id":12941,"href":"https:\/\/sagardigroup.com\/pt-pt\/wp-json\/wp\/v2\/pages\/9749\/revisions\/12941"}],"wp:attachment":[{"href":"https:\/\/sagardigroup.com\/pt-pt\/wp-json\/wp\/v2\/media?parent=9749"}],"curies":[{"name":"wp","href":"https:\/\/api.w.org\/{rel}","templated":true}]}}